{"id":655,"date":"2025-05-19T07:15:17","date_gmt":"2025-05-19T06:15:17","guid":{"rendered":"https:\/\/www.arigamix.com\/sl\/?page_id=655"},"modified":"2025-05-19T07:15:17","modified_gmt":"2025-05-19T06:15:17","slug":"zavarovanje-podatkov-v-arigamixu-ob-izpadu-elektricnega-omrezja","status":"publish","type":"page","link":"https:\/\/www.arigamix.com\/sl\/novice\/zavarovanje-podatkov-v-arigamixu-ob-izpadu-elektricnega-omrezja\/","title":{"rendered":"Zavarovanje podatkov v Arigamixu ob izpadu nacionalnega elektri\u010dnega omre\u017eja"},"content":{"rendered":"<p><img loading=\"lazy\" class=\"alignnone wp-image-656 size-large\" src=\"https:\/\/www.arigamix.com\/sl\/wp-content\/uploads\/2025\/05\/Securing-data-in-Arigamix-for-national-grid-collapses-1024x632.png\" alt=\"\" width=\"660\" height=\"407\" srcset=\"https:\/\/www.arigamix.com\/sl\/wp-content\/uploads\/2025\/05\/Securing-data-in-Arigamix-for-national-grid-collapses-1024x632.png 1024w, https:\/\/www.arigamix.com\/sl\/wp-content\/uploads\/2025\/05\/Securing-data-in-Arigamix-for-national-grid-collapses-300x185.png 300w, https:\/\/www.arigamix.com\/sl\/wp-content\/uploads\/2025\/05\/Securing-data-in-Arigamix-for-national-grid-collapses-768x474.png 768w, https:\/\/www.arigamix.com\/sl\/wp-content\/uploads\/2025\/05\/Securing-data-in-Arigamix-for-national-grid-collapses-1536x948.png 1536w, https:\/\/www.arigamix.com\/sl\/wp-content\/uploads\/2025\/05\/Securing-data-in-Arigamix-for-national-grid-collapses-825x510.png 825w, https:\/\/www.arigamix.com\/sl\/wp-content\/uploads\/2025\/05\/Securing-data-in-Arigamix-for-national-grid-collapses.png 1729w\" sizes=\"(max-width: 660px) 100vw, 660px\" \/><\/p>\n<p>&nbsp;<\/p>\n<p><span style=\"font-weight: 400;\">Vstopamo v novo dobo, ko je ve\u010dja verjetnost, da bo pri\u0161lo do izpadov elektri\u010dne energije. Medtem, ko si proizvajalci aplikacij v oblaku prizadevajo ustvariti brezhibno uporabni\u0161ko izku\u0161njo s \u010dim manj podatki na zaslonu, <\/span><b>sta uporabnikom platforme Arigamix na voljo priro\u010dni funkciji \u00bbIzvozi trenutni pogled\u00ab in \u00bbIzvozi vse\u00ab.<\/b><\/p>\n<p><span style=\"font-weight: 400;\">Uporabniki z osnovnim znanjem lahko periodi\u010dno izdelujejo varnostne kopije za shranjevanje podatkov brez povezave, za izpis filtriranih poro\u010dil katere koli vrste, ali za obdr\u017eanje naloge, ki so jo izvajali med nenadnim izpadom elektri\u010dne energije, izvoz potrebnih podatkov in dokon\u010danje naloge v programu, ki ne potrebuje povezave.<\/span><\/p>\n<p><b>Ko se omre\u017eje sesuje, bodo mobilni telefoni in prenosniki \u0161e nekaj \u010dasa delovali.<\/b><span style=\"font-weight: 400;\"> Dovolj \u010dasa, da terenski delavec pokli\u010de stranko, da je \u017ee na poti in da bo delo opravljeno tisti dan. Arigamix ima \u0161tevilne funkcije, ki bodo nekaj \u010dasa pomagale zagotoviti delo brez povezave, za prenos podatkov pa je potrebna le majhna rezerva \u010dasa. Za to je potreben bodisi UPS, bodisi vnaprej\u0161nje opozorilo na mo\u017een izpad elektri\u010dne energije. Ta del\u010dek dela brez povezave lahko resni\u010dno pomaga prihraniti na stotine tiso\u010d evrov.\u00a0<\/span><\/p>\n<p><b>Proizvodno podjetje, ki smo ga pred kratkim obiskali, je ocenilo 400.000 \u20ac izgube v primeru dneva brez elektrike. <\/b><span style=\"font-weight: 400;\">Delavci terenske slu\u017ebe, ki opravljajo ro\u010dno delo, se pogosto zana\u0161ajo na spletne registre podjetij za dostop do telefonske \u0161tevilke stranke zadnji trenutek pred prihodom ali pa med potjo na hitro poi\u0161\u010dejo to\u010den vhod in parkiri\u0161\u010de. <\/span><b>Pri\u010dakuje se, da bodo \u010distilci bazenov, menjalci filtrov, monterji pohi\u0161tva itd. pri\u0161li na lokacijo in opravili svoje delo ter zara\u010dunali svoje storitve, tudi \u010de se omre\u017eje poru\u0161i. <\/b><span style=\"font-weight: 400;\">Naro\u010deni so bili za ta dan. Za dan ali dva brez izvajanja storitev pa podjetje bele\u017ei izpad 10 % mese\u010dnega prihodka. (2 od 20 delovnih dni.) \u0160e vedno bodo pri\u010dakovali, da bodo prejeli pla\u010dilo za ta dan, tudi \u010de je sede\u017e podjetja zaprt na dan brez elektrike.<\/span><\/p>\n<p><b>Tukaj je nekaj uporabnih mo\u017enosti varnostnega kopiranja, ki jih ponuja platforma Arigamix:<\/b><\/p>\n<p><span style=\"font-weight: 400;\">&#8211;<\/span><span style=\"font-weight: 400;\">\u00a0 \u00a0 \u00a0 \u00a0 <\/span><b>Izvoz baz strank z vsemi kontaktnimi in ban\u010dnimi podatki neposredno v Excel datoteko<\/b><\/p>\n<p><span style=\"font-weight: 400;\">&#8211;<\/span><span style=\"font-weight: 400;\">\u00a0 \u00a0 \u00a0 \u00a0 <\/span><b>Izvoz opravil, dodeljenih uporabniku in filtriranih po izbiri (po naro\u010dniku, po oddelku, po kon\u010dnem datumu\u2026)<\/b><\/p>\n<p><span style=\"font-weight: 400;\">&#8211;<\/span><span style=\"font-weight: 400;\">\u00a0 \u00a0 \u00a0 \u00a0 <\/span><b>Izvoz poro\u010dila o opravljenih opravilih, ki jih je treba zara\u010dunati in poslati ra\u010dune<\/b><\/p>\n<p><span style=\"font-weight: 400;\">&#8211;<\/span><span style=\"font-weight: 400;\">\u00a0 \u00a0 \u00a0 \u00a0 <\/span><b>Izpis podrobno filtriranega poro\u010dila in izvoz kon\u010dnega rezultata (npr. zamude pri pla\u010dilih strank)<\/b><\/p>\n<p><span style=\"font-weight: 400;\">&#8211;<\/span><span style=\"font-weight: 400;\">\u00a0 \u00a0 \u00a0 \u00a0 <\/span><b>Izvoz seznama prilo\u017enosti<\/b><\/p>\n<p><span style=\"font-weight: 400;\">&#8211;<\/span><span style=\"font-weight: 400;\">\u00a0 \u00a0 \u00a0 \u00a0 <\/span><b>Izvoz seznama dolo\u010denih dokumentov, ra\u010dunov, pogodb, obrazcev<\/b><\/p>\n<p><strong><span style=\"font-weight: 400;\">&#8211;<\/span><span style=\"font-weight: 400;\">\u00a0 \u00a0 \u00a0 \u00a0 <\/span><b>Izvoz razli\u010dnih mo\u017enosti za prilagojene funkcije podjetja.<\/b><br \/>\n<\/strong><\/p>\n<p>#Arigamix #energetika #re\u0161itve #delovni_procesi #DMS #BPM #ECM #ServiceDesk #napredne_tehnologije #umetna_inteligenca #zanesljivost #u\u010dinkovitost<\/p>\n","protected":false},"excerpt":{"rendered":"<p>&nbsp; Vstopamo v novo dobo, ko je ve\u010dja verjetnost, da bo pri\u0161lo do izpadov elektri\u010dne energije. Medtem, ko si proizvajalci aplikacij v oblaku prizadevajo ustvariti brezhibno uporabni\u0161ko izku\u0161njo s \u010dim manj podatki na zaslonu, sta uporabnikom platforme Arigamix na voljo priro\u010dni funkciji \u00bbIzvozi trenutni pogled\u00ab in \u00bbIzvozi vse\u00ab. Uporabniki z osnovnim znanjem lahko periodi\u010dno izdelujejo &hellip; <a href=\"https:\/\/www.arigamix.com\/sl\/novice\/zavarovanje-podatkov-v-arigamixu-ob-izpadu-elektricnega-omrezja\/\" class=\"more-link\">Continue reading <span class=\"screen-reader-text\">Zavarovanje podatkov v Arigamixu ob izpadu nacionalnega elektri\u010dnega omre\u017eja<\/span><\/a><\/p>\n","protected":false},"author":4,"featured_media":656,"parent":353,"menu_order":0,"comment_status":"closed","ping_status":"closed","template":"new.php","meta":{"inline_featured_image":false},"aioseo_notices":[],"_links":{"self":[{"href":"https:\/\/www.arigamix.com\/sl\/wp-json\/wp\/v2\/pages\/655"}],"collection":[{"href":"https:\/\/www.arigamix.com\/sl\/wp-json\/wp\/v2\/pages"}],"about":[{"href":"https:\/\/www.arigamix.com\/sl\/wp-json\/wp\/v2\/types\/page"}],"author":[{"embeddable":true,"href":"https:\/\/www.arigamix.com\/sl\/wp-json\/wp\/v2\/users\/4"}],"replies":[{"embeddable":true,"href":"https:\/\/www.arigamix.com\/sl\/wp-json\/wp\/v2\/comments?post=655"}],"version-history":[{"count":2,"href":"https:\/\/www.arigamix.com\/sl\/wp-json\/wp\/v2\/pages\/655\/revisions"}],"predecessor-version":[{"id":658,"href":"https:\/\/www.arigamix.com\/sl\/wp-json\/wp\/v2\/pages\/655\/revisions\/658"}],"up":[{"embeddable":true,"href":"https:\/\/www.arigamix.com\/sl\/wp-json\/wp\/v2\/pages\/353"}],"wp:featuredmedia":[{"embeddable":true,"href":"https:\/\/www.arigamix.com\/sl\/wp-json\/wp\/v2\/media\/656"}],"wp:attachment":[{"href":"https:\/\/www.arigamix.com\/sl\/wp-json\/wp\/v2\/media?parent=655"}],"curies":[{"name":"wp","href":"https:\/\/api.w.org\/{rel}","templated":true}]}}