{"id":647,"date":"2025-03-04T10:14:15","date_gmt":"2025-03-04T09:14:15","guid":{"rendered":"https:\/\/www.arigamix.com\/sl\/?page_id=647"},"modified":"2025-03-04T10:14:15","modified_gmt":"2025-03-04T09:14:15","slug":"odprava-cloveskih-napak-v-zdravstvu-in-transportu-z-arigamixom","status":"publish","type":"page","link":"https:\/\/www.arigamix.com\/sl\/novice\/odprava-cloveskih-napak-v-zdravstvu-in-transportu-z-arigamixom\/","title":{"rendered":"Odprava \u010dlove\u0161kih napak v zdravstvu in transportu z Arigamixom"},"content":{"rendered":"<p><img loading=\"lazy\" class=\"alignnone wp-image-648 size-large\" src=\"https:\/\/www.arigamix.com\/sl\/wp-content\/uploads\/2025\/03\/Eliminating_human_mistakes_in_healthcare_and_transport_with_Arigamix-1024x632.png\" alt=\"\" width=\"660\" height=\"407\" \/><\/p>\n<p><strong>Odprava \u010dlove\u0161kih napak v zdravstvu in transportu z Arigamixom<\/p>\n<p><\/strong><span style=\"font-weight: 400;\">Medtem, ko se jadranska regija ukvarja z integracijo tuje delovne sile z doma\u010do delovno silo, predvsem Slovenija na podro\u010dju zdravstva in Hrva\u0161ka v turizmu (prometu), nekatere najve\u010dje svetovne infrastrukturne ali transportne entitete uporabljajo inteligenco, ki z vsemi drugimi prednostmi odpravlja \u010dlove\u0161ke napake. Nekatere od njih uporabljajo platformo, ustvarjeno s strani ekipe, ki je ustvarila Arigamix.\u00a0<\/span><\/p>\n<p><span style=\"font-weight: 400;\">Ob pomanjkanju u\u010dinkovite komunikacije, ustreznega usposabljanja, osebnega ob\u010dutka odgovornosti in navsezadnje ob vse ve\u010dji iz\u010drpanosti obstoje\u010de delovne sile, lahko pride do \u010dlove\u0161ke napake.<\/span><span style=\"font-weight: 400;\"><br \/>\n<\/span><\/p>\n<p><span style=\"font-weight: 400;\">Arigamix dovaja tisto malo podpore v klju\u010dnem trenutku in razbremeni preobremenjeno osebje tako, da razmi\u0161lja namesto njih. Zagotavljanje klju\u010dnih najpomembnej\u0161ih podatkov v trenutku, ko je to najbolj dobrodo\u0161lo. Mnoga podjetja vzpostavijo prilagojene postopke, kjer je v vsakem trenutku jasna odgovornost vseh.\u00a0<\/span><\/p>\n<p><span style=\"font-weight: 400;\">Tudi \u010de je osebje preve\u010d iz\u010drpano, da bi razmi\u0161ljalo o naslednjem koraku (na primer o tem, kako zavarovati vse potrebne elemente pred odhodom plovila), ta naslednji korak se lahko prika\u017ee na njihovih mobilnih napravah z jasnimi navodili ali informacijami, ki jih je treba preveriti prav v trenutku, ko jih potrebujejo. (Na primer EMR pacienta, ki ga nameravajo operirati).\u00a0<\/span><\/p>\n<p><span style=\"font-weight: 400;\">Pametna uporaba modulov Arigamix, kot so spodaj navedeni, odpravlja \u010dlove\u0161ke napake:<\/span><\/p>\n<p><b>Mehanizem poteka dela<\/b><span style=\"font-weight: 400;\">, kjer so nastavljeni procesi in odgovorne osebe, v danem trenutku ve, kdo je za kaj odgovoren, v primeru odsotnosti pa se nastavi namestnik, ki mu sistem posreduje klju\u010dne informacije z dovoljenji za opravljanje potrebne naloge.<\/span><span style=\"font-weight: 400;\"><br \/>\n<\/span><b>Samodejni opomniki, <\/b><span style=\"font-weight: 400;\">ki se prika\u017eejo na kateri koli napravi v klju\u010dnem trenutku, ki vsebuje povezavo za hiter dostop do vseh potrebnih informacij ali vsebuje povezavo za hitro odobritev ali hiter e-podpis.<\/span><span style=\"font-weight: 400;\"><br \/>\n<\/span><b>Razprave\/forumi<\/b><span style=\"font-weight: 400;\"> prilo\u017eene katerikoli kartici ali dokumentu, ki vklju\u010di vse delavce, ki sodelujejo pri projektu, in obvesti tiste, ki se morajo biti z vsebino le seznanjeni.<br \/>\n<\/span><b>Prilo\u017eene datoteke in povezave z navodili<\/b><span style=\"font-weight: 400;\"> kot so video vadnice o tem, kako upravljati z elementi transportnih plovil, ali povezava do datoteke z informacijami o pacientovih EMR (tako da se dva pacienta s podobnimi zdravstvenimi te\u017eavami ne zamenjata).<\/span><span style=\"font-weight: 400;\"><br \/>\n<\/span><b>Revizijska sled <\/b><span style=\"font-weight: 400;\">ki neprekinjeno bele\u017ei vse dostope in dejanja v sistemu Arigamix.<br \/>\n<\/span><strong><b>Funkcijske vloge<\/b><span style=\"font-weight: 400;\"> za zagotavljanje zahtevane ravni dostopa vsakemu uporabniku glede na njegov polo\u017eaj, oddelek, vrsto vsebine, s katero dela, in \u0161tevilne druge parametre.<\/span><span style=\"font-weight: 400;\"><br \/>\n<\/span><b>Baza znanja<\/b><span style=\"font-weight: 400;\"> re\u0161enih ponavljajo\u010dih se te\u017eav, navodila, priro\u010dniki, video vaje, koraki postopkov. <\/span><span style=\"font-weight: 400;\"><br \/>\n<\/span><b>Lokalizacija<\/b><span style=\"font-weight: 400;\"> v manj kot sekundi preklopi sistem na jezik, ki ga uporabnik\/delavec uporablja bolj samozavestno in ga bolje razume.<\/span><br \/>\n<\/strong><\/p>\n<p>#Arigamix #zdravstvo #transport #re\u0161itve #delovni_procesi #DMS #BPM #ECM #ServiceDesk #napredne_tehnologije #umetna_inteligenca #zanesljivost #u\u010dinkovitost<\/p>\n","protected":false},"excerpt":{"rendered":"<p>Odprava \u010dlove\u0161kih napak v zdravstvu in transportu z Arigamixom Medtem, ko se jadranska regija ukvarja z integracijo tuje delovne sile z doma\u010do delovno silo, predvsem Slovenija na podro\u010dju zdravstva in Hrva\u0161ka v turizmu (prometu), nekatere najve\u010dje svetovne infrastrukturne ali transportne entitete uporabljajo inteligenco, ki z vsemi drugimi prednostmi odpravlja \u010dlove\u0161ke napake. Nekatere od njih uporabljajo &hellip; <a href=\"https:\/\/www.arigamix.com\/sl\/novice\/odprava-cloveskih-napak-v-zdravstvu-in-transportu-z-arigamixom\/\" class=\"more-link\">Continue reading <span class=\"screen-reader-text\">Odprava \u010dlove\u0161kih napak v zdravstvu in transportu z Arigamixom<\/span><\/a><\/p>\n","protected":false},"author":4,"featured_media":648,"parent":353,"menu_order":0,"comment_status":"closed","ping_status":"closed","template":"new.php","meta":{"inline_featured_image":false},"aioseo_notices":[],"_links":{"self":[{"href":"https:\/\/www.arigamix.com\/sl\/wp-json\/wp\/v2\/pages\/647"}],"collection":[{"href":"https:\/\/www.arigamix.com\/sl\/wp-json\/wp\/v2\/pages"}],"about":[{"href":"https:\/\/www.arigamix.com\/sl\/wp-json\/wp\/v2\/types\/page"}],"author":[{"embeddable":true,"href":"https:\/\/www.arigamix.com\/sl\/wp-json\/wp\/v2\/users\/4"}],"replies":[{"embeddable":true,"href":"https:\/\/www.arigamix.com\/sl\/wp-json\/wp\/v2\/comments?post=647"}],"version-history":[{"count":2,"href":"https:\/\/www.arigamix.com\/sl\/wp-json\/wp\/v2\/pages\/647\/revisions"}],"predecessor-version":[{"id":650,"href":"https:\/\/www.arigamix.com\/sl\/wp-json\/wp\/v2\/pages\/647\/revisions\/650"}],"up":[{"embeddable":true,"href":"https:\/\/www.arigamix.com\/sl\/wp-json\/wp\/v2\/pages\/353"}],"wp:featuredmedia":[{"embeddable":true,"href":"https:\/\/www.arigamix.com\/sl\/wp-json\/wp\/v2\/media\/648"}],"wp:attachment":[{"href":"https:\/\/www.arigamix.com\/sl\/wp-json\/wp\/v2\/media?parent=647"}],"curies":[{"name":"wp","href":"https:\/\/api.w.org\/{rel}","templated":true}]}}