{"id":640,"date":"2025-02-14T10:07:48","date_gmt":"2025-02-14T09:07:48","guid":{"rendered":"https:\/\/www.arigamix.com\/sl\/?page_id=640"},"modified":"2025-02-14T10:41:59","modified_gmt":"2025-02-14T09:41:59","slug":"februarsko-srecanje-it-kluba-pri-eles","status":"publish","type":"page","link":"https:\/\/www.arigamix.com\/sl\/novice\/februarsko-srecanje-it-kluba-pri-eles\/","title":{"rendered":"Februarsko sre\u010danje IT kluba pri ELES"},"content":{"rendered":"<p><img loading=\"lazy\" class=\"alignnone wp-image-641 size-large\" src=\"https:\/\/www.arigamix.com\/sl\/wp-content\/uploads\/2025\/02\/20250212_151757-002-1024x768.jpg\" alt=\"Arigamix Eles DMS BPM workflows\" width=\"660\" height=\"495\" \/><\/p>\n<p><span style=\"font-weight: 400;\">V sredo, 12. februarja, je sre\u010danje \u010dlanov IT kluba Palsit potekalo pri ELES-u, <\/span><span style=\"font-weight: 400;\">sistemskem operaterju prenosnega in distribucijskega omre\u017eja Republike Slovenije, kjer je bilo zajeto:\u00a0<\/span><\/p>\n<ul>\n<li><span style=\"font-weight: 400;\"> Kratka predstavitev izzivov v EES in energetiki.<\/span><\/li>\n<li><span style=\"font-weight: 400;\"> Predstavitev digitalnih orodij in naprednih tehnologij, ki jih uvajajo.<\/span><\/li>\n<li><span style=\"font-weight: 400;\"> Vloga umetne inteligence in inovativnosti pri re\u0161evanju izzivov v energetiki.<\/span><\/li>\n<li><span style=\"font-weight: 400;\"> Primeri uporabe novih pristopov za ve\u010djo zanesljivost in u\u010dinkovitost energetskih sistemov. <\/span><span style=\"font-weight: 400;\"><br \/>\n<\/span><span style=\"font-weight: 400;\"><br \/>\n<\/span><span style=\"font-weight: 400;\">Na\u0161 gostitelj je bil sijajni g. Gorazd A\u017eman, namestnik direktorja IKT, sledil mu je izku\u0161eni vi\u0161ji podatkovni analitik ga. Roman Toma\u017ei\u010d.<\/span><\/li>\n<\/ul>\n<p><span style=\"font-weight: 400;\">Poleg spodaj navedenih vsebin smo se poglobili v trenutni vpogled in izvedeli najnovej\u0161e informacije o: <\/span><span style=\"font-weight: 400;\"><br \/>\n<\/span><b>The duck curve<\/b><span style=\"font-weight: 400;\"> &#8211; <\/span><span style=\"font-weight: 400;\">graf proizvodnje energije v teku dneva, ki prikazuje \u010dasovno neravnovesje med <\/span><span style=\"font-weight: 400;\">najve\u010djim povpra\u0161evanje<\/span><span style=\"font-weight: 400;\">m in generiranjem son\u010dne energije; <\/span><span style=\"font-weight: 400;\">\u00a0<\/span><span style=\"font-weight: 400;\"><br \/>\n<\/span><b>The Dunkelflaute<\/b><span style=\"font-weight: 400;\"> &#8211; <\/span><span style=\"font-weight: 400;\">\u010dasovno obdobje, v katerem je lahko malo ali ni\u010d energije <\/span><span style=\"font-weight: 400;\">ustvarjeno z <\/span><span style=\"font-weight: 400;\">vet<\/span><span style=\"font-weight: 400;\">rom ali <\/span><span style=\"font-weight: 400;\">son\u010dno energij<\/span><span style=\"font-weight: 400;\">o, ker ni ne vetra ne sonca;<br \/>\n<\/span><b>Faktor isto\u010dasnosti &#8211; <\/b><span style=\"font-weight: 400;\">ko vse elektri\u010dne obremenitve v stavbi ne \u010drpajo svoje najve\u010dje mo\u010di hkrati. Namesto tega obstajajo obdobja, ko so nekateri naprave izklopljene ali neaktivne.<br \/>\n<\/span><b>Integracija RES:<\/b><span style=\"font-weight: 400;\"> vklju\u010ditev o<\/span>bnovljivih virov energije (integracija OVE)<span style=\"font-weight: 400;\">\u2014 kot so son\u010dna, vetrna, vodna energija in biomasa \u2014 v obstoje\u010de energetske sisteme, zlasti v elektri\u010dno omre\u017eje. Cilj je zagotoviti, da se energija iz obnovljivih virov u\u010dinkovito proizvaja, distribuira in uporablja ob ohranjanju stabilnosti in zanesljivosti omre\u017eja. <\/span><span style=\"font-weight: 400;\"><br \/>\n<\/span><span style=\"font-weight: 400;\"><br \/>\n<\/span><span style=\"font-weight: 400;\">O\u010di odpirajo\u010de je bilo spoznanje, koliko upravljanja vegetacije izvaja Eles in kako rastline lahko vplivajo na elektroenergetsko omre\u017eje. Umetna inteligenca, uporabljena v tem segmentu, vklju\u010duje satelitske in dronske posnetke, ki omogo\u010dajo vpogled v potrebe po vzdr\u017eevanju na terenu.<\/span><span style=\"font-weight: 400;\"><br \/>\n<\/span><span style=\"font-weight: 400;\"><br \/>\n<\/span><span style=\"font-weight: 400;\">Velik potencial za izbolj\u0161ave se ka\u017ee v iskanju na\u010dinov za neposredno uporabo son\u010dne energije, na primer polnjenje elektri\u010dnih vozil podnevi, medtem ko sonce sije na to\u010dki, kjer se ve\u010dinoma nahajajo (delovni prostori in trgovine z \u017eivili), za preskok potrebe po shranjevanju zajete energije v baterije.\u00a0<\/span><\/p>\n<p><span style=\"font-weight: 400;\">Po obravnavanju najnovej\u0161ih informacij so bili \u010dlani povabljeni v <\/span><a href=\"https:\/\/dac.eles.si\/\"><span style=\"font-weight: 400;\">diagnosti\u010dni in analiti\u010dni center<\/span><\/a><span style=\"font-weight: 400;\"> kjer je g. Roman Toma\u017ei\u010d predstavil sisteme in delo njihove ekipe.<\/span><\/p>\n<p>#Arigamix #Eles #energetski_sektor #re\u0161itve #delovni_procesi #Palsit #DMS #BPM #ECM #ServiceDesk #digitalna_orodja #napredne_tehnologije #umetna_inteligenca #zanesljivost #u\u010dinkovitost<\/p>\n","protected":false},"excerpt":{"rendered":"<p>V sredo, 12. februarja, je sre\u010danje \u010dlanov IT kluba Palsit potekalo pri ELES-u, sistemskem operaterju prenosnega in distribucijskega omre\u017eja Republike Slovenije, kjer je bilo zajeto:\u00a0 Kratka predstavitev izzivov v EES in energetiki. Predstavitev digitalnih orodij in naprednih tehnologij, ki jih uvajajo. Vloga umetne inteligence in inovativnosti pri re\u0161evanju izzivov v energetiki. Primeri uporabe novih pristopov &hellip; <a href=\"https:\/\/www.arigamix.com\/sl\/novice\/februarsko-srecanje-it-kluba-pri-eles\/\" class=\"more-link\">Continue reading <span class=\"screen-reader-text\">Februarsko sre\u010danje IT kluba pri ELES<\/span><\/a><\/p>\n","protected":false},"author":4,"featured_media":641,"parent":353,"menu_order":0,"comment_status":"closed","ping_status":"closed","template":"new.php","meta":{"inline_featured_image":false},"aioseo_notices":[],"_links":{"self":[{"href":"https:\/\/www.arigamix.com\/sl\/wp-json\/wp\/v2\/pages\/640"}],"collection":[{"href":"https:\/\/www.arigamix.com\/sl\/wp-json\/wp\/v2\/pages"}],"about":[{"href":"https:\/\/www.arigamix.com\/sl\/wp-json\/wp\/v2\/types\/page"}],"author":[{"embeddable":true,"href":"https:\/\/www.arigamix.com\/sl\/wp-json\/wp\/v2\/users\/4"}],"replies":[{"embeddable":true,"href":"https:\/\/www.arigamix.com\/sl\/wp-json\/wp\/v2\/comments?post=640"}],"version-history":[{"count":4,"href":"https:\/\/www.arigamix.com\/sl\/wp-json\/wp\/v2\/pages\/640\/revisions"}],"predecessor-version":[{"id":645,"href":"https:\/\/www.arigamix.com\/sl\/wp-json\/wp\/v2\/pages\/640\/revisions\/645"}],"up":[{"embeddable":true,"href":"https:\/\/www.arigamix.com\/sl\/wp-json\/wp\/v2\/pages\/353"}],"wp:featuredmedia":[{"embeddable":true,"href":"https:\/\/www.arigamix.com\/sl\/wp-json\/wp\/v2\/media\/641"}],"wp:attachment":[{"href":"https:\/\/www.arigamix.com\/sl\/wp-json\/wp\/v2\/media?parent=640"}],"curies":[{"name":"wp","href":"https:\/\/api.w.org\/{rel}","templated":true}]}}