{"id":634,"date":"2025-01-27T08:55:25","date_gmt":"2025-01-27T07:55:25","guid":{"rendered":"https:\/\/www.arigamix.com\/sl\/?page_id=634"},"modified":"2025-01-27T08:55:25","modified_gmt":"2025-01-27T07:55:25","slug":"poslanstvo-in-cilj-arigamixa-v-letu-2025","status":"publish","type":"page","link":"https:\/\/www.arigamix.com\/sl\/novice\/poslanstvo-in-cilj-arigamixa-v-letu-2025\/","title":{"rendered":"Poslanstvo in cilj Arigamixa v letu 2025"},"content":{"rendered":"<p><img loading=\"lazy\" class=\"alignnone wp-image-636 size-large\" src=\"https:\/\/www.arigamix.com\/sl\/wp-content\/uploads\/2025\/01\/arigamix-goal-25-1024x632.png\" alt=\"\" width=\"660\" height=\"407\" \/><\/p>\n<p><span style=\"font-weight: 400;\">Medtem ko IT ponudniki javno objavljajo, koliko prometa in dobi\u010dka nameravajo dose\u010di v letu 2025, cilj Arigamixa ostaja enak: pomagati strankam pri doseganju ciljev in ve\u010djih dobi\u010dkov.<\/span><\/p>\n<p><span style=\"font-weight: 400;\">V \u010dasu, ko nove zahteve EU in dr\u017eavni predpisi pove\u010dujejo stro\u0161ke, Arigamix nenehno dodaja nove funkcije in i\u0161\u010de nove re\u0161itve za stranke, da zmanj\u0161ajo svojo porabo, kjer je to mogo\u010de.\u00a0<\/span><\/p>\n<p><span style=\"font-weight: 400;\">Najdragocenej\u0161i vir za te posodobljene funkcije so opisi potreb in \u201cbole\u010dih to\u010dk\u201d, ki nam jih posredujejo stranke. Tr\u017ene razmere in specifi\u010dne te\u017eave podjetja lahko prispevajo k edinstvenim potrebam, za katere vodje IT pri strankah v\u010dasih nimajo informacij o tem, kako priro\u010dne re\u0161itve zanje je mogo\u010de narediti v Arigamixu.<\/span><\/p>\n<p><span style=\"font-weight: 400;\">Naro\u010dnina na re\u0161itve Arigamix ima veliko prednosti, saj ste neposredno v stiku z razvijalci, v primerjavi s svetovno znanimi re\u0161itvami, kjer se le izgubite v morju podatkovnih statistik uporabnikov.\u00a0<\/span><\/p>\n<p><span style=\"font-weight: 400;\">V povpre\u010dju je z Arigamixom prilagajanje obstoje\u010dih re\u0161itev specifi\u010dnim potrebam strank dostopno vsakemu podjetju. Nizke nalo\u017ebe lahko prihranijo zajetne zneske ne samo na dolgi rok, ampak pri vsaki posamezni poslovni transakciji s prilagojenim celovitim pogledom na trenutne tr\u017ene podatke in podatke podjetja.<\/span><\/p>\n<p>#Arigamix #re\u0161itvepomeri #ECM #BPM #DMS #ServiceDesk #poslanstvo #cilj #2025<\/p>\n","protected":false},"excerpt":{"rendered":"<p>Medtem ko IT ponudniki javno objavljajo, koliko prometa in dobi\u010dka nameravajo dose\u010di v letu 2025, cilj Arigamixa ostaja enak: pomagati strankam pri doseganju ciljev in ve\u010djih dobi\u010dkov. V \u010dasu, ko nove zahteve EU in dr\u017eavni predpisi pove\u010dujejo stro\u0161ke, Arigamix nenehno dodaja nove funkcije in i\u0161\u010de nove re\u0161itve za stranke, da zmanj\u0161ajo svojo porabo, kjer je &hellip; <a href=\"https:\/\/www.arigamix.com\/sl\/novice\/poslanstvo-in-cilj-arigamixa-v-letu-2025\/\" class=\"more-link\">Continue reading <span class=\"screen-reader-text\">Poslanstvo in cilj Arigamixa v letu 2025<\/span><\/a><\/p>\n","protected":false},"author":4,"featured_media":636,"parent":353,"menu_order":0,"comment_status":"closed","ping_status":"closed","template":"new.php","meta":{"inline_featured_image":false},"aioseo_notices":[],"_links":{"self":[{"href":"https:\/\/www.arigamix.com\/sl\/wp-json\/wp\/v2\/pages\/634"}],"collection":[{"href":"https:\/\/www.arigamix.com\/sl\/wp-json\/wp\/v2\/pages"}],"about":[{"href":"https:\/\/www.arigamix.com\/sl\/wp-json\/wp\/v2\/types\/page"}],"author":[{"embeddable":true,"href":"https:\/\/www.arigamix.com\/sl\/wp-json\/wp\/v2\/users\/4"}],"replies":[{"embeddable":true,"href":"https:\/\/www.arigamix.com\/sl\/wp-json\/wp\/v2\/comments?post=634"}],"version-history":[{"count":3,"href":"https:\/\/www.arigamix.com\/sl\/wp-json\/wp\/v2\/pages\/634\/revisions"}],"predecessor-version":[{"id":638,"href":"https:\/\/www.arigamix.com\/sl\/wp-json\/wp\/v2\/pages\/634\/revisions\/638"}],"up":[{"embeddable":true,"href":"https:\/\/www.arigamix.com\/sl\/wp-json\/wp\/v2\/pages\/353"}],"wp:featuredmedia":[{"embeddable":true,"href":"https:\/\/www.arigamix.com\/sl\/wp-json\/wp\/v2\/media\/636"}],"wp:attachment":[{"href":"https:\/\/www.arigamix.com\/sl\/wp-json\/wp\/v2\/media?parent=634"}],"curies":[{"name":"wp","href":"https:\/\/api.w.org\/{rel}","templated":true}]}}