{"id":598,"date":"2024-10-11T11:39:25","date_gmt":"2024-10-11T10:39:25","guid":{"rendered":"https:\/\/www.arigamix.com\/sl\/?page_id=598"},"modified":"2024-10-11T11:49:31","modified_gmt":"2024-10-11T10:49:31","slug":"arigamix-orodja-za-prilagoditve-sistema","status":"publish","type":"page","link":"https:\/\/www.arigamix.com\/sl\/novice\/arigamix-orodja-za-prilagoditve-sistema\/","title":{"rendered":"Arigamixova orodja za prilagoditve sistema"},"content":{"rendered":"<p><img loading=\"lazy\" class=\"alignnone wp-image-599 size-large\" src=\"https:\/\/www.arigamix.com\/sl\/wp-content\/uploads\/2024\/10\/Arigamix-customisation-tools1-1024x632.jpg\" alt=\"\" width=\"660\" height=\"407\" srcset=\"https:\/\/www.arigamix.com\/sl\/wp-content\/uploads\/2024\/10\/Arigamix-customisation-tools1-1024x632.jpg 1024w, https:\/\/www.arigamix.com\/sl\/wp-content\/uploads\/2024\/10\/Arigamix-customisation-tools1-300x185.jpg 300w, https:\/\/www.arigamix.com\/sl\/wp-content\/uploads\/2024\/10\/Arigamix-customisation-tools1-768x474.jpg 768w, https:\/\/www.arigamix.com\/sl\/wp-content\/uploads\/2024\/10\/Arigamix-customisation-tools1-1536x948.jpg 1536w, https:\/\/www.arigamix.com\/sl\/wp-content\/uploads\/2024\/10\/Arigamix-customisation-tools1-825x510.jpg 825w, https:\/\/www.arigamix.com\/sl\/wp-content\/uploads\/2024\/10\/Arigamix-customisation-tools1.jpg 1729w\" sizes=\"(max-width: 660px) 100vw, 660px\" \/><\/p>\n<p><b>Razvijalci Arigamixa so ustvarili podsistem, v katerem lahko administrator naro\u010dnika sam izvaja programske prilagoditve poslovnih procesov organizacije. S tem se ne le prihrani denar, ampak podjetjem omogo\u010di prilagoditev poslovnih procesov spremembam v dalj\u0161em obdobju \u017eivljenjskega cikla podjetja. Ustvarjen je, da zdr\u017ei preizkus \u010dasa.<\/b><span style=\"font-weight: 400;\"> Obstaja ve\u010d kot 10 vrst sistemskih orodij za na\u010drtovanje razli\u010dnih obrazcev, seznamov, procesov, tabel in grafov.<\/span><span style=\"font-weight: 400;\"><br \/>\n<\/span><\/p>\n<p><b>Administratorju omogo\u010da upravljanje naslednjega:<\/b><\/p>\n<ul>\n<li style=\"font-weight: 400;\" aria-level=\"1\"><span style=\"font-weight: 400;\">Oblikuje in preprosto prilagodi potek dela za neverjetno hiter izvajalni sistem\u00a0<\/span><\/li>\n<li style=\"font-weight: 400;\" aria-level=\"1\"><span style=\"font-weight: 400;\">Ustvari privzete poti odobritve dokumentov s samodejnimi obvestili po e-po\u0161ti<\/span><\/li>\n<li style=\"font-weight: 400;\" aria-level=\"1\"><span style=\"font-weight: 400;\">Ustvari in spremeni e-po\u0161tna obvestila<\/span><\/li>\n<li style=\"font-weight: 400;\" aria-level=\"1\"><span style=\"font-weight: 400;\">Uporabi podsistem nadzora dostopa, ki temelji na vlogah, da ustvari tipe uporabnikov in poda dodatne pogoje za razli\u010dne metapodatke dokumenta<\/span><\/li>\n<li style=\"font-weight: 400;\" aria-level=\"1\"><span style=\"font-weight: 400;\">Ustvari ali prilagodi oblike dokumentov ali seznamov v sistemu<\/span><\/li>\n<li style=\"font-weight: 400;\" aria-level=\"1\"><span style=\"font-weight: 400;\">Ustvari razli\u010dne formate predlog datotek za samodejno polnjenje z metapodatki &#8211; za ponavljajo\u010de se podatke v dokumentaciji lahko ustvari predpolnjene datoteke (npr. mese\u010dni ra\u010dun za isto storitev)\u00a0<\/span><\/li>\n<li style=\"font-weight: 400;\" aria-level=\"1\"><span style=\"font-weight: 400;\">Napredna administratorska orodja omogo\u010dajo izvajanje sprememb neposredno iz uporabni\u0161kega vmesnika<\/span><\/li>\n<li style=\"font-weight: 400;\" aria-level=\"1\"><span style=\"font-weight: 400;\">Administrator lahko doda, zdru\u017ei ali odstrani karkoli v drevesu map, da se prilagodi potrebam uporabnika\u00a0\u00a0<\/span><\/li>\n<li style=\"font-weight: 400;\" aria-level=\"1\"><span style=\"font-weight: 400;\">Uredi povezave z drugimi sistemi podjetja z uporabo aplikacijskega programskega vmesnika<\/span><\/li>\n<\/ul>\n<p><span style=\"font-weight: 400;\">\u010ceprav za administratorje pred za\u010detkom uporabe sistema zagotovimo temeljito izobra\u017eevanje, je praksa pokazala, da so nekateri deli podsistema zelo enostavni za uporabo, tudi za novo zaposlene \u0161tudente na ni\u017ejih polo\u017eajih.\u00a0<\/span><\/p>\n<p><b>Prednost tega, da v dana\u0161njem gospodarstvu ni treba pla\u010dati za vsako majhno prilagoditev programske opreme, omogo\u010da podjetjem, da sredstva preusmerijo v svoje osnovne poslovne stro\u0161ke, kot so materiali za proizvodnjo<\/b><span style=\"font-weight: 400;\">, <\/span><b>vzdr\u017eevanje in popravila, potni stro\u0161ki in stro\u0161ki tr\u017eenja, dodatna najemnina in komunalne storitve ali oprema in zaloge.\u00a0<\/b><\/p>\n<p><b>Tudi \u010de podjetje spremeni svojo osnovno dejavnost, se obstoje\u010di Arigamix lahko prilagodi novim poslovnim procesom.<\/b><\/p>\n<p><span style=\"font-weight: 400;\">#Arigamix #avtomatiziran #delovniproces #DMS #ECM #BPM #upravljanjevsebin #upravljanjeposlovnihprocesov\u00a0<\/span><\/p>\n","protected":false},"excerpt":{"rendered":"<p>Razvijalci Arigamixa so ustvarili podsistem, v katerem lahko administrator naro\u010dnika sam izvaja programske prilagoditve poslovnih procesov organizacije. S tem se ne le prihrani denar, ampak podjetjem omogo\u010di prilagoditev poslovnih procesov spremembam v dalj\u0161em obdobju \u017eivljenjskega cikla podjetja. Ustvarjen je, da zdr\u017ei preizkus \u010dasa. Obstaja ve\u010d kot 10 vrst sistemskih orodij za na\u010drtovanje razli\u010dnih obrazcev, seznamov, &hellip; <a href=\"https:\/\/www.arigamix.com\/sl\/novice\/arigamix-orodja-za-prilagoditve-sistema\/\" class=\"more-link\">Continue reading <span class=\"screen-reader-text\">Arigamixova orodja za prilagoditve sistema<\/span><\/a><\/p>\n","protected":false},"author":4,"featured_media":599,"parent":353,"menu_order":0,"comment_status":"closed","ping_status":"closed","template":"new.php","meta":{"inline_featured_image":false},"aioseo_notices":[],"_links":{"self":[{"href":"https:\/\/www.arigamix.com\/sl\/wp-json\/wp\/v2\/pages\/598"}],"collection":[{"href":"https:\/\/www.arigamix.com\/sl\/wp-json\/wp\/v2\/pages"}],"about":[{"href":"https:\/\/www.arigamix.com\/sl\/wp-json\/wp\/v2\/types\/page"}],"author":[{"embeddable":true,"href":"https:\/\/www.arigamix.com\/sl\/wp-json\/wp\/v2\/users\/4"}],"replies":[{"embeddable":true,"href":"https:\/\/www.arigamix.com\/sl\/wp-json\/wp\/v2\/comments?post=598"}],"version-history":[{"count":3,"href":"https:\/\/www.arigamix.com\/sl\/wp-json\/wp\/v2\/pages\/598\/revisions"}],"predecessor-version":[{"id":602,"href":"https:\/\/www.arigamix.com\/sl\/wp-json\/wp\/v2\/pages\/598\/revisions\/602"}],"up":[{"embeddable":true,"href":"https:\/\/www.arigamix.com\/sl\/wp-json\/wp\/v2\/pages\/353"}],"wp:featuredmedia":[{"embeddable":true,"href":"https:\/\/www.arigamix.com\/sl\/wp-json\/wp\/v2\/media\/599"}],"wp:attachment":[{"href":"https:\/\/www.arigamix.com\/sl\/wp-json\/wp\/v2\/media?parent=598"}],"curies":[{"name":"wp","href":"https:\/\/api.w.org\/{rel}","templated":true}]}}