{"id":592,"date":"2024-08-29T13:36:30","date_gmt":"2024-08-29T12:36:30","guid":{"rendered":"https:\/\/www.arigamix.com\/sl\/?page_id=592"},"modified":"2024-08-29T13:36:30","modified_gmt":"2024-08-29T12:36:30","slug":"deski-pomocniska-aplikacija-arigamix-platforme","status":"publish","type":"page","link":"https:\/\/www.arigamix.com\/sl\/novice\/deski-pomocniska-aplikacija-arigamix-platforme\/","title":{"rendered":"Deski &#8211; pomo\u010dni\u0161ka aplikacija Arigamix platforme"},"content":{"rendered":"<p>&nbsp;<\/p>\n<p><img loading=\"lazy\" class=\"alignnone wp-image-593 size-large\" src=\"https:\/\/www.arigamix.com\/sl\/wp-content\/uploads\/2024\/08\/Deski-assistant-app-of-Arigamix-1024x632.png\" alt=\"\" width=\"660\" height=\"407\" srcset=\"https:\/\/www.arigamix.com\/sl\/wp-content\/uploads\/2024\/08\/Deski-assistant-app-of-Arigamix-1024x632.png 1024w, https:\/\/www.arigamix.com\/sl\/wp-content\/uploads\/2024\/08\/Deski-assistant-app-of-Arigamix-300x185.png 300w, https:\/\/www.arigamix.com\/sl\/wp-content\/uploads\/2024\/08\/Deski-assistant-app-of-Arigamix-768x474.png 768w, https:\/\/www.arigamix.com\/sl\/wp-content\/uploads\/2024\/08\/Deski-assistant-app-of-Arigamix-1536x948.png 1536w, https:\/\/www.arigamix.com\/sl\/wp-content\/uploads\/2024\/08\/Deski-assistant-app-of-Arigamix-825x510.png 825w, https:\/\/www.arigamix.com\/sl\/wp-content\/uploads\/2024\/08\/Deski-assistant-app-of-Arigamix.png 1729w\" sizes=\"(max-width: 660px) 100vw, 660px\" \/><\/p>\n<p><span style=\"font-weight: 400;\">Pomo\u017ena aplikacija za vse re\u0161itve platforme Arigamix, Deski, raz\u0161irja zmogljivosti spletnega odjemalca Arigamix in zagotavlja bolj\u0161o integracijo z operacijskim sistemom (Windows, Linux ali macOS) in name\u0161\u010denimi aplikacijami, ko delate z namiznim ali prenosnim ra\u010dunalnikom:<\/span><b> \u010de je datoteka na kartici na voljo za urejanje, jo Deski samodejno prenese in odpre v aplikaciji, ki je name\u0161\u010dena na uporabnikovem ra\u010dunalniku in je povezana s kon\u010dnico datoteke (na primer, Word ali LibreOffice Writer odpre .docx).<\/b><span style=\"font-weight: 400;\">\u00a0<\/span><\/p>\n<p><b>Deski podpira tudi formate Excel, JPG in PDF<\/b> <b>in omogo\u010da delo z datotekami v teh formatih, ne da bi jih morali prenesti za urejanje. Ko uredite datoteko, jo samo shranite in shranite kartico, kjer je shranjena, da vidite vse spremembe. Na primer, lahko preprosto dodate sliko e-podpisa v datoteke PDF.\u00a0<\/b><\/p>\n<p><span style=\"font-weight: 400;\">Deski urejeno datoteko takoj nalo\u017ei na stre\u017enik in s tem uporabnika osvobodi nepotrebnih dejanj z njo, kot so nalaganje, shranjevanje sprememb in ponovno nalaganje.<\/span><\/p>\n<p><span style=\"font-weight: 400;\">Vsebina datoteke je predpomnjena na lokalnem ra\u010dunalniku v \u0161ifrirani obliki in je ob ponovnem dostopu ni treba prena\u0161ati s stre\u017enika, kar bistveno zmanj\u0161a koli\u010dino prometa pri delu z datotekami.<\/span><\/p>\n<p><b>Ko je Deski name\u0161\u010den, uporabniki vidijo dodatne mo\u017enosti za delo z datotekami, kot so:<br \/>\n<\/b><span style=\"font-weight: 400;\">Odpri za urejanje<\/span><span style=\"font-weight: 400;\"><br \/>\n<\/span><span style=\"font-weight: 400;\">Odpri za urejanje v mapi<\/span><span style=\"font-weight: 400;\"><br \/>\n<\/span><span style=\"font-weight: 400;\">Odpri za branje<\/span><span style=\"font-weight: 400;\"><br \/>\n<\/span><span style=\"font-weight: 400;\">Kopiraj v odlo\u017ei\u0161\u010de<br \/>\n<\/span><span style=\"font-weight: 400;\">Spajanje (za primerjavo dveh podobnih datotek .docx)<br \/>\n<\/span><span style=\"font-weight: 400;\">Versioning (ohranja vse popravke kot lo\u010deno razli\u010dico datoteke z dodanim datumom in \u010dasom spreminjanja)<\/span><\/p>\n<p><span style=\"font-weight: 400;\">Predloge za samodejno polnjenje z metapodatki, vzetimi iz kartic Arigamix (npr. Kartica stranke), lahko ustvarite za datoteke Word in Excel.\u00a0\u00a0\u00a0<\/span><\/p>\n<p><span style=\"font-weight: 400;\">Arigamix na splo\u0161no omogo\u010da vodenje poslovanja v celoti z ene same vstopne to\u010dke z moduli, kot so e-po\u0161tni odjemalec, funkcija klepetov\/razprav, ustvarjanje predlog za razli\u010dne dokumente za samodejno izpolnjevanje iz metapodatkov kartice (kot je kartica stranke), urejanje datotek znotraj Arigamixa, shranjevanje in izdajanje odhodnih in dohodnih ra\u010dunov, poro\u010dil, opravljanje spletnih klicev z aplikacijami za klepet (kmalu na voljo), revizijska sled, poslovni procesi, kot so odobritve in e-podpisovanje, ter celo ustvarjanje vnaprej dolo\u010denih delovnih procesov. Administrativni del ima avtomatizacije, kot je kopiranje ravni dostopa iz Active Directory. Podatkovne baze strank\/partnerjev se lahko preprosto uvozi z excel datoteko.<\/span><span style=\"font-weight: 400;\"><\/p>\n<p><\/span><span style=\"font-weight: 400;\">Na\u0161a ekipa si bo z veseljem ogledala va\u0161 delovni proces in predstavila vse mo\u017enosti bli\u017enjic, ki jih je mogo\u010de izvesti v najbolj varnem okolju.\u00a0<\/span><span style=\"font-weight: 400;\"><br \/>\n<\/span><\/p>\n<p><span style=\"font-weight: 400;\">#Arigamix #avtomatiziran #delovniproces #CRM #upravljanjevsebin #upravljanjeposlovnihprocesov #upravljanjeodnosovsstrankami<\/span><\/p>\n","protected":false},"excerpt":{"rendered":"<p>&nbsp; Pomo\u017ena aplikacija za vse re\u0161itve platforme Arigamix, Deski, raz\u0161irja zmogljivosti spletnega odjemalca Arigamix in zagotavlja bolj\u0161o integracijo z operacijskim sistemom (Windows, Linux ali macOS) in name\u0161\u010denimi aplikacijami, ko delate z namiznim ali prenosnim ra\u010dunalnikom: \u010de je datoteka na kartici na voljo za urejanje, jo Deski samodejno prenese in odpre v aplikaciji, ki je name\u0161\u010dena &hellip; <a href=\"https:\/\/www.arigamix.com\/sl\/novice\/deski-pomocniska-aplikacija-arigamix-platforme\/\" class=\"more-link\">Continue reading <span class=\"screen-reader-text\">Deski &#8211; pomo\u010dni\u0161ka aplikacija Arigamix platforme<\/span><\/a><\/p>\n","protected":false},"author":4,"featured_media":593,"parent":353,"menu_order":0,"comment_status":"closed","ping_status":"closed","template":"new.php","meta":{"inline_featured_image":false},"aioseo_notices":[],"_links":{"self":[{"href":"https:\/\/www.arigamix.com\/sl\/wp-json\/wp\/v2\/pages\/592"}],"collection":[{"href":"https:\/\/www.arigamix.com\/sl\/wp-json\/wp\/v2\/pages"}],"about":[{"href":"https:\/\/www.arigamix.com\/sl\/wp-json\/wp\/v2\/types\/page"}],"author":[{"embeddable":true,"href":"https:\/\/www.arigamix.com\/sl\/wp-json\/wp\/v2\/users\/4"}],"replies":[{"embeddable":true,"href":"https:\/\/www.arigamix.com\/sl\/wp-json\/wp\/v2\/comments?post=592"}],"version-history":[{"count":3,"href":"https:\/\/www.arigamix.com\/sl\/wp-json\/wp\/v2\/pages\/592\/revisions"}],"predecessor-version":[{"id":596,"href":"https:\/\/www.arigamix.com\/sl\/wp-json\/wp\/v2\/pages\/592\/revisions\/596"}],"up":[{"embeddable":true,"href":"https:\/\/www.arigamix.com\/sl\/wp-json\/wp\/v2\/pages\/353"}],"wp:featuredmedia":[{"embeddable":true,"href":"https:\/\/www.arigamix.com\/sl\/wp-json\/wp\/v2\/media\/593"}],"wp:attachment":[{"href":"https:\/\/www.arigamix.com\/sl\/wp-json\/wp\/v2\/media?parent=592"}],"curies":[{"name":"wp","href":"https:\/\/api.w.org\/{rel}","templated":true}]}}