{"id":571,"date":"2024-07-02T09:26:05","date_gmt":"2024-07-02T08:26:05","guid":{"rendered":"https:\/\/www.arigamix.com\/sl\/?page_id=571"},"modified":"2024-07-19T07:07:10","modified_gmt":"2024-07-19T06:07:10","slug":"pospesite-poslovni-proces-z-uporabo-epostnih-obvestil-arigamix","status":"publish","type":"page","link":"https:\/\/www.arigamix.com\/sl\/novice\/pospesite-poslovni-proces-z-uporabo-epostnih-obvestil-arigamix\/","title":{"rendered":"Pospe\u0161ite poslovni proces brez prijave v sisteme z uporabo e-po\u0161tnih obvestil Arigamix"},"content":{"rendered":"<p><img loading=\"lazy\" class=\"alignnone wp-image-584 size-large\" src=\"https:\/\/www.arigamix.com\/sl\/wp-content\/uploads\/2024\/07\/Speed_up_your_business_process_without_logging_into_systems_by_using-1024x632.png\" alt=\"\" width=\"660\" height=\"407\" srcset=\"https:\/\/www.arigamix.com\/sl\/wp-content\/uploads\/2024\/07\/Speed_up_your_business_process_without_logging_into_systems_by_using-1024x632.png 1024w, https:\/\/www.arigamix.com\/sl\/wp-content\/uploads\/2024\/07\/Speed_up_your_business_process_without_logging_into_systems_by_using-300x185.png 300w, https:\/\/www.arigamix.com\/sl\/wp-content\/uploads\/2024\/07\/Speed_up_your_business_process_without_logging_into_systems_by_using-768x474.png 768w, https:\/\/www.arigamix.com\/sl\/wp-content\/uploads\/2024\/07\/Speed_up_your_business_process_without_logging_into_systems_by_using-1536x948.png 1536w, https:\/\/www.arigamix.com\/sl\/wp-content\/uploads\/2024\/07\/Speed_up_your_business_process_without_logging_into_systems_by_using-825x510.png 825w, https:\/\/www.arigamix.com\/sl\/wp-content\/uploads\/2024\/07\/Speed_up_your_business_process_without_logging_into_systems_by_using.png 1729w\" sizes=\"(max-width: 660px) 100vw, 660px\" \/><\/p>\n<p><b>Ta priro\u010dna in uporabniku prijazna metoda odpravlja prenos in obdelavo papirnih dokumentov ali na\u010drtovanje osebnih sestankov.<\/b><span style=\"font-weight: 400;\"><br \/>\n<\/span><span style=\"font-weight: 400;\"><br \/>\n<\/span><span style=\"font-weight: 400;\">Odobritev dokumenta in e-podpisovanje s klikom na eno povezavo v e-po\u0161tnem obvestilu, ki ga samodejno po\u0161lje Arigamix, nista edini dve mo\u017enosti. <\/span><b>Pospe\u0161evanje dela z izogibanjem prijavljanju v sisteme je mogo\u010de nastaviti na ve\u010d na\u010dinov.<\/b> <span style=\"font-weight: 400;\"><\/p>\n<p><\/span><span style=\"font-weight: 400;\">Arigamixov zmogljiv mehanizem poteka dela je mogo\u010de uporabiti za nastavitev procesa \u017eivljenjskega cikla dokumenta z naprednimi nastavitvami za samodejno po\u0161iljanje e-po\u0161tnih obvestil, ko proces dose\u017ee dolo\u010deno stopnjo. <\/span><b>S funkcijo odobritve po e-po\u0161ti lahko bistveno izbolj\u0161ate komunikacijo in sodelovanje med udele\u017eenci procesa.<\/b><span style=\"font-weight: 400;\"> Vsak udele\u017eenec lahko prejema obvestila o opravilih, po\u0161ilja zahteve za odobritev in daje povratne informacije, vse v svojem e-po\u0161tnem predalu.<\/span><span style=\"font-weight: 400;\"><br \/>\n<\/span><span style=\"font-weight: 400;\"><br \/>\n<\/span><span style=\"font-weight: 400;\">Vsi uporabniki se lahko naro\u010dijo na dnevna\/tedenska\/mese\u010dna e-po\u0161tna obvestila o svojem seznamu preostalih opravil.<\/p>\n<p><\/span><b>E-po\u0161tna obvestila Arigamix ECM\/BPM ponujajo tudi mo\u017enost dodajanja prilagojenih obvestil za ob\u010dutljiv korak v procesu.<\/b><span style=\"font-weight: 400;\"> Na primer, lahko uredite posebno nastavitev, da je oseba z najvi\u0161jo odgovornostjo obve\u0161\u010dena vsaki\u010d, ko je v sistemu registriran ra\u010dun z ve\u010djim zneskom.<\/span><\/p>\n<p><b>E-po\u0161ta omogo\u010da prilagodljivo upravljanje \u010dasovnic in rokov za odobritev.<\/b><span style=\"font-weight: 400;\"> Preprosto lahko sledite statusom aktivnosti in prejemate obvestila o zamudah pri odobritvah, kar vam pomaga skraj\u0161ati \u010das izvajanja procesa in se izogniti zamudam.<\/span><\/p>\n<p><span style=\"font-weight: 400;\">ARIGAMIX zagotavlja za\u0161\u010dito in zaupnost podatkov med odobritvami po elektronski po\u0161ti, kar vam omogo\u010da varno in zanesljivo delo.<\/span><\/p>\n<p><span style=\"font-weight: 400;\">#Arigamix #DMS #avtomatiziran #potekdela #CRM #emailnotifikacije #emailobve\u0161\u010danje #upravljanjevsebin #upravljanjeposlovnihprocesov #servisnapisarna\u00a0<\/span><\/p>\n","protected":false},"excerpt":{"rendered":"<p>Ta priro\u010dna in uporabniku prijazna metoda odpravlja prenos in obdelavo papirnih dokumentov ali na\u010drtovanje osebnih sestankov. Odobritev dokumenta in e-podpisovanje s klikom na eno povezavo v e-po\u0161tnem obvestilu, ki ga samodejno po\u0161lje Arigamix, nista edini dve mo\u017enosti. Pospe\u0161evanje dela z izogibanjem prijavljanju v sisteme je mogo\u010de nastaviti na ve\u010d na\u010dinov. Arigamixov zmogljiv mehanizem poteka dela &hellip; <a href=\"https:\/\/www.arigamix.com\/sl\/novice\/pospesite-poslovni-proces-z-uporabo-epostnih-obvestil-arigamix\/\" class=\"more-link\">Continue reading <span class=\"screen-reader-text\">Pospe\u0161ite poslovni proces brez prijave v sisteme z uporabo e-po\u0161tnih obvestil Arigamix<\/span><\/a><\/p>\n","protected":false},"author":4,"featured_media":584,"parent":353,"menu_order":0,"comment_status":"closed","ping_status":"closed","template":"new.php","meta":{"inline_featured_image":false},"aioseo_notices":[],"_links":{"self":[{"href":"https:\/\/www.arigamix.com\/sl\/wp-json\/wp\/v2\/pages\/571"}],"collection":[{"href":"https:\/\/www.arigamix.com\/sl\/wp-json\/wp\/v2\/pages"}],"about":[{"href":"https:\/\/www.arigamix.com\/sl\/wp-json\/wp\/v2\/types\/page"}],"author":[{"embeddable":true,"href":"https:\/\/www.arigamix.com\/sl\/wp-json\/wp\/v2\/users\/4"}],"replies":[{"embeddable":true,"href":"https:\/\/www.arigamix.com\/sl\/wp-json\/wp\/v2\/comments?post=571"}],"version-history":[{"count":11,"href":"https:\/\/www.arigamix.com\/sl\/wp-json\/wp\/v2\/pages\/571\/revisions"}],"predecessor-version":[{"id":585,"href":"https:\/\/www.arigamix.com\/sl\/wp-json\/wp\/v2\/pages\/571\/revisions\/585"}],"up":[{"embeddable":true,"href":"https:\/\/www.arigamix.com\/sl\/wp-json\/wp\/v2\/pages\/353"}],"wp:featuredmedia":[{"embeddable":true,"href":"https:\/\/www.arigamix.com\/sl\/wp-json\/wp\/v2\/media\/584"}],"wp:attachment":[{"href":"https:\/\/www.arigamix.com\/sl\/wp-json\/wp\/v2\/media?parent=571"}],"curies":[{"name":"wp","href":"https:\/\/api.w.org\/{rel}","templated":true}]}}