{"id":564,"date":"2024-05-21T09:18:13","date_gmt":"2024-05-21T08:18:13","guid":{"rendered":"https:\/\/www.arigamix.com\/sl\/?page_id=564"},"modified":"2024-05-21T09:18:13","modified_gmt":"2024-05-21T08:18:13","slug":"implementacija-poslovno-informacijskega-sistema-univerza-v-ljubljani","status":"publish","type":"page","link":"https:\/\/www.arigamix.com\/sl\/novice\/implementacija-poslovno-informacijskega-sistema-univerza-v-ljubljani\/","title":{"rendered":"Implementacija Akademskega poslovno informacijskega sistema na Univerzi v Ljubljani"},"content":{"rendered":"<p><img loading=\"lazy\" class=\"alignnone wp-image-565 size-large\" src=\"https:\/\/www.arigamix.com\/sl\/wp-content\/uploads\/2024\/05\/photo_2024-05-21_09-36-14-1024x576.jpg\" alt=\"\" width=\"660\" height=\"371\" srcset=\"https:\/\/www.arigamix.com\/sl\/wp-content\/uploads\/2024\/05\/photo_2024-05-21_09-36-14-1024x576.jpg 1024w, https:\/\/www.arigamix.com\/sl\/wp-content\/uploads\/2024\/05\/photo_2024-05-21_09-36-14-300x169.jpg 300w, https:\/\/www.arigamix.com\/sl\/wp-content\/uploads\/2024\/05\/photo_2024-05-21_09-36-14-768x432.jpg 768w, https:\/\/www.arigamix.com\/sl\/wp-content\/uploads\/2024\/05\/photo_2024-05-21_09-36-14.jpg 1280w\" sizes=\"(max-width: 660px) 100vw, 660px\" \/><\/p>\n<p>Implementacija APIS &#8211; Akademsko poslovni informacijski sistem<\/p>\n<p>Uvodni nagovor: Prof. dr. Emil Erjavec, Predsednik upravnega odbora<br \/>\nGlavni govornik: Mag. Ale\u0161 Ko\u0161ir, Vodja IT oddelka<\/p>\n<p><span style=\"font-weight: 400;\">V torek, 14. maja, smo se v zgodovinski pala\u010di Univerze v Ljubljani sre\u010dali \u010dlani Palsitovega kluba IT mened\u017eerjev, da bi sli\u0161ali dejstva o impresivni digitalni transformaciji in zdru\u017eitvi IT sistemov 26 fakultet z univerzo v enoten Akademski poslovni informacijski sistem.\u00a0<\/span><span style=\"font-weight: 400;\">To je bilo uspe\u0161no izvedeno v obdobju 3 let in Slovenija ima zdaj sodobno brezpapirno delujo\u010do univerzo v prestolnici.\u00a0<\/span><\/p>\n<p><span style=\"font-weight: 400;\">Predhodno je bilo 26 fakultet in akademij slabo povezanih in je uporabljalo 6 razli\u010dnih poslovnih informacijskih sistemov na razli\u010dnih tehnolo\u0161kih skladih: Oracle, Microsoft, Linux itd\u2026<\/span><\/p>\n<p><span style=\"font-weight: 400;\">Za\u010delo se je z javnim razpisom, objavljenim v letu 2016. Na javni razpis se je odzvalo \u0161est podjetij. V postopku javnega razpisa je pri\u0161lo do prito\u017eb na Dr\u017eavno revizijsko komisijo s strani ponudnikov. Zato se je proces javnega razpisa vlekel 3 leta. Do njegovega zaklju\u010dka nekateri konkurenti na razpisu niso ve\u010d obstajali oziroma niso bili ve\u010d ustrezni.\u00a0<\/span><\/p>\n<p><span style=\"font-weight: 400;\">Pred za\u010detkom projekta je bila digitalizacija v zgodnjih fazah. Evidence upravljanja \u010dlove\u0161kih virov niso bile niti digitalne. Akademsko osebje je podatke o svojih slu\u017ebenih potovanjih hranilo na papir\u010dkih.\u00a0<\/span><span style=\"font-weight: 400;\"><br \/>\n<\/span><span style=\"font-weight: 400;\"><br \/>\n<\/span><span style=\"font-weight: 400;\">Projekt je bil za strokovno osebje zelo naporen. Digitalizacija zahteva prilagajanje zaposlenih. Med projektom je od\u0161lo 80 ljudi. Ve\u010dinoma tisti, ki so uporabljali stare zastarele sisteme. V procesu digitalizacije je bilo zaposlenih 100 novih ljudi.<\/span><span style=\"font-weight: 400;\"><br \/>\n<\/span><span style=\"font-weight: 400;\"><br \/>\n<\/span><span style=\"font-weight: 400;\">Strate\u0161ke odlo\u010ditve:<\/span><span style=\"font-weight: 400;\"><br \/>\n<\/span><span style=\"font-weight: 400;\">Za\u010detna ideja je bila, da se procese definira na papirju in nato v skladu s tem ustvari sistem. Ker pa je imel SAP nekaj pripravljenih re\u0161itev in najbolj\u0161ih praks za poslovni sektor, je postalo o\u010ditno, da je prilagoditev temu, kar sistem SAP \u017ee ima kot najbolj\u0161e prakse, bolj\u0161a ideja. Na\u010drt je bil implementacija celotne informacijske re\u0161itve najprej za rektorat Univerze, nato zaporedoma na ostale na vedno bolj prizadeven na\u010din, skupaj 10 zaporednih projektov.<\/span><span style=\"font-weight: 400;\"><br \/>\n<\/span><span style=\"font-weight: 400;\"><br \/>\n<\/span><span style=\"font-weight: 400;\">Projekt je sledil pomembnim strate\u0161kim in operativnim odlo\u010ditvam, kot je odlo\u010ditev za migracijo ra\u010dunovodskih podatkov. Ta je bil, da bodo samo odprti predmeti preseljeni v nov sistem in brez zgodovine, ki bodo ostala v podedovanih sistemih.<\/span><span style=\"font-weight: 400;\"><br \/>\n<\/span><span style=\"font-weight: 400;\"><br \/>\n<\/span><span style=\"font-weight: 400;\">\u010clani (26 fakultet) so lastniki svojih podatkov, ostajajo v lastni odgovornosti. Po testiranju morajo potrditi uspe\u0161no migracijo svojih podatkov. Ustvarjenih je bilo pribli\u017eno 400 testnih scenarijev za preverjanje pravilne migracije podatkov in integracije procesov, pri \u010demer so bili testirani vsi procesi.<\/span><span style=\"font-weight: 400;\"><br \/>\n<\/span><\/p>\n<p><span style=\"font-weight: 400;\">Pomembno vpra\u0161anje: koliko poenotiti in integrirati, koliko dopustiti razlike za vsako fakulteto? Samo tiste, kjer obstajajo zakoniti ali zelo utemeljeni razlogi.<\/span><\/p>\n<p><span style=\"font-weight: 400;\">3 informacijski sistemi za \u0161tudente so \u017ee obstajali in so bili integrirani s SAP skupaj z 10 zalednimi sistemi.<\/span><\/p>\n<p><span style=\"font-weight: 400;\"><br \/>\n<\/span><span style=\"font-weight: 400;\">POSEBNOSTI:<\/span><\/p>\n<p><span style=\"font-weight: 400;\">Slovenski javni sektor je urejen tako, da zahteva posebne in prilagojene IT poslovne re\u0161itve. Posredni prora\u010dunski uporabniki morajo poro\u010dati po denarnem toku in po na\u010delu izkazanega poslovnega dogodka.<\/span><span style=\"font-weight: 400;\"><br \/>\n<\/span><span style=\"font-weight: 400;\"><br \/>\n<\/span><span style=\"font-weight: 400;\">Posebnost Univerze v Ljubljani je, da ima lahko en zaposleni ve\u010d delovnih mest. Dela lahko za eno ali ve\u010d fakultet. <\/span><span style=\"font-weight: 400;\">Zaposleni lahko predstavijo stro\u0161ke potovanja, kjer so prepotovali ve\u010d dr\u017eav na enem potovanju, zdru\u017eujejo razli\u010dne poslovne baze, financiranje, vire stro\u0161kov in pla\u010dnike, po mo\u017enosti skupaj z nekaj vmesnimi dnevi dopusta.<\/span><span style=\"font-weight: 400;\"><br \/>\n<\/span><span style=\"font-weight: 400;\"><br \/>\n<\/span><span style=\"font-weight: 400;\">Implementacija Apisa prina\u0161a \u0161tevilne prednosti:\u00a0<\/span><\/p>\n<ul>\n<li style=\"font-weight: 400;\" aria-level=\"1\"><span style=\"font-weight: 400;\">Vzpostavljeni so bili standardni operativni postopki z navodili za zaposlene.<\/span><\/li>\n<li style=\"font-weight: 400;\" aria-level=\"1\"><span style=\"font-weight: 400;\">Okrepljena in posodobljena IKT infrastruktura: stre\u017eniki, osebni ra\u010dunalniki&#8230;<\/span><\/li>\n<li style=\"font-weight: 400;\" aria-level=\"1\"><span style=\"font-weight: 400;\">Krepitev osebnih kompetenc: oblikovali smo usposobljene skupine strokovnih sodelavcev, ki so pridobili kompetence poznavanja poslovnih procesov, dodatnih znanj in znanj ra\u010dunovodskih in kadrovskih poklicev, komunikacijskih ve\u0161\u010din in medsebojnega sodelovanja.<\/span><\/li>\n<li style=\"font-weight: 400;\" aria-level=\"1\"><span style=\"font-weight: 400;\">Vzpostavitev temeljev za brezpapirne transakcije znotraj in zunaj univerze.<\/span><\/li>\n<li style=\"font-weight: 400;\" aria-level=\"1\"><span style=\"font-weight: 400;\">Vzpostavitev osnove za integracijo in povezljivost re\u0161itev na razli\u010dnih podro\u010djih: kadrovska, \u0161tudijska informatika, dokumentni sistem, vodenje projektov, na\u010drtovanje in spremljanje obremenitev, povezljivost znotraj ra\u010dunovodskih podro\u010dij.<\/span><\/li>\n<\/ul>\n<p><span style=\"font-weight: 400;\">Univerza je zmanj\u0161ala poslovna tveganja, ki bi nastala pri sodelovanju z manj\u0161imi podjetji, ki ne morejo zagotoviti celovitih in kompleksnih poslovnih sistemov ter so odvisni od enega samega kadra.\u00a0<\/span><span style=\"font-weight: 400;\">Postavila je temelje neodvisnega vodenja poslovnega sistema &#8211; lastno ekipo SAP svetovalcev. Univerza v Ljubljani se je pridru\u017eila klubu tehnolo\u0161ko naprednih in najuglednej\u0161ih evropskih univerz.<\/span><span style=\"font-weight: 400;\"><br \/>\n<\/span><span style=\"font-weight: 400;\"><br \/>\n<\/span><span style=\"font-weight: 400;\">Univerza v Ljubljani vsaki slovenski javni organizaciji ponuja izdelano re\u0161itev za prilagoditev svojim potrebam.\u00a0<\/span><\/p>\n<p><span style=\"font-weight: 400;\">#UniverzavLjubljani #Akademskiposlovnoinformacijskisistem #Palsit #ITklubmened\u017eerjev #Arigamix #dokumentnisistemi #platformazaupravljanje #poslovniprocesi<\/span><\/p>\n","protected":false},"excerpt":{"rendered":"<p>Implementacija APIS &#8211; Akademsko poslovni informacijski sistem Uvodni nagovor: Prof. dr. Emil Erjavec, Predsednik upravnega odbora Glavni govornik: Mag. Ale\u0161 Ko\u0161ir, Vodja IT oddelka V torek, 14. maja, smo se v zgodovinski pala\u010di Univerze v Ljubljani sre\u010dali \u010dlani Palsitovega kluba IT mened\u017eerjev, da bi sli\u0161ali dejstva o impresivni digitalni transformaciji in zdru\u017eitvi IT sistemov 26 &hellip; <a href=\"https:\/\/www.arigamix.com\/sl\/novice\/implementacija-poslovno-informacijskega-sistema-univerza-v-ljubljani\/\" class=\"more-link\">Continue reading <span class=\"screen-reader-text\">Implementacija Akademskega poslovno informacijskega sistema na Univerzi v Ljubljani<\/span><\/a><\/p>\n","protected":false},"author":4,"featured_media":565,"parent":353,"menu_order":0,"comment_status":"closed","ping_status":"closed","template":"new.php","meta":{"inline_featured_image":false},"aioseo_notices":[],"_links":{"self":[{"href":"https:\/\/www.arigamix.com\/sl\/wp-json\/wp\/v2\/pages\/564"}],"collection":[{"href":"https:\/\/www.arigamix.com\/sl\/wp-json\/wp\/v2\/pages"}],"about":[{"href":"https:\/\/www.arigamix.com\/sl\/wp-json\/wp\/v2\/types\/page"}],"author":[{"embeddable":true,"href":"https:\/\/www.arigamix.com\/sl\/wp-json\/wp\/v2\/users\/4"}],"replies":[{"embeddable":true,"href":"https:\/\/www.arigamix.com\/sl\/wp-json\/wp\/v2\/comments?post=564"}],"version-history":[{"count":4,"href":"https:\/\/www.arigamix.com\/sl\/wp-json\/wp\/v2\/pages\/564\/revisions"}],"predecessor-version":[{"id":569,"href":"https:\/\/www.arigamix.com\/sl\/wp-json\/wp\/v2\/pages\/564\/revisions\/569"}],"up":[{"embeddable":true,"href":"https:\/\/www.arigamix.com\/sl\/wp-json\/wp\/v2\/pages\/353"}],"wp:featuredmedia":[{"embeddable":true,"href":"https:\/\/www.arigamix.com\/sl\/wp-json\/wp\/v2\/media\/565"}],"wp:attachment":[{"href":"https:\/\/www.arigamix.com\/sl\/wp-json\/wp\/v2\/media?parent=564"}],"curies":[{"name":"wp","href":"https:\/\/api.w.org\/{rel}","templated":true}]}}