{"id":558,"date":"2024-04-30T09:18:40","date_gmt":"2024-04-30T08:18:40","guid":{"rendered":"https:\/\/www.arigamix.com\/sl\/?page_id=558"},"modified":"2024-04-30T09:19:11","modified_gmt":"2024-04-30T08:19:11","slug":"nacin-segmentacije-slikovne-strani-v-opticnem-prepoznavanju-znakov-ocr-arigamix-crm","status":"publish","type":"page","link":"https:\/\/www.arigamix.com\/sl\/novice\/nacin-segmentacije-slikovne-strani-v-opticnem-prepoznavanju-znakov-ocr-arigamix-crm\/","title":{"rendered":"Na\u010dini segmentacije slikovne strani v opti\u010dnem prepoznavanju znakov (OCR) Arigamix CRM"},"content":{"rendered":"<p><img loading=\"lazy\" class=\"wp-image-559 size-full alignnone\" src=\"https:\/\/www.arigamix.com\/sl\/wp-content\/uploads\/2024\/04\/OCR-images.jpg\" alt=\"\" width=\"1794\" height=\"708\" srcset=\"https:\/\/www.arigamix.com\/sl\/wp-content\/uploads\/2024\/04\/OCR-images.jpg 1794w, https:\/\/www.arigamix.com\/sl\/wp-content\/uploads\/2024\/04\/OCR-images-300x118.jpg 300w, https:\/\/www.arigamix.com\/sl\/wp-content\/uploads\/2024\/04\/OCR-images-1024x404.jpg 1024w, https:\/\/www.arigamix.com\/sl\/wp-content\/uploads\/2024\/04\/OCR-images-768x303.jpg 768w, https:\/\/www.arigamix.com\/sl\/wp-content\/uploads\/2024\/04\/OCR-images-1536x606.jpg 1536w\" sizes=\"(max-width: 1794px) 100vw, 1794px\" \/><\/p>\n<p><b>Arigamix CRM z vgrajenim OCR modulom<\/b><\/p>\n<p><span style=\"font-weight: 400;\">Prihajajo\u010di Arigamix CRM ima u\u010dinkovit in uporabniku prijazen modul za opti\u010dno prepoznavanje znakov (OCR). Po kon\u010danem procesu od\u010ditavanja dokumenta lahko uporabnik izbere pogled na prepoznane podatke za la\u017eje polnjenje metapodatkov. Poleg privzete mo\u017enosti lahko uporabnik po\u010disti trenutno nepotrebne elemente in pusti samo en pogled, pri \u010demer lahko izbira med: besedilom, odstavkom, vrstico, besedo, tabelo ali \u010drtno kodo. Elementi, ki so prepoznani v izbranem pogledu, so ozna\u010deni z razli\u010dnimi barvami za la\u017ejo obdelavo podatkov.<\/span><\/p>\n<p><b>Kaj je na\u010din segmentacije slikovne strani?<\/b><\/p>\n<p><span style=\"font-weight: 400;\">Na\u010din segmentacije slikovne strani nastavi pravilo za razdelitev slike na dele in analizira celotno sliko za nadaljnjo obdelavo. Omogo\u010da vam, da orodju za prepoznavanje poveste, kako naj analizira in obdela vhodne podatke. Odvisno od razli\u010dnih na\u010dinov lahko dobimo razli\u010dne rezultate. Torej, natan\u010dneje kot je izbran na\u010din prepoznavanja, natan\u010dnej\u0161i bo izhodni rezultat &#8211; prepoznano besedilo.<\/span><\/p>\n<p><b>Vrste na\u010dinov segmentacije slikovnih strani<\/b><\/p>\n<p><em><strong>0. Zaznavanje orientacije in jezikovne pisave brez segmentacije slikovne strani in zaznavanje opti\u010dnega prepoznavanja<\/strong><\/em> na\u010din je administrativni in ne izvaja OCR, ampak le pomaga dolo\u010diti: orientacijo strani v stopinjah 0, 90, 180, 270 in zanesljivost pisave (tj. grafi\u010dni znaki \/ pisni sistem), kot so latinica, cirilica itd. .d.<\/p>\n<p><em><strong>1. Samodejna segmentacija slikovnih strani z orientacijo in zaznavanjem skripta<\/strong><\/em>\u00a0samodejno zazna postavitev strani in polo\u017eaj besedila na njej, izvede opti\u010dno prepoznavanje besedila, dolo\u010di orientacijo strani in zanesljivost pisave<\/p>\n<p><em><strong>2. Samodejna segmentacija strani s slikami brez zaznavanja orientacije, jezikovne pisave in opti\u010dnega prepoznavanja<\/strong><\/em><\/p>\n<p><em><strong>3. Samodejna segmentacija slikovne strani brez zaznavanja orientacije in jezikovne pisave<\/strong><\/em>\u00a0je enak na\u010dinu 1, vendar se pri izvajanju OCR ne izvedejo nobene operacije za dolo\u010ditev usmerjenosti strani s sliko in zanesljivosti pisave. Zato bo orodje za prepoznavanje segmentiralo besedilo in ga obravnavalo kot &#8220;pravilno stran&#8221; besedila z ve\u010d besedami, ve\u010d vrsticami, ve\u010d odstavki itd. \u010ce \u017eelite dolo\u010diti usmerjenost strani in zanesljivost pisave, morate najprej izvesti prepoznavanje z na\u010dinom 1, in nato z na\u010dinom 3.<\/p>\n<p><em><strong>4. Segmentacija strani s slikami kot en sam stolpec z besedilom spremenljive velikosti brez zaznavanja orientacije in jezikovne pisave<\/strong><\/em> na\u010din je potrebno uporabiti, ko morate prepoznati podatke stolpca in \u017eelite, da je besedilo povezano vrstico za vrstico (na primer tabelarni podatki ali potrdila). Ko se izvede opti\u010dno prepoznavanje, se ne izvedejo nobene operacije za dolo\u010ditev usmerjenosti strani slike in zanesljivosti pisave.<\/p>\n<p><em><strong>5. Segmentacija slikovne strani kot en enoten blok navpi\u010dno poravnanega besedila brez zaznavanja orientacije in jezikovne pisave<\/strong><\/em> je podoben na\u010dinu 4, vendar le za sliko, zasukano za 90 stopinj v smeri urinega kazalca.<\/p>\n<p><em><strong>6. Segmentacija slikovne strani kot en sam homogen blok z navpi\u010dno poravnanim besedilom<\/strong><\/em> je najprimernej\u0161i na\u010din za prepoznavanje strani, kot so strani knjig, ki obi\u010dajno uporabljajo isto pisavo in gosto besedilo v celotni knjigi. Klju\u010dna beseda tukaj je enotno besedilo, kar pomeni, da je besedilo v eni pisavi brez kakr\u0161nih koli sprememb.<\/p>\n<p><em><strong>7. Segmentacija slikovne strani kot ena vrstica z besedilom brez orientacije in zaznavanja pisave jezika<\/strong><\/em> je potrebna pri delu z eno vrstico univerzalnega besedila. Na primer, na\u010din se lahko uporablja, ko je treba prepoznati registrske tablice ali katere koli kode.<\/p>\n<p><em><strong>8. Segmentacija slikovne strani kot ena beseda brez zaznavanja orientacije in jezikovne pisave<\/strong><\/em> na\u010din je potrebno uporabiti pri delu z eno besedo univerzalnega besedila. Na primer, na\u010din se lahko uporablja, ko je treba prepoznati registrske tablice ali katere koli kode.<\/p>\n<p><em><strong>9. Segmentacija slikovne strani kot beseda v krogu ali beseda v krogu brez zaznavanja orientacije in jezikovne pisave<\/strong><\/em> na\u010din je potrebno uporabiti, ko je besedilo na sliki znotraj kroga ali se ovija okoli nevidnega kro\u017enega obmo\u010dja ali obmo\u010dja loka.<\/p>\n<p><em><strong>10. Segmentacija strani s sliko kot en znak brez zaznavanja orientacije in jezikovne pisave<\/strong><\/em> Ta na\u010din je potrebno uporabiti, ko je treba prepoznati en znak na sliki. Obi\u010dajno ga je treba uporabiti, ko je slika razdeljena na posamezne znake (recimo registrsko tablico) in potem morate prepoznati vsakega od znakov. Ta pristop bo zagotovil ve\u010djo natan\u010dnost kot popolno prepoznavanje registrskih tablic, vendar bo zahteval ve\u010d sredstev.<\/p>\n<p><em><strong>11. Segmentacija slikovne strani kot zbirka besed brez dolo\u010denega vrstnega reda brez zaznavanja orientacije in jezikovne pisave<\/strong><\/em> Ta na\u010din je potrebno uporabiti, ko je na sliki veliko redkega besedila, ki ga je treba ekstrahirati. Pri tem ni pomembna struktura dokumenta, vrstni red in zdru\u017eevanje besedila, pomembno je samo besedilo.<\/p>\n<p><em><strong>12. Segmentacija slikovne strani kot redko besedilo z zaznavanjem orientacije in jezikovne pisave<\/strong><\/em> Ta na\u010din je podoben na\u010dinu 11, vendar upo\u0161teva tudi orientacijo v stopinjah 0, 90, 180, 270 in dolo\u010da zanesljivost pisave.<\/p>\n<p><em><strong>13. Segmentacija slikovne strani kot ena besedilna vrstica brez zaznavanja orientacije in jezikovne pisave<\/strong><\/em> Ta na\u010din deluje podobno kot na\u010din 7, vendar ga je potrebno uporabiti, ko zaslonski meni, segmentacija in druge notranje metode predprocesiranja, specifi\u010dne za OCR, poslab\u0161ajo zmogljivost OCR: zmanj\u0161ana natan\u010dnost, besedilo ni zaznano. To se ponavadi zgodi, \u010de je del besedila mo\u010dno odrezan, je besedilo na nek na\u010din ra\u010dunalni\u0161ko ustvarjeno ali \u010de gre za pisavo, ki je orodje za prepoznavanje morda ne bo samodejno prepoznalo.<\/p>\n<p><span style=\"font-weight: 400;\">#Arigamix #CRM #OCRmodul #opticalcharacterrecognition #opticnoprepoznavanjeznakov #SaaS #subscribe #cloudsolutions\u00a0<\/span><\/p>\n","protected":false},"excerpt":{"rendered":"<p>Arigamix CRM z vgrajenim OCR modulom Prihajajo\u010di Arigamix CRM ima u\u010dinkovit in uporabniku prijazen modul za opti\u010dno prepoznavanje znakov (OCR). Po kon\u010danem procesu od\u010ditavanja dokumenta lahko uporabnik izbere pogled na prepoznane podatke za la\u017eje polnjenje metapodatkov. Poleg privzete mo\u017enosti lahko uporabnik po\u010disti trenutno nepotrebne elemente in pusti samo en pogled, pri \u010demer lahko izbira med: &hellip; <a href=\"https:\/\/www.arigamix.com\/sl\/novice\/nacin-segmentacije-slikovne-strani-v-opticnem-prepoznavanju-znakov-ocr-arigamix-crm\/\" class=\"more-link\">Continue reading <span class=\"screen-reader-text\">Na\u010dini segmentacije slikovne strani v opti\u010dnem prepoznavanju znakov (OCR) Arigamix CRM<\/span><\/a><\/p>\n","protected":false},"author":4,"featured_media":559,"parent":353,"menu_order":0,"comment_status":"closed","ping_status":"closed","template":"new.php","meta":{"inline_featured_image":false},"aioseo_notices":[],"_links":{"self":[{"href":"https:\/\/www.arigamix.com\/sl\/wp-json\/wp\/v2\/pages\/558"}],"collection":[{"href":"https:\/\/www.arigamix.com\/sl\/wp-json\/wp\/v2\/pages"}],"about":[{"href":"https:\/\/www.arigamix.com\/sl\/wp-json\/wp\/v2\/types\/page"}],"author":[{"embeddable":true,"href":"https:\/\/www.arigamix.com\/sl\/wp-json\/wp\/v2\/users\/4"}],"replies":[{"embeddable":true,"href":"https:\/\/www.arigamix.com\/sl\/wp-json\/wp\/v2\/comments?post=558"}],"version-history":[{"count":3,"href":"https:\/\/www.arigamix.com\/sl\/wp-json\/wp\/v2\/pages\/558\/revisions"}],"predecessor-version":[{"id":562,"href":"https:\/\/www.arigamix.com\/sl\/wp-json\/wp\/v2\/pages\/558\/revisions\/562"}],"up":[{"embeddable":true,"href":"https:\/\/www.arigamix.com\/sl\/wp-json\/wp\/v2\/pages\/353"}],"wp:featuredmedia":[{"embeddable":true,"href":"https:\/\/www.arigamix.com\/sl\/wp-json\/wp\/v2\/media\/559"}],"wp:attachment":[{"href":"https:\/\/www.arigamix.com\/sl\/wp-json\/wp\/v2\/media?parent=558"}],"curies":[{"name":"wp","href":"https:\/\/api.w.org\/{rel}","templated":true}]}}