{"id":551,"date":"2024-04-04T11:49:45","date_gmt":"2024-04-04T10:49:45","guid":{"rendered":"https:\/\/www.arigamix.com\/sl\/?page_id=551"},"modified":"2024-04-04T12:29:35","modified_gmt":"2024-04-04T11:29:35","slug":"digital-transformation-summit-v-organizaciji-bloomberg-adrie","status":"publish","type":"page","link":"https:\/\/www.arigamix.com\/sl\/novice\/digital-transformation-summit-v-organizaciji-bloomberg-adrie\/","title":{"rendered":"Digital Transformation Summit v organizaciji Bloomberg Adrie"},"content":{"rendered":"<p><img loading=\"lazy\" class=\"alignnone wp-image-552 size-large\" src=\"https:\/\/www.arigamix.com\/sl\/wp-content\/uploads\/2024\/04\/Bloomberg-Adria-key-digitalisation-projects-future-vision-1024x683.jpg\" alt=\"\" width=\"660\" height=\"440\" \/><\/p>\n<p><span style=\"font-weight: 400;\">V veselje nam je bilo obiskati konferenco Bloomberg Adria v \u010dudovitem ambientu hotela Grand Plaza v Ljubljani.<br \/>\n<\/span><span style=\"font-weight: 400;\">Osve\u017eilni odmik od kibernetskih napadov ter NIS2 novic in konferenc, so bili glavni predstavljeni paneli:<\/span><\/p>\n<p><span style=\"font-weight: 400;\">1. Vzpon generativne umetne inteligence<\/span><span style=\"font-weight: 400;\"><br \/>\n<\/span><span style=\"font-weight: 400;\">2. Izzivi digitalne transformacije<\/span><span style=\"font-weight: 400;\"><br \/>\n<\/span><span style=\"font-weight: 400;\">3. Storitve v oblaku kot platforma za digitalni razvoj ali \u201cAli smo dovolj bogati, da to naredimo sami?\u201d<\/span><span style=\"font-weight: 400;\"><br \/>\n<\/span><span style=\"font-weight: 400;\">4. Klju\u010dni proces digitalizacije in vizija za prihodnost<\/span><\/p>\n<p><span style=\"font-weight: 400;\">Osrednji govornik prvega panela je bil g. Sven Doelle, direktor za inovacije in tehnologijo pri Adobe CEE, ki je bil izzvan odgovarjati na precej duhovita vpra\u0161anja moderatorja g. Daniela Fazli\u0107a. &#8220;Kaj vam ne da spati pono\u010di?&#8221; (Odgovor je bil deepfake.)<\/span><\/p>\n<p><span style=\"font-weight: 400;\">Izzivov digitalne transformacije so se lotili govorci, ki so vpleteni v odlo\u010danje na svojih podro\u010djih, ki so precej kriti\u010dna:<\/span><span style=\"font-weight: 400;\"><br \/>\n<\/span><span style=\"font-weight: 400;\">Alenka Kolar, generalna direktorica Direktorata za digitalizacijo zdravstva, se vedno znova soo\u010da z direktivo na direktivo, nasprotujo\u010dimi si informacijami v uradnih dokumentih in bojem z veliko birokracijo. Eden glavnih izzivov je digitalizacija starih baz podatkov. Predstavila je tudi zanimive prakse, kot npr., da slovenski sr\u010dni kirurgi 3D tiskajo natan\u010dno repliko pacientovega srca za na\u010drtovanje operacije.<\/span><span style=\"font-weight: 400;\"><br \/>\n<\/span><span style=\"font-weight: 400;\">Uro\u0161 Salobir, direktor strate\u0161kih inovacij pri Elesu, poudarja, da je \u010das za na\u010drtovanje izdelave teh 30 do 40 polnilnic na posamezni lokaciji za elektri\u010dne avtomobile zdaj!<\/span><span style=\"font-weight: 400;\"><br \/>\n<\/span><span style=\"font-weight: 400;\">Miha Praunseis, direktor za informacijsko tehnologijo v Petrolu, je pojasnil, koliko dejavnikov je treba upo\u0161tevati pri Petrolovih projektih, koliko posameznih oddelkov za te ima Petrol in omenil zadnje projekte, kot je aplikacija Petrol Go.<\/span><span style=\"font-weight: 400;\"><br \/>\n<\/span><span style=\"font-weight: 400;\">Zdravka Zalar, izvr\u0161na direktorica pri Smartisu, je delila podroben vpogled, da se ve\u010dina organizacij dr\u017ei kombiniranega oblaka+on prem uvajanja tehnologij, ki jih uporabljajo. Podala je tudi informacije, kako se nove generacije odlo\u010dajo za sprejem nove zaposlitve.<\/span><\/p>\n<p><span style=\"font-weight: 400;\">Govorci 2. panela so obravnavali mo\u017ene re\u0161itve za zagotavljanje neprekinjenega delovanja in digitalnega razvoja:<\/span><span style=\"font-weight: 400;\"><br \/>\n<\/span><span style=\"font-weight: 400;\">Vesna Prodnik, \u010dlanica uprave za digitalizacijo v Telekomu Slovenija, je poudarila, da je lokalna prisotnost za Telekom izjemno pomembna za zanesljivost, neprekinjeno delovanje in skladnost z lokalno zakonodajo.<\/span><span style=\"font-weight: 400;\"><br \/>\n<\/span><span style=\"font-weight: 400;\">Julij Bo\u017ei\u010d, direktor prodaje v oblaku Oracle Slovenija, je imel prebujajo\u010do novico, koliko stane infrastruktura in zakaj je oblak najpreprostej\u0161a in najla\u017eja odlo\u010ditev. Zanimiv je bil tudi podatek o pogostosti kibernetskih napadov in kako ti zaradi dobre varnosti za Oracle ne predstavljajo nikakr\u0161ne gro\u017enje.<\/span><span style=\"font-weight: 400;\"><br \/>\n<\/span><span style=\"font-weight: 400;\">Bla\u017e Suha\u010d poudarja dejstvo, ki je bilo tudi rezultat ankete: jasno vizijo, kaj je glavni cilj digitalizacije.<\/span><span style=\"font-weight: 400;\"><br \/>\n<\/span><span style=\"font-weight: 400;\">Igor Zorko, podpredsednik Gospodarske zbornice Slovenije in predsednik sekcije za eZdravje pri Zvezi za informatiko in telekomunikacije, je bil jasen: podjetja morajo svoj \u010das nameniti opravljanju osnovne dejavnosti in ne ukvarjanju z IT in stre\u017eniki. O\u010di nam je odprla zahteva po zanesljivem partnerstvu z dr\u017eavo in hitrej\u0161em delovanju. \u00bbDenarja za to je manj kot v preteklosti. Za celotno obdobje 5 do 6 let imamo na voljo 15 milijonov evrov.\u201d<\/span><span style=\"font-weight: 400;\"><br \/>\n<\/span><span style=\"font-weight: 400;\">Damir Abdi\u0107, vodja sektorja faktoring v Gorenjski banki, je pojasnil, kako teko\u010de deluje njihov digitaliziran oblak za storitve faktoringa.<\/span><\/p>\n<p><span style=\"font-weight: 400;\">O klju\u010dnih projektih digitalizacije in viziji prihodnosti so v tretjem panelu spregovorili:<\/span><span style=\"font-weight: 400;\"><br \/>\n<\/span><span style=\"font-weight: 400;\">Bojan Radlovi\u0107, glavni direktor za digitalizacijo Fortenova skupine in predsednik uprave MultiPlusCard, nas prebudi z dejstvom, da digitalizacija ni projekt, ampak kontinuiran proces. Zanimiv je bil vpogled v to, kako trd oreh so slovenski nakupovalci \u017eivil, ki hodijo v 5,6 trgovin z \u017eivili, v primerjavi s hrva\u0161kimi (in preostalimi dr\u017eavami Balkana), ki obi\u010dajno hodijo v 2 trgovini. Zanimiv je bil tudi na\u010drt za pilotni projekt avtonomne trgovine z \u017eivili. <\/span><span style=\"font-weight: 400;\"><br \/>\n<\/span><span style=\"font-weight: 400;\">Gregor Kova\u010di\u010d, izvr\u0161ni direktor oddelka za uporabni\u0161ko izku\u0161njo in digitalizacijo pri Zavarovalnici Triglav, je delil njihov najnovej\u0161i projekt Tria, njihovega virtualnega asistenta in razlo\u017eil interakcijo z naro\u010dnikom.<\/span><span style=\"font-weight: 400;\"><br \/>\n<\/span><span style=\"font-weight: 400;\">Jakob Kotnik iz Sinecona je omenil, kako se trendi premikajo od tega, da so vse storitve povezane s sistemom, kot je ERP, do lo\u010dene in najbolj\u0161e storitve za vsak oddelek podjetja in kako morajo med seboj sodelovati.<\/span><span style=\"font-weight: 400;\"><br \/>\n<\/span><span style=\"font-weight: 400;\">Iztok Juvan, direktor jadranske regije BE-terna je delil izku\u0161nje iz javnega in zasebnega sektorja. Omenil je, da v\u010dasih izbolj\u0161ave informacijske tehnologije na\u010drtuje generalno vodstvo in takrat glavne informacije ne pridejo do zadnjega zaposlenega, na delo katerega bodo njihove odlo\u010ditve vplivale.<\/span><span style=\"font-weight: 400;\"><br \/>\n<\/span><span style=\"font-weight: 400;\">Niko Medved, namestnik direktorja Plastike Skaza, je logi\u010dno izpostavil, da so strokovnjaki za oblikovanje plastike, in opozoril, da lahko, \u010de klju\u010dne dele\u017enike vklju\u010dite prepozno, digitalno strategijo zastavite napa\u010dno. &#8220;Cilj podjetja je, da lahko vsak zaposleni kadar koli sprejema hitrej\u0161e odlo\u010ditve na podlagi zanesljivih in pravo\u010dasnih informacij.&#8221;<\/span><\/p>\n<p><span style=\"font-weight: 400;\">Celoten dogodek je bil neverjeten vpogled, s \u010dim se klju\u010dna podjetja trenutno spopadajo in na katerih projektih delajo.<\/span><\/p>\n<p><span style=\"font-weight: 400;\">#Arigamix #BloombergAdria #Digitaltransformationssummit #hotelGrandPlaza #Ljubljana #genAI #izzividigitalnetransformacije #storitvevoblaku #vizijaprihodnosti<\/span><\/p>\n","protected":false},"excerpt":{"rendered":"<p>V veselje nam je bilo obiskati konferenco Bloomberg Adria v \u010dudovitem ambientu hotela Grand Plaza v Ljubljani. Osve\u017eilni odmik od kibernetskih napadov ter NIS2 novic in konferenc, so bili glavni predstavljeni paneli: 1. Vzpon generativne umetne inteligence 2. Izzivi digitalne transformacije 3. Storitve v oblaku kot platforma za digitalni razvoj ali \u201cAli smo dovolj bogati, &hellip; <a href=\"https:\/\/www.arigamix.com\/sl\/novice\/digital-transformation-summit-v-organizaciji-bloomberg-adrie\/\" class=\"more-link\">Continue reading <span class=\"screen-reader-text\">Digital Transformation Summit v organizaciji Bloomberg Adrie<\/span><\/a><\/p>\n","protected":false},"author":4,"featured_media":552,"parent":353,"menu_order":0,"comment_status":"closed","ping_status":"closed","template":"new.php","meta":{"inline_featured_image":false},"aioseo_notices":[],"_links":{"self":[{"href":"https:\/\/www.arigamix.com\/sl\/wp-json\/wp\/v2\/pages\/551"}],"collection":[{"href":"https:\/\/www.arigamix.com\/sl\/wp-json\/wp\/v2\/pages"}],"about":[{"href":"https:\/\/www.arigamix.com\/sl\/wp-json\/wp\/v2\/types\/page"}],"author":[{"embeddable":true,"href":"https:\/\/www.arigamix.com\/sl\/wp-json\/wp\/v2\/users\/4"}],"replies":[{"embeddable":true,"href":"https:\/\/www.arigamix.com\/sl\/wp-json\/wp\/v2\/comments?post=551"}],"version-history":[{"count":4,"href":"https:\/\/www.arigamix.com\/sl\/wp-json\/wp\/v2\/pages\/551\/revisions"}],"predecessor-version":[{"id":556,"href":"https:\/\/www.arigamix.com\/sl\/wp-json\/wp\/v2\/pages\/551\/revisions\/556"}],"up":[{"embeddable":true,"href":"https:\/\/www.arigamix.com\/sl\/wp-json\/wp\/v2\/pages\/353"}],"wp:featuredmedia":[{"embeddable":true,"href":"https:\/\/www.arigamix.com\/sl\/wp-json\/wp\/v2\/media\/552"}],"wp:attachment":[{"href":"https:\/\/www.arigamix.com\/sl\/wp-json\/wp\/v2\/media?parent=551"}],"curies":[{"name":"wp","href":"https:\/\/api.w.org\/{rel}","templated":true}]}}