{"id":546,"date":"2024-03-28T11:28:05","date_gmt":"2024-03-28T10:28:05","guid":{"rendered":"https:\/\/www.arigamix.com\/sl\/?page_id=546"},"modified":"2024-03-28T11:28:05","modified_gmt":"2024-03-28T10:28:05","slug":"obisk-digital-transformation-summit-bloombergadria","status":"publish","type":"page","link":"https:\/\/www.arigamix.com\/sl\/novice\/obisk-digital-transformation-summit-bloombergadria\/","title":{"rendered":"Obisk Digital Transformation Summita v organizaciji Bloomberg Adrie"},"content":{"rendered":"<p><img loading=\"lazy\" class=\"alignnone wp-image-547 size-full\" src=\"https:\/\/www.arigamix.com\/sl\/wp-content\/uploads\/2024\/03\/bloomberg-adria-digital-transformation-summit-e1711621592493.jpg\" alt=\"\" width=\"720\" height=\"488\" \/><\/p>\n<p>Veseli smo povabila na obisk Digital Transformation Summita, ki ga organizira Bloomberg Adria. Mednarodni medij, ki je bil v Sloveniji ustanovljen \u0161ele pred kratkim, prina\u0161a sve\u017eo perspektivo z globljim vpogledom v tuje trge. Veliko zanimanje za sam dogodek je bil z na\u0161e strani pri\u010dakovan.<\/p>\n<p>Skupna nam je tematika dogodka, kjer se ukvarjamo z izzivi, ki jih na\u0161i naro\u010dniki delijo z nami, vendar i\u0161\u010demo na\u010dine za njihovo premagovanje z razvojem, ki temelji na novih digitalnih tehnologijah, pristopih in pionirji digitalnih trendov.<\/p>\n<p>Se vidimo?<\/p>\n<p><span style=\"font-weight: 400;\">#BloombergAdria #Digitaltransformation #Summit #mednarodnimedij #svezaperspektiva #vpogledvtujetrge\u00a0<\/span><\/p>\n","protected":false},"excerpt":{"rendered":"<p>Veseli smo povabila na obisk Digital Transformation Summita, ki ga organizira Bloomberg Adria. Mednarodni medij, ki je bil v Sloveniji ustanovljen \u0161ele pred kratkim, prina\u0161a sve\u017eo perspektivo z globljim vpogledom v tuje trge. Veliko zanimanje za sam dogodek je bil z na\u0161e strani pri\u010dakovan. Skupna nam je tematika dogodka, kjer se ukvarjamo z izzivi, ki &hellip; <a href=\"https:\/\/www.arigamix.com\/sl\/novice\/obisk-digital-transformation-summit-bloombergadria\/\" class=\"more-link\">Continue reading <span class=\"screen-reader-text\">Obisk Digital Transformation Summita v organizaciji Bloomberg Adrie<\/span><\/a><\/p>\n","protected":false},"author":4,"featured_media":547,"parent":353,"menu_order":0,"comment_status":"closed","ping_status":"closed","template":"new.php","meta":{"inline_featured_image":false},"aioseo_notices":[],"_links":{"self":[{"href":"https:\/\/www.arigamix.com\/sl\/wp-json\/wp\/v2\/pages\/546"}],"collection":[{"href":"https:\/\/www.arigamix.com\/sl\/wp-json\/wp\/v2\/pages"}],"about":[{"href":"https:\/\/www.arigamix.com\/sl\/wp-json\/wp\/v2\/types\/page"}],"author":[{"embeddable":true,"href":"https:\/\/www.arigamix.com\/sl\/wp-json\/wp\/v2\/users\/4"}],"replies":[{"embeddable":true,"href":"https:\/\/www.arigamix.com\/sl\/wp-json\/wp\/v2\/comments?post=546"}],"version-history":[{"count":3,"href":"https:\/\/www.arigamix.com\/sl\/wp-json\/wp\/v2\/pages\/546\/revisions"}],"predecessor-version":[{"id":550,"href":"https:\/\/www.arigamix.com\/sl\/wp-json\/wp\/v2\/pages\/546\/revisions\/550"}],"up":[{"embeddable":true,"href":"https:\/\/www.arigamix.com\/sl\/wp-json\/wp\/v2\/pages\/353"}],"wp:featuredmedia":[{"embeddable":true,"href":"https:\/\/www.arigamix.com\/sl\/wp-json\/wp\/v2\/media\/547"}],"wp:attachment":[{"href":"https:\/\/www.arigamix.com\/sl\/wp-json\/wp\/v2\/media?parent=546"}],"curies":[{"name":"wp","href":"https:\/\/api.w.org\/{rel}","templated":true}]}}