{"id":539,"date":"2024-03-19T10:52:49","date_gmt":"2024-03-19T09:52:49","guid":{"rendered":"https:\/\/www.arigamix.com\/sl\/?page_id=539"},"modified":"2024-03-19T11:55:49","modified_gmt":"2024-03-19T10:55:49","slug":"detektivsko-marcevsko-srecanje-it-klubov","status":"publish","type":"page","link":"https:\/\/www.arigamix.com\/sl\/novice\/detektivsko-marcevsko-srecanje-it-klubov\/","title":{"rendered":"Detektivsko mar\u010devsko sre\u010danje IT klubov"},"content":{"rendered":"<p><img loading=\"lazy\" class=\"alignnone wp-image-540 size-large\" src=\"https:\/\/www.arigamix.com\/sl\/wp-content\/uploads\/2024\/03\/IT-club-FVV-detective-information-security-1024x662.jpg\" alt=\"\" width=\"660\" height=\"427\" \/><\/p>\n<p><span style=\"font-weight: 400;\">V sredo, 13. marca, smo imeli v okviru Managerjevega IT kluba na Fakulteti za varnostne vede \u00bbdetektivsko sre\u010danje\u00ab.<\/span><\/p>\n<p><b><\/b><span style=\"font-weight: 400;\">Uvodni nagovor in pozdrav je imel dekan Fakultete za varnostne vede prof. dr. Igor Bernik. Sre\u010danje je vodil izr. prof. dr. Miha Dvojmo\u010d &#8211; detektiv.<\/span><span style=\"font-weight: 400;\"><br \/>\n<\/span><span style=\"font-weight: 400;\"><br \/>\n<\/span><span style=\"font-weight: 400;\">Spoznali smo detektivsko delo, za katerega se uporablja odprtokodna inteligenca. 90 % raziskav je danes pokritih z iskanjem obve\u0161\u010devalnih podatkov v kibernetskem prostoru, ki vklju\u010duje: spletna mesta, dru\u017ebene medije, spletna omre\u017eja, spletne zemljevide, javne zbirke podatkov, statisti\u010dne publikacije in storitve posrednika podatkov. Obstaja \u017ee 9 spletnih brskalnikov.<\/span><b><br \/>\n<\/b><b><br \/>\n<\/b><span style=\"font-weight: 400;\">V Sloveniji se izrazito pove\u010dujejo potrebe po storitvah na podro\u010dju detektivske dejavnosti. Z ve\u010danjem povpra\u0161evanja po storitvah se pove\u010duje tudi \u0161tevilo nadzorov, ki so na meji zakonitosti. Primarno te\u017eavo predstavljajo osebe, ki teoreti\u010dno ali prakti\u010dno niso usposobljene za izvajanje nadzora, ter \u010drni trg storitev, ki posega predvsem v \u010dlovekove pravice in temeljne svobo\u0161\u010dine.<\/span><\/p>\n<p><span style=\"font-weight: 400;\">Tudi \u010de se nismo zna\u0161li v vlogi naro\u010dnika detektivskih storitev, je bilo tokratno sre\u010danje res zelo zanimivo, saj smo iz primerov v praksi izvedeli, kako lahko detektivsko delo in dobra pravna podlaga v organizaciji pripomoreta k zmanj\u0161anju uhajanja informacij. Predavatelj je ve\u010dkrat poudaril, da je za opravljanje detektivskega poklica klju\u010den tudi Kodeks poklicne etike. Omenjeno je bilo tudi, da detektivsko dejavnost v Sloveniji v prvi vrsti ureja Zakon o detektivski dejavnosti, ki je najpomembnej\u0161i dokument na tem podro\u010dju.<\/span><span style=\"font-weight: 400;\"><br \/>\n<\/span><span style=\"font-weight: 400;\"><br \/>\n<\/span><span style=\"font-weight: 400;\">#varovanjeosebnihpodatkov #ManagersITclub #Palsit #detektivskodelo #upravljanjedokumentnegasistema #osint #cyberspaceintelligence #codeofprofessionalethics #Arigamix #CRM #upravljanjeodnosovsstrankami <\/span><\/p>\n","protected":false},"excerpt":{"rendered":"<p>V sredo, 13. marca, smo imeli v okviru Managerjevega IT kluba na Fakulteti za varnostne vede \u00bbdetektivsko sre\u010danje\u00ab. Uvodni nagovor in pozdrav je imel dekan Fakultete za varnostne vede prof. dr. Igor Bernik. Sre\u010danje je vodil izr. prof. dr. Miha Dvojmo\u010d &#8211; detektiv. Spoznali smo detektivsko delo, za katerega se uporablja odprtokodna inteligenca. 90 % &hellip; <a href=\"https:\/\/www.arigamix.com\/sl\/novice\/detektivsko-marcevsko-srecanje-it-klubov\/\" class=\"more-link\">Continue reading <span class=\"screen-reader-text\">Detektivsko mar\u010devsko sre\u010danje IT klubov<\/span><\/a><\/p>\n","protected":false},"author":4,"featured_media":540,"parent":353,"menu_order":0,"comment_status":"closed","ping_status":"closed","template":"new.php","meta":{"inline_featured_image":false},"aioseo_notices":[],"_links":{"self":[{"href":"https:\/\/www.arigamix.com\/sl\/wp-json\/wp\/v2\/pages\/539"}],"collection":[{"href":"https:\/\/www.arigamix.com\/sl\/wp-json\/wp\/v2\/pages"}],"about":[{"href":"https:\/\/www.arigamix.com\/sl\/wp-json\/wp\/v2\/types\/page"}],"author":[{"embeddable":true,"href":"https:\/\/www.arigamix.com\/sl\/wp-json\/wp\/v2\/users\/4"}],"replies":[{"embeddable":true,"href":"https:\/\/www.arigamix.com\/sl\/wp-json\/wp\/v2\/comments?post=539"}],"version-history":[{"count":4,"href":"https:\/\/www.arigamix.com\/sl\/wp-json\/wp\/v2\/pages\/539\/revisions"}],"predecessor-version":[{"id":544,"href":"https:\/\/www.arigamix.com\/sl\/wp-json\/wp\/v2\/pages\/539\/revisions\/544"}],"up":[{"embeddable":true,"href":"https:\/\/www.arigamix.com\/sl\/wp-json\/wp\/v2\/pages\/353"}],"wp:featuredmedia":[{"embeddable":true,"href":"https:\/\/www.arigamix.com\/sl\/wp-json\/wp\/v2\/media\/540"}],"wp:attachment":[{"href":"https:\/\/www.arigamix.com\/sl\/wp-json\/wp\/v2\/media?parent=539"}],"curies":[{"name":"wp","href":"https:\/\/api.w.org\/{rel}","templated":true}]}}