{"id":532,"date":"2024-02-27T10:19:03","date_gmt":"2024-02-27T09:19:03","guid":{"rendered":"https:\/\/www.arigamix.com\/sl\/?page_id=532"},"modified":"2024-02-27T10:19:34","modified_gmt":"2024-02-27T09:19:34","slug":"arigamix-api-za-integracijo-z-drugimi-sistemi","status":"publish","type":"page","link":"https:\/\/www.arigamix.com\/sl\/novice\/arigamix-api-za-integracijo-z-drugimi-sistemi\/","title":{"rendered":"Arigamix API za integracijo z drugimi sistemi"},"content":{"rendered":"<p><img loading=\"lazy\" class=\"alignnone wp-image-533 size-large\" src=\"https:\/\/www.arigamix.com\/sl\/wp-content\/uploads\/2024\/02\/Arigamix-API-for-integrating-with-other-systems-1280-1024x632.png\" alt=\"\" width=\"660\" height=\"407\" srcset=\"https:\/\/www.arigamix.com\/sl\/wp-content\/uploads\/2024\/02\/Arigamix-API-for-integrating-with-other-systems-1280-1024x632.png 1024w, https:\/\/www.arigamix.com\/sl\/wp-content\/uploads\/2024\/02\/Arigamix-API-for-integrating-with-other-systems-1280-300x185.png 300w, https:\/\/www.arigamix.com\/sl\/wp-content\/uploads\/2024\/02\/Arigamix-API-for-integrating-with-other-systems-1280-768x474.png 768w, https:\/\/www.arigamix.com\/sl\/wp-content\/uploads\/2024\/02\/Arigamix-API-for-integrating-with-other-systems-1280-825x510.png 825w, https:\/\/www.arigamix.com\/sl\/wp-content\/uploads\/2024\/02\/Arigamix-API-for-integrating-with-other-systems-1280.png 1280w\" sizes=\"(max-width: 660px) 100vw, 660px\" \/><\/p>\n<p><span style=\"font-weight: 400;\">Platforma Arigamix ima raz\u0161irjen aplikacijski programski vmesnik (API), ki odpira neomejene mo\u017enosti za raz\u0161iritev funkcionalnosti re\u0161itev in integracijo re\u0161itev na osnovi Arigamixa z drugimi informacijskimi sistemi.<\/span><\/p>\n<p><span style=\"font-weight: 400;\">Odjemalske raz\u0161iritve omogo\u010dajo implementacijo napredne logike na strani spletnega odjemalca, s katerim uporabnik dela. To lahko vklju\u010duje dodatna preverjanja podatkov, dodatna pogovorna okna, raz\u0161iritve funkcij standardnega uporabni\u0161kega vmesnika itd. Skoraj vsak dogodek na strani spletnega odjemalca je mogo\u010de raz\u0161iriti z dodatnimi funkcijami. Na primer, ko vnesete znesek v dolo\u010deno polje pogodbene kartice, se znesek davka takoj izra\u010duna v sosednjem polju.<\/span><\/p>\n<p><span style=\"font-weight: 400;\">Stre\u017eni\u0161ke raz\u0161iritve lahko kli\u010dejo in sprejemajo podatke iz drugih informacijskih sistemov ali po\u0161iljajo podatke Arigamix v zunanje informacijske sisteme. Na primer, iz sistema ERP lahko pridobite seznam prora\u010dunskih postavk ali katalog proizvodnih enot. Med postopkom odobritve ra\u010duna lahko naredite zahtevo zunanjemu sistemu in samodejno ugotovite, ali je predra\u010dun predviden za pla\u010dilo ra\u010duna. Dogovorjeni dokument se lahko samodejno po\u0161lje nasprotni stranki, na primer prek integracije z DocuSign. In vse to se izvaja z uporabo API-ja.<\/span><\/p>\n<p><span style=\"font-weight: 400;\">Poleg tega lahko iz zunanjega sistema izvedete skoraj vsako dejanje v Arigamixu z uporabo API-ja. Na primer, lahko ustvarite novo kartico kupca, dokument ali drugo entiteto, lahko pridobite podatke o zahtevanem dokumentu, lahko za\u017eenete poslovni proces odobritve itd.<\/span><\/p>\n<p><span style=\"font-weight: 400;\">Z API-ji lahko ustvarite celovite poslovne procese v podjetju, ki bodo zdru\u017eevali ve\u010d informacijskih sistemov in pomagali bistveno optimizirati delo. Pravilna uporaba API-jev bo prihranila veliko sredstev, financ, \u010dasa, se izognila napakam in dolgoro\u010dno izbolj\u0161ala uspe\u0161nost zaposlenih in poslovne rezultate.<\/span><\/p>\n<p>#Arigamix #API #sistemzaupravljanjedokumentov #razsiritve #docusign #odobritve #izbolj\u0161ave #izbolj\u0161anodelovanje #CRM #DMS #ServiceDesk #Ticketing<\/p>\n","protected":false},"excerpt":{"rendered":"<p>Platforma Arigamix ima raz\u0161irjen aplikacijski programski vmesnik (API), ki odpira neomejene mo\u017enosti za raz\u0161iritev funkcionalnosti re\u0161itev in integracijo re\u0161itev na osnovi Arigamixa z drugimi informacijskimi sistemi. Odjemalske raz\u0161iritve omogo\u010dajo implementacijo napredne logike na strani spletnega odjemalca, s katerim uporabnik dela. To lahko vklju\u010duje dodatna preverjanja podatkov, dodatna pogovorna okna, raz\u0161iritve funkcij standardnega uporabni\u0161kega vmesnika itd. &hellip; <a href=\"https:\/\/www.arigamix.com\/sl\/novice\/arigamix-api-za-integracijo-z-drugimi-sistemi\/\" class=\"more-link\">Continue reading <span class=\"screen-reader-text\">Arigamix API za integracijo z drugimi sistemi<\/span><\/a><\/p>\n","protected":false},"author":4,"featured_media":533,"parent":353,"menu_order":0,"comment_status":"closed","ping_status":"closed","template":"new.php","meta":{"inline_featured_image":false},"aioseo_notices":[],"_links":{"self":[{"href":"https:\/\/www.arigamix.com\/sl\/wp-json\/wp\/v2\/pages\/532"}],"collection":[{"href":"https:\/\/www.arigamix.com\/sl\/wp-json\/wp\/v2\/pages"}],"about":[{"href":"https:\/\/www.arigamix.com\/sl\/wp-json\/wp\/v2\/types\/page"}],"author":[{"embeddable":true,"href":"https:\/\/www.arigamix.com\/sl\/wp-json\/wp\/v2\/users\/4"}],"replies":[{"embeddable":true,"href":"https:\/\/www.arigamix.com\/sl\/wp-json\/wp\/v2\/comments?post=532"}],"version-history":[{"count":4,"href":"https:\/\/www.arigamix.com\/sl\/wp-json\/wp\/v2\/pages\/532\/revisions"}],"predecessor-version":[{"id":537,"href":"https:\/\/www.arigamix.com\/sl\/wp-json\/wp\/v2\/pages\/532\/revisions\/537"}],"up":[{"embeddable":true,"href":"https:\/\/www.arigamix.com\/sl\/wp-json\/wp\/v2\/pages\/353"}],"wp:featuredmedia":[{"embeddable":true,"href":"https:\/\/www.arigamix.com\/sl\/wp-json\/wp\/v2\/media\/533"}],"wp:attachment":[{"href":"https:\/\/www.arigamix.com\/sl\/wp-json\/wp\/v2\/media?parent=532"}],"curies":[{"name":"wp","href":"https:\/\/api.w.org\/{rel}","templated":true}]}}