{"id":526,"date":"2024-02-16T11:08:56","date_gmt":"2024-02-16T10:08:56","guid":{"rendered":"https:\/\/www.arigamix.com\/sl\/?page_id=526"},"modified":"2024-02-16T11:26:24","modified_gmt":"2024-02-16T10:26:24","slug":"obiskali-smo-urad-informacijskega-pooblascenca-slovenije-v-sklopu-it-kluba-menedzerjev","status":"publish","type":"page","link":"https:\/\/www.arigamix.com\/sl\/novice\/obiskali-smo-urad-informacijskega-pooblascenca-slovenije-v-sklopu-it-kluba-menedzerjev\/","title":{"rendered":"Obiskali smo urad informacijskega poobla\u0161\u010denca Slovenije v sklopu IT kluba mened\u017eerjev"},"content":{"rendered":"<p><img loading=\"lazy\" class=\"alignnone wp-image-527 size-large\" src=\"https:\/\/www.arigamix.com\/sl\/wp-content\/uploads\/2024\/02\/Aragimix-pri-informacijski-pooblascenec-1024x576.jpg\" alt=\"\" width=\"660\" height=\"371\" \/><\/p>\n<p><span style=\"font-weight: 400;\">Na pustni torek 13. februarja smo se v sklopu IT kluba mened\u017eerjev sre\u010dali na Uradu informacijskega poobla\u0161\u010denca Slovenije. <\/span><\/p>\n<p><span style=\"font-weight: 400;\">Informacijska poobla\u0161\u010denka Mojca Prelesnik nas je najprej seznanila<\/span><span style=\"font-weight: 400;\"> s statistikami prej\u0161njega leta 2023 in sicer: statistiko postopkov IP, statistiko prekr\u0161kovnih zadev, \u010dezmejnega nadzora in drugimi kot npr. pisna mnenja, pripombe itd. Predstavljene so nam bile tudi dileme, opozorjeni smo bili na novosti in spremembe, ki jih je potrebno nujno upo\u0161tevati.<br \/>\nNa primer, \u0161e posebno je treba biti pozoren na zavarovanje osebnih podatkov, ki so predmet postopka, na vzpostavitev in hrambo dnevni\u0161kih zapisov, novosti so pa tudi pri videonadzoru. Dobra novica je, da pri izdaji odlo\u010dbe o biometriji ni ve\u010d taks. Kmalu bodo postali tudi pomembni akti EU: akt o digitalnih storitvah (uporaba algoritmov&#8230;), akt o umetni inteligenci in akt o upravljanju podatkov.\u00a0<\/span><\/p>\n<p>Seznanjeni smo bili z nekaterimi zanimivimi sodbami sodi\u0161\u010da EU.<\/p>\n<p>Nato nam je namestnik informacijske poobla\u0161\u010denke mag. Andrej Tom\u0161i\u010d predstavil tehnolo\u0161ke izzive s katerim se sre\u010duje podro\u010dje varstva osebnih podatkov. Izpostavil je podro\u010dja: digitalne valute, kognitivna zasebnost (primer vgradnja \u010dipa v mo\u017egane), pametna mesta, pametni (video)nadzor, umetna inteligenca, genski podatki.<\/p>\n<p>Seznanili smo se s priporo\u010dili in smernicami izvedbe ocene u\u010dinka na varstvo osebnih podatkov (DPIA). Tudi podatki o nekaj kazni nam je bilo prikazanih. Urad informacijskega poobla\u0161\u010denca izdaja tudi publikacije, ki so na voljo na njihovi spletni strani: https:\/\/www.ip-rs.si\/publikacije\/prirocniki-in-smernice. Na voljo so tudi posodobljene vsebine po ZVOP-2 na straneh o zakonodaji.<\/p>\n<p>V pripravi je tudi potrjevanje &#8211; certificiranje IT programov, platform za spletno prodajo, klubov zvestobe, spletnega ban\u010dni\u0161tva in biometri\u010dnih sistemov za vstop\/izstop.<\/p>\n<p>Kot vedno na tovrstnih sre\u010danjih se v neformalnem delu seznanimo tudi z zanimivostmi iz prakse, dilemami podjetij nekaterih udele\u017eencev, udele\u017eenci pa so imeli prilo\u017enost kar takoj vpra\u0161ati za mnenje in dobili dobre napotke za naprej.<\/p>\n<p>#Arigamix #varnostosebnihpodatkov #informacijskipoobla\u0161\u010denec #dokumentnisistem #IP #ITklubmened\u017eerjev #Palsit<\/p>\n","protected":false},"excerpt":{"rendered":"<p>Na pustni torek 13. februarja smo se v sklopu IT kluba mened\u017eerjev sre\u010dali na Uradu informacijskega poobla\u0161\u010denca Slovenije. Informacijska poobla\u0161\u010denka Mojca Prelesnik nas je najprej seznanila s statistikami prej\u0161njega leta 2023 in sicer: statistiko postopkov IP, statistiko prekr\u0161kovnih zadev, \u010dezmejnega nadzora in drugimi kot npr. pisna mnenja, pripombe itd. Predstavljene so nam bile tudi dileme, &hellip; <a href=\"https:\/\/www.arigamix.com\/sl\/novice\/obiskali-smo-urad-informacijskega-pooblascenca-slovenije-v-sklopu-it-kluba-menedzerjev\/\" class=\"more-link\">Continue reading <span class=\"screen-reader-text\">Obiskali smo urad informacijskega poobla\u0161\u010denca Slovenije v sklopu IT kluba mened\u017eerjev<\/span><\/a><\/p>\n","protected":false},"author":4,"featured_media":527,"parent":353,"menu_order":0,"comment_status":"closed","ping_status":"closed","template":"new.php","meta":{"inline_featured_image":false},"aioseo_notices":[],"_links":{"self":[{"href":"https:\/\/www.arigamix.com\/sl\/wp-json\/wp\/v2\/pages\/526"}],"collection":[{"href":"https:\/\/www.arigamix.com\/sl\/wp-json\/wp\/v2\/pages"}],"about":[{"href":"https:\/\/www.arigamix.com\/sl\/wp-json\/wp\/v2\/types\/page"}],"author":[{"embeddable":true,"href":"https:\/\/www.arigamix.com\/sl\/wp-json\/wp\/v2\/users\/4"}],"replies":[{"embeddable":true,"href":"https:\/\/www.arigamix.com\/sl\/wp-json\/wp\/v2\/comments?post=526"}],"version-history":[{"count":4,"href":"https:\/\/www.arigamix.com\/sl\/wp-json\/wp\/v2\/pages\/526\/revisions"}],"predecessor-version":[{"id":531,"href":"https:\/\/www.arigamix.com\/sl\/wp-json\/wp\/v2\/pages\/526\/revisions\/531"}],"up":[{"embeddable":true,"href":"https:\/\/www.arigamix.com\/sl\/wp-json\/wp\/v2\/pages\/353"}],"wp:featuredmedia":[{"embeddable":true,"href":"https:\/\/www.arigamix.com\/sl\/wp-json\/wp\/v2\/media\/527"}],"wp:attachment":[{"href":"https:\/\/www.arigamix.com\/sl\/wp-json\/wp\/v2\/media?parent=526"}],"curies":[{"name":"wp","href":"https:\/\/api.w.org\/{rel}","templated":true}]}}