{"id":517,"date":"2024-01-17T10:05:19","date_gmt":"2024-01-17T09:05:19","guid":{"rendered":"https:\/\/www.arigamix.com\/sl\/?page_id=517"},"modified":"2024-01-17T10:09:36","modified_gmt":"2024-01-17T09:09:36","slug":"arigamix-dms-varnost-podatkov","status":"publish","type":"page","link":"https:\/\/www.arigamix.com\/sl\/novice\/arigamix-dms-varnost-podatkov\/","title":{"rendered":"Kako je v DMS Arigamix poskrbljeno za varnost va\u0161ih podatkov"},"content":{"rendered":"<p><img loading=\"lazy\" class=\"alignnone wp-image-518 size-large\" src=\"https:\/\/www.arigamix.com\/sl\/wp-content\/uploads\/2024\/01\/URSIV-December-1024x582.jpg\" alt=\"\" width=\"660\" height=\"375\" \/><\/p>\n<p><span style=\"font-weight: 400;\">Na\u0161e decembrsko sre\u010danje Palsit IT kluba je potekalo 14. decembra z <\/span><span style=\"font-weight: 400;\">Uradom Vlade Republike Slovenije za informacijsko varnost (URSIV). <\/span><span style=\"font-weight: 400;\">Na dogodku je bilo podrobneje predstavljeno delovanje URSIV, pomen njegove vloge v sistemu nacionalne varnosti ter klju\u010dne novosti, ki jih prina\u0161a implementacija direktive NIS 2.<\/span><\/p>\n<p><span style=\"font-weight: 400;\">V skladu z regulativo EU NIS2 morajo ne le sektor kriti\u010dne infrastrukture, ampak tudi naslednji sektorji poskrbeti za naslednje: <\/span><b>razvoj in izvajanje okvira politike kibernetske varnosti<\/b><span style=\"font-weight: 400;\">, <\/span><b>opredeliti vloge in odgovornosti v zvezi s kibernetsko varnostjo<\/b><span style=\"font-weight: 400;\">, <\/span><b>prepoznati in oceniti tveganja za varnost omre\u017eij in informacijskih sistemov organizacije ter razviti ukrepe za obvladovanje teh tveganj.\u00a0<\/b><\/p>\n<p><span style=\"font-weight: 400;\">DRUGI KRITI\u010cNI SEKTORJI:<\/span><\/p>\n<ol>\n<li><span style=\"font-weight: 400;\">Po\u0161tne in kurirske storitve (izvajalci dolo\u010denih po\u0161tnih in kurirskih storitev);<\/span><\/li>\n<li><span style=\"font-weight: 400;\"> Ravnanje z odpadki (izvajalci \u2013 glavna dejavnost);<\/span><\/li>\n<li><span style=\"font-weight: 400;\"> Proizvodnja, proizvodnja in distribucija kemikalij (proizvodnja in distribucija dolo\u010denih <\/span>snovi);<\/li>\n<li><span style=\"font-weight: 400;\">Proizvodnja, predelava in distribucija \u017eivil (veleprodaja, industrijska proizvodnja);<\/span><\/li>\n<li><span style=\"font-weight: 400;\">Proizvodnja dolo\u010denih vrst izdelkov (medicinski pripomo\u010dki; ra\u010dunalniki, elektronski in <\/span>opti\u010dni izdelki, proizvodnja elektri\u010dnih naprav, proizvodnja drugih strojev in naprav, proizvodnja motorna vozila, prikolice, polprikolice, proizvodnja drugih vozil in plovil)<\/li>\n<li><span style=\"font-weight: 400;\">Digitalni ponudniki (spletne tr\u017enice, spletni iskalniki, platforme socialnih storitev <\/span>mre\u017eenje);<\/li>\n<li><span style=\"font-weight: 400;\">Raziskovanje (raziskovalne organizacije).<\/span><\/li>\n<\/ol>\n<p><span style=\"font-weight: 400;\">Eden od neuradnih sklepov celotnega sre\u010danja je bil, da<\/span><i><span style=\"font-weight: 400;\">svojega podjetja ne morete zares za\u0161\u010dititi pred kibernetskimi napadi, vendar lahko vklju\u010dite toliko varnostnih ukrepov, ki demotivirajo hekerje, da obupajo in si izberejo druge tar\u010de<\/span><\/i><span style=\"font-weight: 400;\">.<\/span><\/p>\n<p><b>Platforma Arigamix ima \u017ee na voljo veliko re\u0161itev, ki jih je enostavno implementirati, ob implementaciji pa se izvajajo izobra\u017eevanja za administratorje.<\/b><b>\u00a0<\/b><\/p>\n<p><b>Arigamixov prilagodljiv podsistem za nadzor dostopa na podlagi vlog <\/b><span style=\"font-weight: 400;\">omogo\u010da dolo\u010ditev dodatnih pogojev dostopa za razli\u010dne lastnosti dokumentov. Pripravljene re\u0161itve platforme Arigamix podpirajo stati\u010dno vlogo, kontekstno vlogo, dinami\u010dno vlogo, lahko izra\u010dunava vloge na podlagi namestnikov. Administratorji lahko nastavijo \u010dasovno omejitev dostopa uporabnika, dolo\u010dijo namestnike za izra\u010dun vlog, sinhronizirajo z aktivnim imenikom (Active Directory) itd.<\/span><\/p>\n<p><b>V primeru nujne omejitve dostopa zaposlenemu, administrator lahko prepove prijavo z eno kljukico v potrditvenem polju.\u00a0<\/b><\/p>\n<p><b>Podpira tudi LDAP.<\/b> <b>Lahek protokol za dostop do imenika<\/b><span style=\"font-weight: 400;\"> je odprt, nevtralen industrijski standardni aplikacijski protokol za dostop do in vzdr\u017eevanje porazdeljenih imeni\u0161kih informacijskih storitev prek omre\u017eja internetnega protokola. Imeni\u0161ke storitve igrajo pomembno vlogo pri razvoju intranetnih in internetnih aplikacij, saj omogo\u010dajo skupno rabo informacij o uporabnikih, sistemih, omre\u017ejih, storitvah in aplikacijah v celotnem omre\u017eju. Imeni\u0161ke storitve lahko na primer zagotovijo katerikoli organiziran niz zapisov, pogosto s hierarhi\u010dno strukturo, kot je e-po\u0161tni imenik podjetja.<\/span><\/p>\n<p><b>Pravila generiranja ACL<\/b><span style=\"font-weight: 400;\"> so tudi podprta. V Arigamixu je ACL v bistvu na\u010din za u\u010dinkovito zdru\u017eevanje uporabnikov v vloge (najenostavnej\u0161a je <\/span><i><span style=\"font-weight: 400;\">Vsi uporabniki<\/span><\/i><span style=\"font-weight: 400;\">), tako da lahko zelo hitro ugotovimo, ali imajo dostop do dokumenta. Izbolj\u0161a svoj podsistem za nadzor dostopa na podlagi vlog. ACL nam omogo\u010da, da imamo ve\u010d plasti namestnikov za uporabnike, hkrati pa izbolj\u0161amo \u010das za dolo\u010ditev uporabni\u0161kih dovoljenj za dokument. Poleg tega se lahko ACL odzove na vsako spremembo v dokumentu in sproti prera\u010dunava dovoljenja za prizadete uporabnike.<\/span><span style=\"font-weight: 400;\"><br \/>\n<\/span><\/p>\n<p><span style=\"font-weight: 400;\">Glede komentarja URSIV:<\/span><i><span style=\"font-weight: 400;\"> nekatere vrste stre\u017enikov so bolj izpostavljene kibernetskim napadom<\/span><\/i><span style=\"font-weight: 400;\">, <\/span><b>Arigamix je mogo\u010de namestiti na mestu uporabe na razli\u010dne vrste stre\u017enikov<\/b><span style=\"font-weight: 400;\">, Windows in Linux OS sta podprta. Podpira tudi Docker in deluje v virtualnih okoljih.<\/span><\/p>\n<p><span style=\"font-weight: 400;\">\u010ce se podjetje ali organizacija odlo\u010di, da bo Arigamix name\u0161\u010den v oblaku, je <\/span><i><span style=\"font-weight: 400;\">odgovornost uporabnikov za varnost naprave, na kateri ga uporabljajo, npr. prenosnika. <\/span><\/i><b>Spletni dostop do delovnega prostora Arigamix poteka prek https in ves promet je \u0161ifriran. Arigamix je podprt iz katerega koli brskalnika<\/b><span style=\"font-weight: 400;\"> kot so Chrome, Bing, Firefox, Safari&#8230; uporabnik lahko izbere tistega z najni\u017ejim \u0161tevilom dodatkov (add-on-ov), ki je najbolj za\u0161\u010diten. <\/span><b>Uporabnik lahko izbere najvarnej\u0161ega ali pa kadarkoli spremeni, katerega uporablja. Arigamix na odjemalca nikoli ne nalo\u017ei ni\u010desar nepotrebnega, temve\u010d samo podatke, ki jih uporabnik vidi.\u00a0<\/b><\/p>\n<p><span style=\"font-weight: 400;\">Arigamix ima tudi vse nastavljeno za tip dokumenta \u00bbdirektiva\u00ab, s katerim <\/span><b>mened\u017eerji lahko enostavno in hitro uvedejo nova varnostna pravila in predpise.<\/b><span style=\"font-weight: 400;\"> S tem lahko nastavijo\u00a0 avtomatsko e-obve\u0161\u010danje za takoj\u0161nje obve\u0161\u010danje zaposlenih.<\/span><\/p>\n<p><span style=\"font-weight: 400;\">V Arigamixu je na voljo veliko ve\u010d mo\u017enosti po meri, a na koncu pridemo do gesla. Najve\u010dja dol\u017eina gesla v Arigamixu je 128 znakov. Kako in kje ga varno hraniti, je odgovornost in izbira uporabnika.\u00a0<\/span><\/p>\n<p>#Arigamix #kibernetskavarnost #platforma #dokumentnisistem #ursiv #testirajte #narociteDemo<\/p>\n","protected":false},"excerpt":{"rendered":"<p>Na\u0161e decembrsko sre\u010danje Palsit IT kluba je potekalo 14. decembra z Uradom Vlade Republike Slovenije za informacijsko varnost (URSIV). Na dogodku je bilo podrobneje predstavljeno delovanje URSIV, pomen njegove vloge v sistemu nacionalne varnosti ter klju\u010dne novosti, ki jih prina\u0161a implementacija direktive NIS 2. V skladu z regulativo EU NIS2 morajo ne le sektor kriti\u010dne &hellip; <a href=\"https:\/\/www.arigamix.com\/sl\/novice\/arigamix-dms-varnost-podatkov\/\" class=\"more-link\">Continue reading <span class=\"screen-reader-text\">Kako je v DMS Arigamix poskrbljeno za varnost va\u0161ih podatkov<\/span><\/a><\/p>\n","protected":false},"author":4,"featured_media":518,"parent":353,"menu_order":0,"comment_status":"closed","ping_status":"closed","template":"new.php","meta":{"inline_featured_image":false},"aioseo_notices":[],"_links":{"self":[{"href":"https:\/\/www.arigamix.com\/sl\/wp-json\/wp\/v2\/pages\/517"}],"collection":[{"href":"https:\/\/www.arigamix.com\/sl\/wp-json\/wp\/v2\/pages"}],"about":[{"href":"https:\/\/www.arigamix.com\/sl\/wp-json\/wp\/v2\/types\/page"}],"author":[{"embeddable":true,"href":"https:\/\/www.arigamix.com\/sl\/wp-json\/wp\/v2\/users\/4"}],"replies":[{"embeddable":true,"href":"https:\/\/www.arigamix.com\/sl\/wp-json\/wp\/v2\/comments?post=517"}],"version-history":[{"count":4,"href":"https:\/\/www.arigamix.com\/sl\/wp-json\/wp\/v2\/pages\/517\/revisions"}],"predecessor-version":[{"id":522,"href":"https:\/\/www.arigamix.com\/sl\/wp-json\/wp\/v2\/pages\/517\/revisions\/522"}],"up":[{"embeddable":true,"href":"https:\/\/www.arigamix.com\/sl\/wp-json\/wp\/v2\/pages\/353"}],"wp:featuredmedia":[{"embeddable":true,"href":"https:\/\/www.arigamix.com\/sl\/wp-json\/wp\/v2\/media\/518"}],"wp:attachment":[{"href":"https:\/\/www.arigamix.com\/sl\/wp-json\/wp\/v2\/media?parent=517"}],"curies":[{"name":"wp","href":"https:\/\/api.w.org\/{rel}","templated":true}]}}