{"id":502,"date":"2023-12-28T09:26:03","date_gmt":"2023-12-28T08:26:03","guid":{"rendered":"https:\/\/www.arigamix.com\/sl\/?page_id=502"},"modified":"2024-01-15T10:20:27","modified_gmt":"2024-01-15T09:20:27","slug":"nacrtovanje-leta-arigamix-porocila-grafikoni-pregled","status":"publish","type":"page","link":"https:\/\/www.arigamix.com\/sl\/novice\/nacrtovanje-leta-arigamix-porocila-grafikoni-pregled\/","title":{"rendered":"Na\u010drtovanje leta z Arigamixovimi poro\u010dili, grafikoni in pregledi"},"content":{"rendered":"<p><img loading=\"lazy\" class=\"wp-image-503 size-large alignnone\" src=\"https:\/\/www.arigamix.com\/sl\/wp-content\/uploads\/2023\/12\/arigamix-reports-charts-1024x495.jpg\" alt=\"\" width=\"660\" height=\"319\" \/><\/p>\n<p><strong>Na\u010drtovanje leta z Arigamixovimi poro\u010dili, grafikoni in pregledi<\/strong><\/p>\n<p><span style=\"font-weight: 400;\">Sistem za upravljanje dokumentov ARIGAMIX je opremljen z osnovnimi pripravljenimi interaktivnimi master-detail poro\u010dili in grafikoni, vendar je glavna ideja, da organizacije pripravijo poro\u010dila v skladu s svojimi potrebami. Poro\u010dila so osnovno orodje za strate\u0161ko, finan\u010dno in operativno upravljanje.<\/span><\/p>\n<p><span style=\"font-weight: 400;\">Poleg modula Poro\u010dila in grafikoni je mo\u017eno poro\u010danje na ve\u010d na\u010dinov. Z uporabo funkcije iskanja po celotnem besedilu in izvozom rezultatov iskanja, z izvozom seznamov kartic (dokumenti, pogodbe, ra\u010duni, stranke, izdelki) v format .csv in .xls itd.<\/span><\/p>\n<p><span style=\"font-weight: 400;\">Sezname podatkov iz Arigamixa lahko uporabnik preprosto izvozi iz trenutnega pogleda uporabnikovega namizja, skrbnik pa iz trenutnega pogleda svojega delovnega prostora.<\/span><\/p>\n<p><strong>Poro\u010dila, pripravljena za takoj\u0161njo uporabo:<\/strong><\/p>\n<p><span style=\"font-weight: 400;\">Aktualne naloge v delu: po oddelkih, po zaposlenih in novih prispelih nalogah<br \/>\n<\/span><span style=\"font-weight: 400;\">Opravljene naloge: po oddelkih, po zaposlenih, seznam opravljenih nalog<br \/>\n<\/span><span style=\"font-weight: 400;\">Dokumenti: poro\u010dilo o koli\u010dini dokumentov po vrstah: vhodni ra\u010dun, izhodni ra\u010dun, pogodba, direktiva, dokument.<\/span><\/p>\n<p><span style=\"font-weight: 400;\">Interaktivni grafikoni ponujajo razli\u010dne vizualne elemente interaktivnih infografskih poro\u010dil (diagramov) in omogo\u010dajo tudi grafe. Modul ponuja prikaz grafikonov razli\u010dnih pogledov. Izbrani stolpec grafikona\/sektorja prikazuje podrobne podatke v povezanem pogledu.<\/span><\/p>\n<p><strong>Grafikoni, pripravljeni za uporabo:<\/strong><\/p>\n<p><span style=\"font-weight: 400;\">Tortni diagram zapadlih nalog: po oddelkih<br \/>\n<\/span><span style=\"font-weight: 400;\">Vodoravni stolp\u010dni diagrami trenutnih opravil: nova zapadla opravila, povpre\u010dno obdobje zamude novih in zapadlih opravil, zapadla opravila, ki so v teku, in povpre\u010dna zamuda opravil, ki so v teku.<br \/>\n<\/span><span style=\"font-weight: 400;\">Tortni grafikon pla\u010danih in nepla\u010danih ra\u010dunov: pla\u010dani ra\u010duni, izdani in nepla\u010dani izdani ra\u010duni, nepla\u010dani in zapadli izdani ra\u010duni.<br \/>\n<\/span><span style=\"font-weight: 400;\">Navpi\u010dni pali\u010dni grafikon pla\u010dil po strankah: skupni znesek pla\u010danih ra\u010dunov po strankah, prikaz od najvi\u0161jega do najni\u017ejega.\u00a0<\/span><\/p>\n<p><strong>Oznake<\/strong><\/p>\n<p><span style=\"font-weight: 400;\">\u0160e ena dobra funkcija za poro\u010danje je pridobivanje seznama dokumentov z dvojnim klikom oznake. Barvita etiketa. Poimenovanje oznake je za uporabnika izbirno, kar mu omogo\u010da, da na primer ob koncu leta izpi\u0161e vse dokumente z oznako \u00bbnujno\u00ab in odstrani to oznako iz izvedenih projektov, ki niso ve\u010d nujni.<\/span><\/p>\n<p><span style=\"font-weight: 400;\">\u010ce je bila oznaka poimenovana po kon\u010dnem datumu, na primer \u00bbdo 31. decembra\u00ab, ima uporabnik mo\u017enost dokon\u010dati nalogo do konca fiskalnega obdobja.<\/span><\/p>\n<p><strong>Globalno iskanje in uporaba filtrov<\/strong><\/p>\n<p><span style=\"font-weight: 400;\">Po vnosu iskalnega parametra (klju\u010dne besede) v iskanju po celotnem besedilu Arigamix ponudi pregled iskanega parametra znotraj besedil dokumentov in atributov registrske kartice.<\/span><\/p>\n<p><span style=\"font-weight: 400;\">Uporabnik ima dodatne mo\u017enosti filtriranja rezultatov iskanja po katerem koli polju kartice, kot so:<br \/>\n<\/span><span style=\"font-weight: 400;\">Partner (kdo je bil naro\u010dnik)<br \/>\n<\/span><span style=\"font-weight: 400;\">Vrsta dokumenta (npr. pogodba, vhodni ra\u010dun, naro\u010dilo, dokument\u2026)<br \/>\n<\/span><span style=\"font-weight: 400;\">Ustva<\/span><span style=\"font-weight: 400;\">rjeno (datum ustvarjanja ni\u017eji od trenutnega datuma)<br \/>\n<\/span><span style=\"font-weight: 400;\">Datum dokumenta<br \/>\n<\/span><span style=\"font-weight: 400;\">Avtor<br \/>\n<\/span><span style=\"font-weight: 400;\">Ve\u010d iskalnih parametrov za izvajanje pri iskanju po celotnem besedilu (partner, datum, vrsta)<\/span><\/p>\n<p><span style=\"font-weight: 400;\">Rezultate iskanja se lahko poimenuje kot dolo\u010deno poizvedbo in se jih shrani kot novo ustvarjeno mapo z imenom poizvedbe. Mapa je vidna v drevesu map na levi strani za enostaven dostop in obdelavo, ne da bi morali enako iskanje izvajati ve\u010dkrat, \u010de obdelava traja dlje kot en dan.<\/span><\/p>\n<p><b>Tudi najmanj\u0161e organizacije so pripravljene za uspeh s pametno uporabo \u017ee pripravljenih funkcij poro\u010dil, ki jih ponuja Arigamix, ter pametnim na\u010drtovanjem z uporabo podatkov, ki so jim na voljo.<\/b><\/p>\n<p>#Arigamix #letnipregled #letnoporo\u010dilo #funkcijeporo\u010danja #dokumentnisistem #iskalnaorodja<\/p>\n","protected":false},"excerpt":{"rendered":"<p>Na\u010drtovanje leta z Arigamixovimi poro\u010dili, grafikoni in pregledi Sistem za upravljanje dokumentov ARIGAMIX je opremljen z osnovnimi pripravljenimi interaktivnimi master-detail poro\u010dili in grafikoni, vendar je glavna ideja, da organizacije pripravijo poro\u010dila v skladu s svojimi potrebami. Poro\u010dila so osnovno orodje za strate\u0161ko, finan\u010dno in operativno upravljanje. Poleg modula Poro\u010dila in grafikoni je mo\u017eno poro\u010danje na &hellip; <a href=\"https:\/\/www.arigamix.com\/sl\/novice\/nacrtovanje-leta-arigamix-porocila-grafikoni-pregled\/\" class=\"more-link\">Continue reading <span class=\"screen-reader-text\">Na\u010drtovanje leta z Arigamixovimi poro\u010dili, grafikoni in pregledi<\/span><\/a><\/p>\n","protected":false},"author":4,"featured_media":503,"parent":353,"menu_order":0,"comment_status":"closed","ping_status":"closed","template":"new.php","meta":{"inline_featured_image":false},"aioseo_notices":[],"_links":{"self":[{"href":"https:\/\/www.arigamix.com\/sl\/wp-json\/wp\/v2\/pages\/502"}],"collection":[{"href":"https:\/\/www.arigamix.com\/sl\/wp-json\/wp\/v2\/pages"}],"about":[{"href":"https:\/\/www.arigamix.com\/sl\/wp-json\/wp\/v2\/types\/page"}],"author":[{"embeddable":true,"href":"https:\/\/www.arigamix.com\/sl\/wp-json\/wp\/v2\/users\/4"}],"replies":[{"embeddable":true,"href":"https:\/\/www.arigamix.com\/sl\/wp-json\/wp\/v2\/comments?post=502"}],"version-history":[{"count":3,"href":"https:\/\/www.arigamix.com\/sl\/wp-json\/wp\/v2\/pages\/502\/revisions"}],"predecessor-version":[{"id":507,"href":"https:\/\/www.arigamix.com\/sl\/wp-json\/wp\/v2\/pages\/502\/revisions\/507"}],"up":[{"embeddable":true,"href":"https:\/\/www.arigamix.com\/sl\/wp-json\/wp\/v2\/pages\/353"}],"wp:featuredmedia":[{"embeddable":true,"href":"https:\/\/www.arigamix.com\/sl\/wp-json\/wp\/v2\/media\/503"}],"wp:attachment":[{"href":"https:\/\/www.arigamix.com\/sl\/wp-json\/wp\/v2\/media?parent=502"}],"curies":[{"name":"wp","href":"https:\/\/api.w.org\/{rel}","templated":true}]}}