{"id":487,"date":"2023-12-22T10:33:37","date_gmt":"2023-12-22T09:33:37","guid":{"rendered":"https:\/\/www.arigamix.com\/sl\/?page_id=487"},"modified":"2024-01-15T10:21:08","modified_gmt":"2024-01-15T09:21:08","slug":"vesele-bozicne-praznike-in-srecno-novo-leto-2024","status":"publish","type":"page","link":"https:\/\/www.arigamix.com\/sl\/novice\/vesele-bozicne-praznike-in-srecno-novo-leto-2024\/","title":{"rendered":"Vesele bo\u017ei\u010dne praznike in sre\u010dno novo leto 2024!"},"content":{"rendered":"<p><img loading=\"lazy\" class=\"alignnone wp-image-488 size-large\" src=\"https:\/\/www.arigamix.com\/sl\/wp-content\/uploads\/2023\/12\/cestitka-slovenska-1019x1024.jpg\" alt=\"\" width=\"660\" height=\"663\" \/><\/p>\n<p>#Arigamix #voscilnica #srecno2024<\/p>\n","protected":false},"excerpt":{"rendered":"<p>#Arigamix #voscilnica #srecno2024<\/p>\n","protected":false},"author":4,"featured_media":488,"parent":353,"menu_order":0,"comment_status":"closed","ping_status":"closed","template":"new.php","meta":{"inline_featured_image":false},"aioseo_notices":[],"_links":{"self":[{"href":"https:\/\/www.arigamix.com\/sl\/wp-json\/wp\/v2\/pages\/487"}],"collection":[{"href":"https:\/\/www.arigamix.com\/sl\/wp-json\/wp\/v2\/pages"}],"about":[{"href":"https:\/\/www.arigamix.com\/sl\/wp-json\/wp\/v2\/types\/page"}],"author":[{"embeddable":true,"href":"https:\/\/www.arigamix.com\/sl\/wp-json\/wp\/v2\/users\/4"}],"replies":[{"embeddable":true,"href":"https:\/\/www.arigamix.com\/sl\/wp-json\/wp\/v2\/comments?post=487"}],"version-history":[{"count":7,"href":"https:\/\/www.arigamix.com\/sl\/wp-json\/wp\/v2\/pages\/487\/revisions"}],"predecessor-version":[{"id":508,"href":"https:\/\/www.arigamix.com\/sl\/wp-json\/wp\/v2\/pages\/487\/revisions\/508"}],"up":[{"embeddable":true,"href":"https:\/\/www.arigamix.com\/sl\/wp-json\/wp\/v2\/pages\/353"}],"wp:featuredmedia":[{"embeddable":true,"href":"https:\/\/www.arigamix.com\/sl\/wp-json\/wp\/v2\/media\/488"}],"wp:attachment":[{"href":"https:\/\/www.arigamix.com\/sl\/wp-json\/wp\/v2\/media?parent=487"}],"curies":[{"name":"wp","href":"https:\/\/api.w.org\/{rel}","templated":true}]}}