{"id":482,"date":"2023-12-18T12:53:45","date_gmt":"2023-12-18T11:53:45","guid":{"rendered":"https:\/\/www.arigamix.com\/sl\/?page_id=482"},"modified":"2024-01-15T10:22:02","modified_gmt":"2024-01-15T09:22:02","slug":"vpogled-digitalna-transformacija-salus","status":"publish","type":"page","link":"https:\/\/www.arigamix.com\/sl\/novice\/vpogled-digitalna-transformacija-salus\/","title":{"rendered":"\u0160e en vpogled v digitalno transformacijo: Salus d.o.o."},"content":{"rendered":"<p><img loading=\"lazy\" class=\"alignnone wp-image-483 size-large\" src=\"https:\/\/www.arigamix.com\/sl\/wp-content\/uploads\/2023\/12\/photo_2023-12-15_10-01-47-1024x576.jpg\" alt=\"\" width=\"660\" height=\"371\" \/><\/p>\n<p><span style=\"font-weight: 400;\">Konec novembra smo se udele\u017eili sre\u010danja IT kluba pri distributerju farmacevtskih izdelkov Salus d.o.o.. Po uvodnem pozdravu generalnega direktorja g. Gregorja Jenka, nam je g. Andrej Ho\u010devar podal nekaj dragocenih informacij o tem, kako je organizirana celotna Skupina Salus, nato pa nam je g. Andrej Verta\u010dnik predstavil primere iz prakse.<\/span><\/p>\n<p><span style=\"font-weight: 400;\">Njihova digitalna transformacija na podro\u010dju IT varnosti se je okrepila, ko so ugotovili, da je bil njihov poslovni partner \u017ertev kibernetskega napada. Odlo\u010dili so reorganizirati na\u010din, kako so povezani z zunanjimi subjekti.<\/span><\/p>\n<p><span style=\"font-weight: 400;\">Najbolj jasen zaklju\u010dek sestanka je bila uporaba varnostne programske opreme Darktrace in Palo Alto. Palo Alto velja za vodilno in varnostno programsko opremo, Darktrace pa je vse skupaj povzdignil z umetno inteligenco.<\/span><\/p>\n<p><span style=\"font-weight: 400;\">Tako kot drugi so se z najve\u010djim izzivom soo\u010dili med zaprtjem zaradi pandemije. Zaradi svoje iznajdljivosti in hitrega nakupovanja velikega \u0161tevila prenosnikov v BTC-ju (ko je bilo drugje vse zaprto) so se na novo organizirali.\u00a0<\/span><\/p>\n<p><span style=\"font-weight: 400;\">Na njihovo to\u010dnost in odzivnost se zana\u0161ajo tudi najpomembnej\u0161e in\u0161titucije kot je Univerzitetni klini\u010dni center v Ljubljani.\u00a0<\/span><\/p>\n<p><span style=\"font-weight: 400;\">Nekatere izmed re\u0161itev, ki jih njihov digitalni ekosistem vklju\u010duje, so: Navision za ERP, Quickview za BI, Magento za B2B&amp;B2S poslovanje, Schaefer za upravljanje skladi\u0161\u010d, Fledge za HR\u2026<\/span><\/p>\n<p><span style=\"font-weight: 400;\">Na koncu so nas po\u010dastili s sprehodom po skladi\u0161\u010dih, kjer so nam pokazali zanimive skladi\u0161\u010dne sisteme, kot so avtonomni vrtiljaki in pojasnili procese, ki so zanimali ostale obiskovalce.<\/span><\/p>\n<p>&nbsp;<\/p>\n<p>#digitalnatransformacija #itClub #Salus #sre\u010danje<\/p>\n","protected":false},"excerpt":{"rendered":"<p>Konec novembra smo se udele\u017eili sre\u010danja IT kluba pri distributerju farmacevtskih izdelkov Salus d.o.o.. Po uvodnem pozdravu generalnega direktorja g. Gregorja Jenka, nam je g. Andrej Ho\u010devar podal nekaj dragocenih informacij o tem, kako je organizirana celotna Skupina Salus, nato pa nam je g. Andrej Verta\u010dnik predstavil primere iz prakse. Njihova digitalna transformacija na podro\u010dju &hellip; <a href=\"https:\/\/www.arigamix.com\/sl\/novice\/vpogled-digitalna-transformacija-salus\/\" class=\"more-link\">Continue reading <span class=\"screen-reader-text\">\u0160e en vpogled v digitalno transformacijo: Salus d.o.o.<\/span><\/a><\/p>\n","protected":false},"author":4,"featured_media":483,"parent":353,"menu_order":0,"comment_status":"closed","ping_status":"closed","template":"new.php","meta":{"inline_featured_image":false},"aioseo_notices":[],"_links":{"self":[{"href":"https:\/\/www.arigamix.com\/sl\/wp-json\/wp\/v2\/pages\/482"}],"collection":[{"href":"https:\/\/www.arigamix.com\/sl\/wp-json\/wp\/v2\/pages"}],"about":[{"href":"https:\/\/www.arigamix.com\/sl\/wp-json\/wp\/v2\/types\/page"}],"author":[{"embeddable":true,"href":"https:\/\/www.arigamix.com\/sl\/wp-json\/wp\/v2\/users\/4"}],"replies":[{"embeddable":true,"href":"https:\/\/www.arigamix.com\/sl\/wp-json\/wp\/v2\/comments?post=482"}],"version-history":[{"count":3,"href":"https:\/\/www.arigamix.com\/sl\/wp-json\/wp\/v2\/pages\/482\/revisions"}],"predecessor-version":[{"id":509,"href":"https:\/\/www.arigamix.com\/sl\/wp-json\/wp\/v2\/pages\/482\/revisions\/509"}],"up":[{"embeddable":true,"href":"https:\/\/www.arigamix.com\/sl\/wp-json\/wp\/v2\/pages\/353"}],"wp:featuredmedia":[{"embeddable":true,"href":"https:\/\/www.arigamix.com\/sl\/wp-json\/wp\/v2\/media\/483"}],"wp:attachment":[{"href":"https:\/\/www.arigamix.com\/sl\/wp-json\/wp\/v2\/media?parent=482"}],"curies":[{"name":"wp","href":"https:\/\/api.w.org\/{rel}","templated":true}]}}