{"id":480,"date":"2023-12-12T12:01:24","date_gmt":"2023-12-12T11:01:24","guid":{"rendered":"https:\/\/www.arigamix.com\/sl\/?page_id=480"},"modified":"2024-01-15T10:24:10","modified_gmt":"2024-01-15T09:24:10","slug":"prednosti-uporabe-arigamixa-v-mednarodnem-poslovanju","status":"publish","type":"page","link":"https:\/\/www.arigamix.com\/sl\/novice\/prednosti-uporabe-arigamixa-v-mednarodnem-poslovanju\/","title":{"rendered":"Prednosti uporabe Arigamixa v mednarodnem poslovanju"},"content":{"rendered":"<p><img loading=\"lazy\" class=\"alignnone wp-image-473 size-large\" src=\"https:\/\/www.arigamix.com\/sl\/wp-content\/uploads\/2023\/11\/photo_2023-11-29_16-20-23-1024x630.jpg\" alt=\"\" width=\"660\" height=\"406\" \/><\/p>\n<p><span style=\"font-weight: 400;\">\ud83c\udf0d Uporabnik se lahko nahaja kjerkoli ali dela od doma, hkrati pa vidi iste podatke in aktivnosti kot drugi sodelavci<\/span><\/p>\n<p><span style=\"font-weight: 400;\">\ud83c\udf10 \u010clani ekipe lahko delajo in vidijo podatke vsak v svojem jeziku, \u010dasovnem pasu, vizualno prilagojenem namizju in iz katere koli naprave<\/span><\/p>\n<p><span style=\"font-weight: 400;\">\ud83d\udcc7 V primeru nelatini\u010dne tipografije (npr. tur\u0161ka in arabska) se lahko hrani baza podatkov CRM v originalnih imenih tipografij strank.<\/span><\/p>\n<p><span style=\"font-weight: 400;\">\u2708 Avtomatsko izpolnjevanje obrazcev, tudi z nelatini\u010dnimi tipografskimi imeni. Omogo\u010da avtomatizacijo dela upravnih enot, ki obravnavajo osebne podatke tujcev<\/span><\/p>\n<p><span style=\"font-weight: 400;\">\ud83c\udf2a Zaostrene vremenske razmere, sezonsko zna\u010dilne za nekatera obmo\u010dja, ne vplivajo na potek poslovanja, \u010de je zagotovljen dostop do interneta. Na primer, tik pred orkani in sne\u017enimi nevihtami lahko podjetniki svoje podjetje preselijo na bli\u017enja obmo\u010dja, ki jih neurje ne prizadene, in tam nadaljujejo svoje delo. Njihova lastna digitalna knji\u017enica in knji\u017enica znanja jim je lahko dostopna od koder koli<\/span><\/p>\n<p><span style=\"font-weight: 400;\">\ud83c\udfc3\u200d\u2640\ufe0f \u0160portno aktivni ljubitelji dejavnosti na prostem in turisti\u010dni popotniki se lahko sezonsko preselijo na obmo\u010dja s \u0161portno infrastrukturo, da ohranijo ravnote\u017eje med poklicnim in zasebnim \u017eivljenjem ter se izognejo izgubi \u010dasa na poti v pisarno. Med treningi ali \u0161portnimi aktivnostmi ali med vo\u017enjo do naslednjih lokacij lahko opravljajo delo od koder koli jim uspe vzpostaviti internetno povezavo. Pregled celotnega poteka dela sodelavcev jim je vedno na voljo.<\/span><\/p>\n<p><span style=\"font-weight: 400;\">\ud83d\udcb5 \ud83d\udcb6 \ud83d\udcb7 \ud83d\udcb4 Modul za ra\u010dune Arigamix ni omejen na eno valuto, uporabniki lahko prosto dodajo poljubno \u0161tevilo svetovnih valut ter izdajajo ra\u010dune in jih po\u0161iljajo v katerokoli dr\u017eavo. Uporabniki lahko aktivno delajo z dokumenti z razli\u010dnimi valutami hkrati. In po potrebi sami dodajajo nove valute.<\/span><\/p>\n<p><span style=\"font-weight: 400;\">\ud83d\udcc8 Poleg klasi\u010dnih &#8211; poro\u010dila in grafikoni po meri\u00a0<\/span><\/p>\n<p><span style=\"font-weight: 400;\">\ud83d\udd14 E-po\u0161tno obve\u0161\u010danje o zahtevah za odobritev politik podjetja (kot so regulativni dokumenti EU) je mogo\u010de nastaviti za vodje mednarodnih poslovalnic, ki so name\u0161\u010deni v razli\u010dnih dr\u017eavah. Te imajo \u017ee prilo\u017eene povezave za hiter odziv: odobritev ali digitalni podpis.\u00a0<\/span><\/p>\n<p><span style=\"font-weight: 400;\">\ud83d\udcdd Poleg uradnega ra\u010duna za e-podpis DocuSign bo na voljo preprosta vrsta podpisa, kot je &#8220;podpisna slika&#8221; za delo z varnimi strankami.<\/span><\/p>\n<p><span style=\"font-weight: 400;\">\ud83d\udcbc Z Arigamixom ima uporabnik vedno pri sebi svojo lepo pospravljeno pisarno, s prilo\u017eenimi in posodobljenimi datotekami na pripadajo\u010dem mestu. Pisarna je postavljena enako, zelo organizirano, povsod, kamor se uporabnik odlo\u010di za selitev.<\/span><\/p>\n<p><span style=\"font-weight: 400;\">\ud83d\udc68\u200d\ud83d\udcbb \ud83d\udc69\u200d\ud83d\udcbb\ud83d\udc68\u200d\ud83d\udcbb \ud83d\udc69\u200d\ud83d\udcbb Zaposleni lahko obi\u0161\u010dejo sede\u017e in sodelujejo z doma\u010do ekipo, \u010de to zahteva projekt. Kot npr. izobra\u017eevanja. Prej nastavljen potek dela v Arigamixu se nadaljuje neprekinjeno, le \u010dasovni pas bo morda treba prilagoditi z nekaj kliki.<\/span><\/p>\n<p>#dokumentnisistem #mednarodno #poslovanje #evidence #digitalniarhiv #tujevalute #arigamix #delonadaljavo<\/p>\n","protected":false},"excerpt":{"rendered":"<p>\ud83c\udf0d Uporabnik se lahko nahaja kjerkoli ali dela od doma, hkrati pa vidi iste podatke in aktivnosti kot drugi sodelavci \ud83c\udf10 \u010clani ekipe lahko delajo in vidijo podatke vsak v svojem jeziku, \u010dasovnem pasu, vizualno prilagojenem namizju in iz katere koli naprave \ud83d\udcc7 V primeru nelatini\u010dne tipografije (npr. tur\u0161ka in arabska) se lahko hrani baza &hellip; <a href=\"https:\/\/www.arigamix.com\/sl\/novice\/prednosti-uporabe-arigamixa-v-mednarodnem-poslovanju\/\" class=\"more-link\">Continue reading <span class=\"screen-reader-text\">Prednosti uporabe Arigamixa v mednarodnem poslovanju<\/span><\/a><\/p>\n","protected":false},"author":4,"featured_media":473,"parent":353,"menu_order":0,"comment_status":"closed","ping_status":"closed","template":"new.php","meta":{"inline_featured_image":false},"aioseo_notices":[],"_links":{"self":[{"href":"https:\/\/www.arigamix.com\/sl\/wp-json\/wp\/v2\/pages\/480"}],"collection":[{"href":"https:\/\/www.arigamix.com\/sl\/wp-json\/wp\/v2\/pages"}],"about":[{"href":"https:\/\/www.arigamix.com\/sl\/wp-json\/wp\/v2\/types\/page"}],"author":[{"embeddable":true,"href":"https:\/\/www.arigamix.com\/sl\/wp-json\/wp\/v2\/users\/4"}],"replies":[{"embeddable":true,"href":"https:\/\/www.arigamix.com\/sl\/wp-json\/wp\/v2\/comments?post=480"}],"version-history":[{"count":2,"href":"https:\/\/www.arigamix.com\/sl\/wp-json\/wp\/v2\/pages\/480\/revisions"}],"predecessor-version":[{"id":511,"href":"https:\/\/www.arigamix.com\/sl\/wp-json\/wp\/v2\/pages\/480\/revisions\/511"}],"up":[{"embeddable":true,"href":"https:\/\/www.arigamix.com\/sl\/wp-json\/wp\/v2\/pages\/353"}],"wp:featuredmedia":[{"embeddable":true,"href":"https:\/\/www.arigamix.com\/sl\/wp-json\/wp\/v2\/media\/473"}],"wp:attachment":[{"href":"https:\/\/www.arigamix.com\/sl\/wp-json\/wp\/v2\/media?parent=480"}],"curies":[{"name":"wp","href":"https:\/\/api.w.org\/{rel}","templated":true}]}}