{"id":476,"date":"2023-12-07T11:33:53","date_gmt":"2023-12-07T08:33:53","guid":{"rendered":"https:\/\/www.arigamix.com\/sl\/?page_id=476"},"modified":"2024-01-15T10:23:45","modified_gmt":"2024-01-15T09:23:45","slug":"prednosti-uporabe-arigamixa-v-mikro-in-majhnih-podjetjih","status":"publish","type":"page","link":"https:\/\/www.arigamix.com\/sl\/novice\/prednosti-uporabe-arigamixa-v-mikro-in-majhnih-podjetjih\/","title":{"rendered":"Prednosti uporabe Arigamixa v mikro in majhnih podjetjih"},"content":{"rendered":"<p><img loading=\"lazy\" class=\"alignnone wp-image-474 size-large\" src=\"https:\/\/www.arigamix.com\/sl\/wp-content\/uploads\/2023\/11\/photo_2023-11-29_16-20-16-1024x630.jpg\" alt=\"\" width=\"660\" height=\"406\" \/><\/p>\n<p>\ud83d\udda5 Vklju\u010dene osnovne poslovne operacije in \u017ee pripravljene za uporabo<br \/>\n(Moduli: na\u010drtovanje, vhodni in izhodni ra\u010duni, pogodbe, dokumentacija, baza izdelkov ali storitev, baza strank, poro\u010dila)<\/p>\n<p>\ud83c\udfc5 Odprava razli\u010dnih naro\u010dnin in licenc za lo\u010dene programske re\u0161itve. Nastavite si Arigamix kot VSE-V-1.<\/p>\n<p>\ud83d\udcf1 Dostop iz katere koli naprave, na terenu lahko delate tudi iz svojega pametnega telefona. Tam se spremeni v App!<br \/>\n\ud83d\udcf2 Skenirajte vhodne dokumente s telefonom in jih takoj nalo\u017eite v sistem.<br \/>\n\ud83d\udcc4 Imejte pripravljene obrazce (pogodbe?) in jih izpolnite z enim klikom, vse kar morate storiti je, da v \u0161ifrant strank vnesete podatke o novi stranki. Arigamix bo v sekundi sam izpolnil obrazec s podatki stranke.<br \/>\n\ud83d\udcda Na seznamu izdelkov ali storitev vsakemu izdelku prilo\u017eite dodatne datoteke: fotografije, navodila za uporabo, skice, tlorise, knji\u017eice&#8230;<br \/>\n\ud83d\udd14 NE POZABITE: obvestila po e-po\u0161ti. Namesto iskanja, kaj je \u0161e potrebno storiti, si nastavite jutranje obvestilo, v katerem so navedeni vsi teko\u010di projekti, ki jih je treba dokon\u010dati.<br \/>\n\ud83d\uddd2 Izdajte odhodne ra\u010dune s kodo QR (ali UPN pla\u010dilnim nalogom), da olaj\u0161ate in pospe\u0161ite pla\u010dila svojih strank.<br \/>\n\ud83d\udcc8 Osnovna poro\u010dila in pregledi za la\u017eje na\u010drtovanje prihodnosti.<br \/>\n\ud83d\udee0 Delo s standardnimi dokumenti je mogo\u010de avtomatizirati z uporabo brezpla\u010dne aplikacije Office 365. Urejajte Word kar v Arigamixu. Brez prena\u0161anja v napravo in ponovnega nalaganja.<br \/>\n\ud83d\udccc Da ne bi zamudili nobenega povpra\u0161evanja in v izogib napakam pri prena\u0161anju sporo\u010dil, lahko dokumentni sistem Arigamix integrirate s Service Desk sistemom Arigamix.<br \/>\n\ud83d\udc68\u200d\ud83d\udc68\u200d\ud83d\udc66 Lahko se naro\u010dite za mese\u010dno naro\u010dnino po ZELO UGODNI CENI in se po 3 mesecih kadar koli odjavite. \u010ce va\u0161a ekipa \u0161teje ve\u010d kot 5 ljudi, bo ceneje.<br \/>\n\ud83e\udde1 Prilagodite videz Arigamixa s svojimi najljub\u0161imi temami ali slikami, na katerih temelji va\u0161e podjetje. Naj bo vstop v programsko opremo za vsakodnevno delo prijeten. V\u0161e\u010d vam bo!<\/p>\n<p>\u26c5 \ud83c\udf2a \u2744 Vse je varno shranjeno v oblaku, zavarovanem pred vdori in naravnimi nesre\u010dami.<br \/>\n<a href=\"https:\/\/www.linkedin.com\/company\/arigamix\/\" data-attribute-index=\"2\" data-entity-type=\"MINI_COMPANY\">ARIGAMIX<\/a>\u00a0bo kot va\u0161 sodelavec, ki si zapomni vse in ne izgubi ni\u010desar.<\/p>\n<p>Primerno za: storitve na terenu, monta\u017eo, lepotno industrijo, pravne in ra\u010dunovodske posle, zavarovalni\u0161ke agente, nepremi\u010dninske agente, posrednike, marketin\u0161ke agencije, izdajatelje v najem in \u0161e mnoge druge panoge.<\/p>\n<p>#dokumentnisistem #malainsrednjapodjetja #poslovanje #evidence #digitalniarhiv #izdajaracunov #arigamix #delonadaljavo<\/p>\n","protected":false},"excerpt":{"rendered":"<p>\ud83d\udda5 Vklju\u010dene osnovne poslovne operacije in \u017ee pripravljene za uporabo (Moduli: na\u010drtovanje, vhodni in izhodni ra\u010duni, pogodbe, dokumentacija, baza izdelkov ali storitev, baza strank, poro\u010dila) \ud83c\udfc5 Odprava razli\u010dnih naro\u010dnin in licenc za lo\u010dene programske re\u0161itve. Nastavite si Arigamix kot VSE-V-1. \ud83d\udcf1 Dostop iz katere koli naprave, na terenu lahko delate tudi iz svojega pametnega telefona. &hellip; <a href=\"https:\/\/www.arigamix.com\/sl\/novice\/prednosti-uporabe-arigamixa-v-mikro-in-majhnih-podjetjih\/\" class=\"more-link\">Continue reading <span class=\"screen-reader-text\">Prednosti uporabe Arigamixa v mikro in majhnih podjetjih<\/span><\/a><\/p>\n","protected":false},"author":4,"featured_media":474,"parent":353,"menu_order":0,"comment_status":"closed","ping_status":"closed","template":"new.php","meta":{"inline_featured_image":false},"aioseo_notices":[],"_links":{"self":[{"href":"https:\/\/www.arigamix.com\/sl\/wp-json\/wp\/v2\/pages\/476"}],"collection":[{"href":"https:\/\/www.arigamix.com\/sl\/wp-json\/wp\/v2\/pages"}],"about":[{"href":"https:\/\/www.arigamix.com\/sl\/wp-json\/wp\/v2\/types\/page"}],"author":[{"embeddable":true,"href":"https:\/\/www.arigamix.com\/sl\/wp-json\/wp\/v2\/users\/4"}],"replies":[{"embeddable":true,"href":"https:\/\/www.arigamix.com\/sl\/wp-json\/wp\/v2\/comments?post=476"}],"version-history":[{"count":2,"href":"https:\/\/www.arigamix.com\/sl\/wp-json\/wp\/v2\/pages\/476\/revisions"}],"predecessor-version":[{"id":510,"href":"https:\/\/www.arigamix.com\/sl\/wp-json\/wp\/v2\/pages\/476\/revisions\/510"}],"up":[{"embeddable":true,"href":"https:\/\/www.arigamix.com\/sl\/wp-json\/wp\/v2\/pages\/353"}],"wp:featuredmedia":[{"embeddable":true,"href":"https:\/\/www.arigamix.com\/sl\/wp-json\/wp\/v2\/media\/474"}],"wp:attachment":[{"href":"https:\/\/www.arigamix.com\/sl\/wp-json\/wp\/v2\/media?parent=476"}],"curies":[{"name":"wp","href":"https:\/\/api.w.org\/{rel}","templated":true}]}}