{"id":463,"date":"2023-10-30T10:30:55","date_gmt":"2023-10-30T07:30:55","guid":{"rendered":"https:\/\/www.arigamix.com\/sl\/?page_id=463"},"modified":"2024-01-15T10:27:02","modified_gmt":"2024-01-15T09:27:02","slug":"arigamix-saas-adria-security-summit-2023","status":"publish","type":"page","link":"https:\/\/www.arigamix.com\/sl\/novice\/arigamix-saas-adria-security-summit-2023\/","title":{"rendered":"Adria Security Summit prilo\u017enost za predstavitev Arigamixovih re\u0161itev kot SaaS"},"content":{"rendered":"<p><img loading=\"lazy\" class=\"alignnone wp-image-464 size-large\" src=\"https:\/\/www.arigamix.com\/sl\/wp-content\/uploads\/2023\/10\/Adria-Security-Summit-23-Aleksei-1024x628.png\" alt=\"\" width=\"660\" height=\"405\" \/><\/p>\n<p><span class=\"jCAhz ChMk0b\"><span class=\"ryNqvb\">Poleg nove zasnove platforme Arigamix in nove re\u0161itve za upravljanje odnosov s strankami je imel Arigamix prilo\u017enost predstaviti mo\u017enost Software as Service na letnem Adria Security Summitu.<\/span><\/span><\/p>\n<p><span class=\"jCAhz ChMk0b\"><span class=\"ryNqvb\">Zaradi prilagajanja hitro spreminjajo\u010dim se trgom in izzivom, s katerimi se soo\u010dajo podjetja, je bila novica sprejeta zelo pozitivno.<\/span><\/span> <span class=\"jCAhz ChMk0b\"><span class=\"ryNqvb\">S strani na\u0161ih partnerjev iz vseh jadranskih dr\u017eav.<\/span><\/span> <span class=\"jCAhz ChMk0b\"><span class=\"ryNqvb\">Za velike organizacije z edinstvenimi poteki dela in poslovnimi procesi je fiksna cena licence \u0161e vedno mo\u017enost.<\/span><\/span> <span class=\"jCAhz ChMk0b\"><span class=\"ryNqvb\">SaaS je le dodatek v na\u0161i cenovni politiki.<\/span><\/span><\/p>\n<p><span class=\"jCAhz ChMk0b\"><span class=\"ryNqvb\">Z izbiro mo\u017enosti Programska oprema kot storitev, si lahko celo samostojni podjetniki ali podjetniki z najmanj\u0161imi ekipami privo\u0161\u010dijo katero koli od na\u0161ih re\u0161itev.<\/span><\/span> <span class=\"jCAhz ChMk0b\"><span class=\"ryNqvb\">Od re\u0161itve Service Desk za tiketing storitve, DMS za upravljanje vsebine podjetja in poslovnih procesov katere koli kompleksnosti ali CRM sistema za upravljanje odnosov s strankami.<\/span><\/span> <span class=\"jCAhz ChMk0b\"><span class=\"ryNqvb\">\u010ce se soo\u010dajo s fluktuacijo zaposlenih, lahko samo dokupijo ali prekli\u010dejo eno naro\u010dnino.<\/span><\/span> <span class=\"jCAhz ChMk0b\"><span class=\"ryNqvb\">Upajmo, da je se\u0161tevanje prihodnost.<\/span><\/span><\/p>\n<p><span class=\"jCAhz ChMk0b\"><span class=\"ryNqvb\">Programska oprema kot storitev z mo\u017enostjo preklica kadarkoli prina\u0161a tudi prepotrebno olaj\u0161anje in ob\u010dutek varnosti odlo\u010devalcem, ki lahko svoje stro\u0161ke prilagajajo trenutnim poslovnim procesom.<\/span><\/span> <span class=\"jCAhz ChMk0b\"><span class=\"ryNqvb\">Vse na\u0161e obstoje\u010de stranke lahko zdaj naro\u010dijo nadgradnjo platforme Arigamix z novim dizajnom z naprednimi mo\u017enostmi.<\/span><\/span> <span class=\"jCAhz ChMk0b\"><span class=\"ryNqvb\">In vsi so dobrodo\u0161li, da takoj naro\u010dijo predstavitev katere koli na\u0161e re\u0161itve v \u017eivo.<\/span><\/span><\/p>\n<p>Kontaktirajte nas za ve\u010d informacij na info@arigamix.com ali po telefonu na \u0161t. 040 711 766.<\/p>\n","protected":false},"excerpt":{"rendered":"<p>Poleg nove zasnove platforme Arigamix in nove re\u0161itve za upravljanje odnosov s strankami je imel Arigamix prilo\u017enost predstaviti mo\u017enost Software as Service na letnem Adria Security Summitu. Zaradi prilagajanja hitro spreminjajo\u010dim se trgom in izzivom, s katerimi se soo\u010dajo podjetja, je bila novica sprejeta zelo pozitivno. S strani na\u0161ih partnerjev iz vseh jadranskih dr\u017eav. Za &hellip; <a href=\"https:\/\/www.arigamix.com\/sl\/novice\/arigamix-saas-adria-security-summit-2023\/\" class=\"more-link\">Continue reading <span class=\"screen-reader-text\">Adria Security Summit prilo\u017enost za predstavitev Arigamixovih re\u0161itev kot SaaS<\/span><\/a><\/p>\n","protected":false},"author":4,"featured_media":464,"parent":353,"menu_order":0,"comment_status":"closed","ping_status":"closed","template":"new.php","meta":{"inline_featured_image":false},"aioseo_notices":[],"_links":{"self":[{"href":"https:\/\/www.arigamix.com\/sl\/wp-json\/wp\/v2\/pages\/463"}],"collection":[{"href":"https:\/\/www.arigamix.com\/sl\/wp-json\/wp\/v2\/pages"}],"about":[{"href":"https:\/\/www.arigamix.com\/sl\/wp-json\/wp\/v2\/types\/page"}],"author":[{"embeddable":true,"href":"https:\/\/www.arigamix.com\/sl\/wp-json\/wp\/v2\/users\/4"}],"replies":[{"embeddable":true,"href":"https:\/\/www.arigamix.com\/sl\/wp-json\/wp\/v2\/comments?post=463"}],"version-history":[{"count":8,"href":"https:\/\/www.arigamix.com\/sl\/wp-json\/wp\/v2\/pages\/463\/revisions"}],"predecessor-version":[{"id":514,"href":"https:\/\/www.arigamix.com\/sl\/wp-json\/wp\/v2\/pages\/463\/revisions\/514"}],"up":[{"embeddable":true,"href":"https:\/\/www.arigamix.com\/sl\/wp-json\/wp\/v2\/pages\/353"}],"wp:featuredmedia":[{"embeddable":true,"href":"https:\/\/www.arigamix.com\/sl\/wp-json\/wp\/v2\/media\/464"}],"wp:attachment":[{"href":"https:\/\/www.arigamix.com\/sl\/wp-json\/wp\/v2\/media?parent=463"}],"curies":[{"name":"wp","href":"https:\/\/api.w.org\/{rel}","templated":true}]}}