{"id":458,"date":"2023-08-03T15:10:51","date_gmt":"2023-08-03T12:10:51","guid":{"rendered":"https:\/\/www.arigamix.com\/sl\/?page_id=458"},"modified":"2023-10-20T15:11:22","modified_gmt":"2023-10-20T12:11:22","slug":"ucinkovito-upravljanje-vsebine-z-arigamixom-najboljse-prakse","status":"publish","type":"page","link":"https:\/\/www.arigamix.com\/sl\/novice\/ucinkovito-upravljanje-vsebine-z-arigamixom-najboljse-prakse\/","title":{"rendered":"U\u010dinkovito upravljanje vsebine z Arigamixom: Najbolj\u0161e prakse"},"content":{"rendered":"<p><img loading=\"lazy\" class=\"alignnone size-medium wp-image-459\" src=\"https:\/\/www.arigamix.com\/sl\/wp-content\/uploads\/2023\/10\/best-practices-300x185.jpg\" alt=\"\" width=\"300\" height=\"185\" \/><\/p>\n<p>&nbsp;<\/p>\n<p><span style=\"font-weight: 400;\">\ud83d\udce2 &#8220;U\u010dinkovito upravljanje vsebin z Arigamix: Najbolj\u0161e prakse&#8221;<\/span><\/p>\n<p><span style=\"font-weight: 400;\">\ud83d\udcc4 V dana\u0161nji informacijski dru\u017ebi je u\u010dinkovito upravljanje vsebin klju\u010dni dejavnik za uspe\u0161no delovanje organizacij. Z veseljem predstavljamo Arigamix \u2013 mo\u010dno platformo, ki vam bo pomagala upravljati va\u0161e vsebine enostavno in u\u010dinkovito.<\/span><\/p>\n<p><span style=\"font-weight: 400;\">\ud83d\uddc2\ufe0f Arigamix omogo\u010da orodja in funkcionalnost, ki organizacijam omogo\u010dajo u\u010dinkovito ustvarjanje, organiziranje, shranjevanje, distribucijo in upravljanje dokumentov. Z njegovim prilagodljivim in intuitivnim vmesnikom lahko maksimalno izkoristite zmogljivosti platforme za optimizacijo va\u0161ega delovnega procesa.<\/span><\/p>\n<p><span style=\"font-weight: 400;\">\u2705 Najbolj\u0161e prakse upravljanja vsebin z Arigamix:<\/span><\/p>\n<p><span style=\"font-weight: 400;\">1\ufe0f\u20e3 Centralizirano shranjevanje: Z Arigamixom lahko centralno shranjujete vse svoje vsebine, vklju\u010dno z dokumenti, slikami, videoposnetki in drugimi datotekami. To zagotavlja enostaven dostop in upravljanje dokumentov z vsemi potrebnimi metapodatki.<\/span><\/p>\n<p><span style=\"font-weight: 400;\">2\ufe0f\u20e3 Organizacija in razvr\u0161\u010danje: Arigamix vam omogo\u010da organizacijo vsebin v strukturirane kategorije in oznake, kar olaj\u0161uje iskanje in navigacijo. Hitro lahko najdete \u017eelen dokument in ga u\u010dinkovito upravljate.<\/span><\/p>\n<p><span style=\"font-weight: 400;\">3\ufe0f\u20e3 Distribucija in sodelovanje: Z Arigamixom lahko enostavno distribuirate vsebine med uporabniki, dolo\u010date pravice dostopa in mo\u017enosti sodelovanja. To zmanj\u0161uje \u010das, porabljen za izmenjavo informacij, in pove\u010duje u\u010dinkovitost komunikacije.<\/span><\/p>\n<p><span style=\"font-weight: 400;\">4\ufe0f\u20e3 Upravljanje razli\u010dic: Arigamix omogo\u010da nadzor in upravljanje razli\u010dic dokumentov. Lahko spremljate spremembe, shranjujete prej\u0161nje razli\u010dice in se vra\u010date k njim po potrebi. To pomaga prepre\u010diti izgubo podatkov in olaj\u0161a sodelovanje znotraj ekip.<\/span><\/p>\n<p><span style=\"font-weight: 400;\">5\ufe0f\u20e3 Avtomatizacija delovnih tokov: Z Arigamixom lahko avtomatizirate delovne tokove upravljanja dokumentov, s \u010dimer prihranite \u010das in vire, izbolj\u0161ate produktivnost ter zmanj\u0161ate tveganje napak.<\/span><\/p>\n<p><span style=\"font-weight: 400;\">\ud83d\ude80 Arigamix organizacijam omogo\u010da u\u010dinkovito upravljanje njihovih dokumentov, ustvarjanje strukturiranih delovnih tokov in pove\u010danje u\u010dinkovitosti komunikacije. Ne zamudite prilo\u017enosti za optimizacijo upravljanja vsebin z Arigamixom. Stopite v stik z nami \u0161e danes in izvedite ve\u010d o na\u0161ih re\u0161itvah!<\/span><\/p>\n<p><span style=\"font-weight: 400;\">#Arigamix #upravljanjevsebin #primerdobreprakse<\/span><\/p>\n","protected":false},"excerpt":{"rendered":"<p>&nbsp; \ud83d\udce2 &#8220;U\u010dinkovito upravljanje vsebin z Arigamix: Najbolj\u0161e prakse&#8221; \ud83d\udcc4 V dana\u0161nji informacijski dru\u017ebi je u\u010dinkovito upravljanje vsebin klju\u010dni dejavnik za uspe\u0161no delovanje organizacij. Z veseljem predstavljamo Arigamix \u2013 mo\u010dno platformo, ki vam bo pomagala upravljati va\u0161e vsebine enostavno in u\u010dinkovito. \ud83d\uddc2\ufe0f Arigamix omogo\u010da orodja in funkcionalnost, ki organizacijam omogo\u010dajo u\u010dinkovito ustvarjanje, organiziranje, shranjevanje, distribucijo &hellip; <a href=\"https:\/\/www.arigamix.com\/sl\/novice\/ucinkovito-upravljanje-vsebine-z-arigamixom-najboljse-prakse\/\" class=\"more-link\">Continue reading <span class=\"screen-reader-text\">U\u010dinkovito upravljanje vsebine z Arigamixom: Najbolj\u0161e prakse<\/span><\/a><\/p>\n","protected":false},"author":4,"featured_media":459,"parent":353,"menu_order":0,"comment_status":"closed","ping_status":"closed","template":"new.php","meta":{"inline_featured_image":false},"aioseo_notices":[],"_links":{"self":[{"href":"https:\/\/www.arigamix.com\/sl\/wp-json\/wp\/v2\/pages\/458"}],"collection":[{"href":"https:\/\/www.arigamix.com\/sl\/wp-json\/wp\/v2\/pages"}],"about":[{"href":"https:\/\/www.arigamix.com\/sl\/wp-json\/wp\/v2\/types\/page"}],"author":[{"embeddable":true,"href":"https:\/\/www.arigamix.com\/sl\/wp-json\/wp\/v2\/users\/4"}],"replies":[{"embeddable":true,"href":"https:\/\/www.arigamix.com\/sl\/wp-json\/wp\/v2\/comments?post=458"}],"version-history":[{"count":2,"href":"https:\/\/www.arigamix.com\/sl\/wp-json\/wp\/v2\/pages\/458\/revisions"}],"predecessor-version":[{"id":461,"href":"https:\/\/www.arigamix.com\/sl\/wp-json\/wp\/v2\/pages\/458\/revisions\/461"}],"up":[{"embeddable":true,"href":"https:\/\/www.arigamix.com\/sl\/wp-json\/wp\/v2\/pages\/353"}],"wp:featuredmedia":[{"embeddable":true,"href":"https:\/\/www.arigamix.com\/sl\/wp-json\/wp\/v2\/media\/459"}],"wp:attachment":[{"href":"https:\/\/www.arigamix.com\/sl\/wp-json\/wp\/v2\/media?parent=458"}],"curies":[{"name":"wp","href":"https:\/\/api.w.org\/{rel}","templated":true}]}}