{"id":449,"date":"2023-07-27T14:55:58","date_gmt":"2023-07-27T11:55:58","guid":{"rendered":"https:\/\/www.arigamix.com\/sl\/?page_id=449"},"modified":"2023-10-20T14:56:20","modified_gmt":"2023-10-20T11:56:20","slug":"arigamix-upravljanje-zivljenjskega-cikla-dokumentov-od-ustvarjanja-do-arhiviranja","status":"publish","type":"page","link":"https:\/\/www.arigamix.com\/sl\/novice\/arigamix-upravljanje-zivljenjskega-cikla-dokumentov-od-ustvarjanja-do-arhiviranja\/","title":{"rendered":"Arigamix: Upravljanje \u017eivljenjskega cikla dokumentov od ustvarjanja do arhiviranja"},"content":{"rendered":"<p><img loading=\"lazy\" class=\"alignnone size-medium wp-image-450\" src=\"https:\/\/www.arigamix.com\/sl\/wp-content\/uploads\/2023\/10\/27-July-300x185.png\" alt=\"\" width=\"300\" height=\"185\" \/><\/p>\n<p>&nbsp;<\/p>\n<p><span style=\"font-weight: 400;\">\ud83d\udce2 &#8220;Upravljanje \u017eivljenjskega cikla dokumentov z Arigamixom: Od ustvarjanja do arhiviranja&#8221;<\/span><\/p>\n<p><span style=\"font-weight: 400;\">Sodobna podjetja se soo\u010dajo z ogromno koli\u010dino dokumentov, zato je u\u010dinkovito upravljanje \u017eivljenjskega cikla dokumentov klju\u010dni dejavnik za uspeh. Z veseljem vam predstavljamo Arigamix &#8211; vsestransko platformo, ki omogo\u010da popoln nadzor nad \u017eivljenjskim ciklom va\u0161ih dokumentov.<\/span><\/p>\n<p><span style=\"font-weight: 400;\">\ud83d\udcc4 Z Arigamixom lahko upravljate vse faze \u017eivljenjskega cikla dokumentov &#8211; od njihovega ustvarjanja in urejanja do odobritve, distribucije, uporabe in nazadnje arhiviranja. Celoten proces postane bolj pregleden, organiziran in u\u010dinkovit zahvaljujo\u010d funkcionalnosti Arigamixa.<\/span><\/p>\n<p><span style=\"font-weight: 400;\">\ud83d\udcdd Ustvarjanje dokumentov postane preprosto in priro\u010dno s pomo\u010djo prilagodljivega in intuitivnega urejevalnika Arigamixa. Lahko ustvarite dokumente od za\u010detka ali uporabite \u017ee pripravljene predloge, nastavite dostopna dovoljenja, dolo\u010dite metapodatke in oznake za enostavno klasifikacijo.<\/span><\/p>\n<p><span style=\"font-weight: 400;\">\u2705 Odobritev in urejanje dokumentov postaneta bolj strukturirana in pregledna z zna\u010dilnostjo nadzora nad razli\u010dicami. Arigamix omogo\u010da sledenje vsem spremembam, ohranjanje zgodovine razli\u010dic in nadzor dostopa do razli\u010dnih verzij dokumentov.<\/span><\/p>\n<p><span style=\"font-weight: 400;\">\ud83c\udf10 Distribucija in uporaba dokumentov potekata z uporabo prilagodljivih dostopnih pravic in mo\u017enosti sodelovanja. Lahko dodelite dostop do dokumentov le dolo\u010denim uporabnikom ali skupinam, nastavite dovoljenja za branje, urejanje ali prenos.<\/span><\/p>\n<p><span style=\"font-weight: 400;\">\ud83d\uddc4\ufe0f Dolo\u010dite lahko pravila in obdobja hranjenja, avtomati\u010dno premikate dokumente v arhiv in upravljate ter i\u0161\u010dete v arhivu.<\/span><\/p>\n<p><span style=\"font-weight: 400;\">\ud83d\ude80 Arigamix vam omogo\u010da u\u010dinkovito upravljanje \u017eivljenjskim ciklom dokumentov, ohranjanje njihove celovitosti, varnosti in dostopnosti skozi celotno obdobje. Zmanj\u0161ate lahko stro\u0161ke obdelave dokumentov, zmanj\u0161ate napake in pove\u010date produktivnost va\u0161ega podjetja.<\/span><\/p>\n<p><span style=\"font-weight: 400;\">\ud83d\udca1 Ne zamudite prilo\u017enosti za izbolj\u0161anje upravljanja dokumentov z Arigamixom. Stopite v stik z nami \u017ee danes in izvedite ve\u010d o na\u0161ih mo\u017enostih!<\/span><\/p>\n<p><span style=\"font-weight: 400;\">#Arigamix #upravljanjedokumentov #\u017eivljenjskiciklodokumentov #u\u010dinkovitost<\/span><\/p>\n","protected":false},"excerpt":{"rendered":"<p>&nbsp; \ud83d\udce2 &#8220;Upravljanje \u017eivljenjskega cikla dokumentov z Arigamixom: Od ustvarjanja do arhiviranja&#8221; Sodobna podjetja se soo\u010dajo z ogromno koli\u010dino dokumentov, zato je u\u010dinkovito upravljanje \u017eivljenjskega cikla dokumentov klju\u010dni dejavnik za uspeh. Z veseljem vam predstavljamo Arigamix &#8211; vsestransko platformo, ki omogo\u010da popoln nadzor nad \u017eivljenjskim ciklom va\u0161ih dokumentov. \ud83d\udcc4 Z Arigamixom lahko upravljate vse faze &hellip; <a href=\"https:\/\/www.arigamix.com\/sl\/novice\/arigamix-upravljanje-zivljenjskega-cikla-dokumentov-od-ustvarjanja-do-arhiviranja\/\" class=\"more-link\">Continue reading <span class=\"screen-reader-text\">Arigamix: Upravljanje \u017eivljenjskega cikla dokumentov od ustvarjanja do arhiviranja<\/span><\/a><\/p>\n","protected":false},"author":4,"featured_media":450,"parent":353,"menu_order":0,"comment_status":"closed","ping_status":"closed","template":"new.php","meta":{"inline_featured_image":false},"aioseo_notices":[],"_links":{"self":[{"href":"https:\/\/www.arigamix.com\/sl\/wp-json\/wp\/v2\/pages\/449"}],"collection":[{"href":"https:\/\/www.arigamix.com\/sl\/wp-json\/wp\/v2\/pages"}],"about":[{"href":"https:\/\/www.arigamix.com\/sl\/wp-json\/wp\/v2\/types\/page"}],"author":[{"embeddable":true,"href":"https:\/\/www.arigamix.com\/sl\/wp-json\/wp\/v2\/users\/4"}],"replies":[{"embeddable":true,"href":"https:\/\/www.arigamix.com\/sl\/wp-json\/wp\/v2\/comments?post=449"}],"version-history":[{"count":2,"href":"https:\/\/www.arigamix.com\/sl\/wp-json\/wp\/v2\/pages\/449\/revisions"}],"predecessor-version":[{"id":452,"href":"https:\/\/www.arigamix.com\/sl\/wp-json\/wp\/v2\/pages\/449\/revisions\/452"}],"up":[{"embeddable":true,"href":"https:\/\/www.arigamix.com\/sl\/wp-json\/wp\/v2\/pages\/353"}],"wp:featuredmedia":[{"embeddable":true,"href":"https:\/\/www.arigamix.com\/sl\/wp-json\/wp\/v2\/media\/450"}],"wp:attachment":[{"href":"https:\/\/www.arigamix.com\/sl\/wp-json\/wp\/v2\/media?parent=449"}],"curies":[{"name":"wp","href":"https:\/\/api.w.org\/{rel}","templated":true}]}}