{"id":443,"date":"2023-07-20T14:40:49","date_gmt":"2023-07-20T11:40:49","guid":{"rendered":"https:\/\/www.arigamix.com\/sl\/?page_id=443"},"modified":"2023-10-20T14:46:15","modified_gmt":"2023-10-20T11:46:15","slug":"arigamix-elektronski-podpis-procesi-izmenjava-dokumentov","status":"publish","type":"page","link":"https:\/\/www.arigamix.com\/sl\/novice\/arigamix-elektronski-podpis-procesi-izmenjava-dokumentov\/","title":{"rendered":"Arigamix in elektronski podpis: Procesi podpisovanja in izmenjave dokumentov"},"content":{"rendered":"<p><img loading=\"lazy\" class=\"alignnone size-medium wp-image-444\" src=\"https:\/\/www.arigamix.com\/sl\/wp-content\/uploads\/2023\/10\/arigamix-e-signature-300x185.png\" alt=\"\" width=\"300\" height=\"185\" srcset=\"https:\/\/www.arigamix.com\/sl\/wp-content\/uploads\/2023\/10\/arigamix-e-signature-300x185.png 300w, https:\/\/www.arigamix.com\/sl\/wp-content\/uploads\/2023\/10\/arigamix-e-signature-1024x632.png 1024w, https:\/\/www.arigamix.com\/sl\/wp-content\/uploads\/2023\/10\/arigamix-e-signature-768x474.png 768w, https:\/\/www.arigamix.com\/sl\/wp-content\/uploads\/2023\/10\/arigamix-e-signature-1536x948.png 1536w, https:\/\/www.arigamix.com\/sl\/wp-content\/uploads\/2023\/10\/arigamix-e-signature-825x510.png 825w, https:\/\/www.arigamix.com\/sl\/wp-content\/uploads\/2023\/10\/arigamix-e-signature.png 1729w\" sizes=\"(max-width: 300px) 100vw, 300px\" \/><\/p>\n<p>&nbsp;<\/p>\n<p><span style=\"font-weight: 400;\">\ud83d\udce2 Novica: &#8220;Arigamix in elektronski podpis. Procesi podpisovanja in izmenjave dokumentov&#8221;<\/span><\/p>\n<p><span style=\"font-weight: 400;\">Na platformi Arigamix so na voljo posebne funkcionalnosti, ki bistveno poenostavijo procese podpisa in izmenjave dokumentov. Zdaj lahko enostavno in varno podpisujete dokumente z elektronskim podpisom ter u\u010dinkovito upravljate njihovo izmenjavo.<\/span><\/p>\n<p><span style=\"font-weight: 400;\">\ud83d\udd8b\ufe0f Z uporabo Arigamixa in elektronskega podpisa vam ni ve\u010d treba porabljati \u010dasa za tiskanje, skeniranje in po\u0161iljanje fizi\u010dnih dokumentov. Vse potrebne podpise lahko opravite preko spleta, kar zmanj\u0161uje \u010das in trud, povezan z obdelavo papirnih dokumentov.<\/span><\/p>\n<p><span style=\"font-weight: 400;\">\ud83d\udcbc Arigamix zagotavlja priro\u010dna orodja za ustvarjanje in upravljanje procesov podpisa dokumentov. Enostavno lahko nastavite zaporedje podpisov, dolo\u010dite roke in obvestila ter imate nadzor nad vsako fazo. ARIGAMIX podpira vse glavne elektronske podpisne certifikate, SETCCE, in tudi podpisovanje s storitvijo DocuSign.<\/span><\/p>\n<p><span style=\"font-weight: 400;\">\ud83d\udd12 Pomembno je poudariti, da uporaba elektronskega podpisa v Arigamixu zagotavlja visoko raven varnosti in pravne veljavnosti. Vsi podpisi so varno za\u0161\u010diteni in skladni z zahtevami zakonodaje o elektronskem podpisu. Obstaja tudi mo\u017enost preverjanja veljavnosti certifikata elektronskega podpisa.<\/span><\/p>\n<p><span style=\"font-weight: 400;\">\ud83c\udf10 Poleg podpisovanja Arigamix olaj\u0161a tudi izmenjavo dokumentov med udele\u017eenci procesa. Lahko nastavite dostopne pravice, nadzorujete razli\u010dice dokumentov in prejemate obvestila o pomembnih spremembah.<\/span><\/p>\n<p><span style=\"font-weight: 400;\">\ud83d\ude80 U\u010dinkovitost in uporabnost Arigamixa v kombinaciji z elektronskim podpisom bistveno izbolj\u0161a delovne procese ter zmanj\u0161a \u010das, porabljen za obdelavo dokumentov. Lahko se osredoto\u010dite na pomembnej\u0161e naloge, izbolj\u0161ate produktivnost in okrepite sodelovanje s partnerji in strankami.<\/span><\/p>\n<p><span style=\"font-weight: 400;\">\ud83d\udca1 Ne zamudite prilo\u017enosti za optimizacijo va\u0161ih poslovnih procesov z Arigamixom in elektronskim podpisom. Za ve\u010d informacij in za\u010detek uporabe se obrnite na na\u0161o podporo.<\/span><\/p>\n<p><span style=\"font-weight: 400;\">#Arigamix #elektronskipodpis #podpisovanjedokumentov #upravljanjedokumentov<\/span><\/p>\n","protected":false},"excerpt":{"rendered":"<p>&nbsp; \ud83d\udce2 Novica: &#8220;Arigamix in elektronski podpis. Procesi podpisovanja in izmenjave dokumentov&#8221; Na platformi Arigamix so na voljo posebne funkcionalnosti, ki bistveno poenostavijo procese podpisa in izmenjave dokumentov. Zdaj lahko enostavno in varno podpisujete dokumente z elektronskim podpisom ter u\u010dinkovito upravljate njihovo izmenjavo. \ud83d\udd8b\ufe0f Z uporabo Arigamixa in elektronskega podpisa vam ni ve\u010d treba porabljati &hellip; <a href=\"https:\/\/www.arigamix.com\/sl\/novice\/arigamix-elektronski-podpis-procesi-izmenjava-dokumentov\/\" class=\"more-link\">Continue reading <span class=\"screen-reader-text\">Arigamix in elektronski podpis: Procesi podpisovanja in izmenjave dokumentov<\/span><\/a><\/p>\n","protected":false},"author":4,"featured_media":444,"parent":353,"menu_order":0,"comment_status":"closed","ping_status":"closed","template":"new.php","meta":{"inline_featured_image":false},"aioseo_notices":[],"_links":{"self":[{"href":"https:\/\/www.arigamix.com\/sl\/wp-json\/wp\/v2\/pages\/443"}],"collection":[{"href":"https:\/\/www.arigamix.com\/sl\/wp-json\/wp\/v2\/pages"}],"about":[{"href":"https:\/\/www.arigamix.com\/sl\/wp-json\/wp\/v2\/types\/page"}],"author":[{"embeddable":true,"href":"https:\/\/www.arigamix.com\/sl\/wp-json\/wp\/v2\/users\/4"}],"replies":[{"embeddable":true,"href":"https:\/\/www.arigamix.com\/sl\/wp-json\/wp\/v2\/comments?post=443"}],"version-history":[{"count":4,"href":"https:\/\/www.arigamix.com\/sl\/wp-json\/wp\/v2\/pages\/443\/revisions"}],"predecessor-version":[{"id":448,"href":"https:\/\/www.arigamix.com\/sl\/wp-json\/wp\/v2\/pages\/443\/revisions\/448"}],"up":[{"embeddable":true,"href":"https:\/\/www.arigamix.com\/sl\/wp-json\/wp\/v2\/pages\/353"}],"wp:featuredmedia":[{"embeddable":true,"href":"https:\/\/www.arigamix.com\/sl\/wp-json\/wp\/v2\/media\/444"}],"wp:attachment":[{"href":"https:\/\/www.arigamix.com\/sl\/wp-json\/wp\/v2\/media?parent=443"}],"curies":[{"name":"wp","href":"https:\/\/api.w.org\/{rel}","templated":true}]}}