{"id":439,"date":"2023-07-13T14:33:16","date_gmt":"2023-07-13T11:33:16","guid":{"rendered":"https:\/\/www.arigamix.com\/sl\/?page_id=439"},"modified":"2023-10-20T14:33:30","modified_gmt":"2023-10-20T11:33:30","slug":"mobilne-odobritve-z-arigamixom","status":"publish","type":"page","link":"https:\/\/www.arigamix.com\/sl\/novice\/mobilne-odobritve-z-arigamixom\/","title":{"rendered":"Mobilne odobritve z Arigamixom: Dostop kadarkoli in kjerkoli"},"content":{"rendered":"<p><img loading=\"lazy\" class=\"alignnone size-medium wp-image-440\" src=\"https:\/\/www.arigamix.com\/sl\/wp-content\/uploads\/2023\/10\/mobile-approval-300x185.png\" alt=\"\" width=\"300\" height=\"185\" srcset=\"https:\/\/www.arigamix.com\/sl\/wp-content\/uploads\/2023\/10\/mobile-approval-300x185.png 300w, https:\/\/www.arigamix.com\/sl\/wp-content\/uploads\/2023\/10\/mobile-approval-768x473.png 768w, https:\/\/www.arigamix.com\/sl\/wp-content\/uploads\/2023\/10\/mobile-approval-825x510.png 825w, https:\/\/www.arigamix.com\/sl\/wp-content\/uploads\/2023\/10\/mobile-approval.png 1000w\" sizes=\"(max-width: 300px) 100vw, 300px\" \/><\/p>\n<p>&nbsp;<\/p>\n<p><span style=\"font-weight: 400;\">\ud83d\udce2 Arigamix: Mobilno soglasje &#8211; dostopno kadarkoli in kjerkoli.<\/span><\/p>\n<p><span style=\"font-weight: 400;\">Z veseljem vam predstavljamo funkcionalnost mobilnega soglasja z Arigamixom, ki vam omogo\u010da, da udobno delate z dokumenti tudi zunaj pisarne. Spoznajte klju\u010dne funkcije tega orodja:<\/span><\/p>\n<p><span style=\"font-weight: 400;\">Soglasje za dokumente prek elektronske po\u0161te<\/span><\/p>\n<p><span style=\"font-weight: 400;\">Arigamix omogo\u010da preprosto in priro\u010dno soglasje dokumentov prek elektronske po\u0161te. S tem boste lahko opravljali naloge tudi, ko ste izven pisarne, ne glede na to, kje se nahajate.<\/span><\/p>\n<p><span style=\"font-weight: 400;\">Podpora za delo v na\u010dinu brez povezave.<\/span><\/p>\n<p><span style=\"font-weight: 400;\">Na\u0161a re\u0161itev vam omogo\u010da delo v offline na\u010dinu, kar je \u0161e posebej uporabno, ko nimate internetne povezave. Opravljate lahko naloge in dajate soglasje dokumentom, tudi \u010de nimate dostopa do omre\u017eja.<\/span><\/p>\n<p><span style=\"font-weight: 400;\">Podpora na vseh mobilnih napravah in platformah<\/span><\/p>\n<p><span style=\"font-weight: 400;\">Arigamix deluje na vseh mobilnih napravah in platformah, vklju\u010dno z iOS in Androidom. Ne glede na to, ali uporabljate pametni telefon ali tablico, lahko enostavno dostopate do sistema in opravljate svoje naloge kadarkoli in kjerkoli.<\/span><\/p>\n<p><span style=\"font-weight: 400;\">Ni potrebna namestitev dodatnih komponent<\/span><\/p>\n<p><span style=\"font-weight: 400;\">Za uporabo mobilnega soglasja Arigamix ne potrebujete namestitve dodatnih komponent ali aplikacij. Preprosto odprite sistem prek brskalnika na va\u0161i napravi in za\u010dnite delati.<\/span><\/p>\n<p><span style=\"font-weight: 400;\">Popolnoma funkcionalni spletni odjemalec za vse naprave<\/span><\/p>\n<p><span style=\"font-weight: 400;\">Arigamix ponuja popolnoma funkcionalni spletni odjemalec, ki je idealen za uporabo na kateri koli napravi. Dostopate lahko do vseh funkcij sistema prek priljubljenih brskalnikov, kot so Firefox, Chrome, Safari in Edge. Ne glede na to, ali uporabljate mobilno napravo z iOS, Androidom ali Windowsom, se bo vmesnik samodejno prilagodil lo\u010dljivosti zaslona va\u0161e naprave.<\/span><\/p>\n<p><span style=\"font-weight: 400;\">Lokalizacija za enostavno uporabo<\/span><\/p>\n<p><span style=\"font-weight: 400;\">Arigamix ponuja pripravljeno lokalizacijo uporabni\u0161kega vmesnika v angle\u0161\u010dini in sloven\u0161\u010dini. Poleg tega lahko sami prilagodite lokalizacijo na kateri koli jezik, ki vam ustreza. Razumemo pomembnost uporabe sistema v va\u0161em maternem jeziku, zato vam to omogo\u010damo.<\/span><\/p>\n<p><span style=\"font-weight: 400;\">Impresiven uporabni\u0161ki vmesnik<\/span><\/p>\n<p><span style=\"font-weight: 400;\">Ponosni smo na sodobni Arigamixov uporabni\u0161ki vmesnik. Vmesnik lahko prilagodite za razli\u010dne poslovne vloge in enostavno preklapljate med njimi. Kartica objekta vam omogo\u010da prikaz atributov, predogledov in nalog na enem zaslonu, kar olaj\u0161a delovne procese. Vmesnik je optimiziran za \u0161irokozaslonske monitorje in ponuja mo\u017enosti prilagajanja ozadja in teme delovnega prostora, vklju\u010dno z izbiro \u017ee pripravljenih barvnih tem ali ustvarjanjem lastnih.<\/span><\/p>\n<p><span style=\"font-weight: 400;\">Arigamix ponuja napredne mo\u017enosti mobilnega soglasja in vam omogo\u010da svobodo neodvisnega dela ne glede na \u010das in kraj. Preizkusite Arigamix \u017ee danes in se prepri\u010dajte o njegovih prednostih!<\/span><\/p>\n<p>#Arigamix #workingoffline #mobileapproval #customisation #localisation<\/p>\n","protected":false},"excerpt":{"rendered":"<p>&nbsp; \ud83d\udce2 Arigamix: Mobilno soglasje &#8211; dostopno kadarkoli in kjerkoli. Z veseljem vam predstavljamo funkcionalnost mobilnega soglasja z Arigamixom, ki vam omogo\u010da, da udobno delate z dokumenti tudi zunaj pisarne. Spoznajte klju\u010dne funkcije tega orodja: Soglasje za dokumente prek elektronske po\u0161te Arigamix omogo\u010da preprosto in priro\u010dno soglasje dokumentov prek elektronske po\u0161te. S tem boste lahko &hellip; <a href=\"https:\/\/www.arigamix.com\/sl\/novice\/mobilne-odobritve-z-arigamixom\/\" class=\"more-link\">Continue reading <span class=\"screen-reader-text\">Mobilne odobritve z Arigamixom: Dostop kadarkoli in kjerkoli<\/span><\/a><\/p>\n","protected":false},"author":4,"featured_media":440,"parent":353,"menu_order":0,"comment_status":"closed","ping_status":"closed","template":"new.php","meta":{"inline_featured_image":false},"aioseo_notices":[],"_links":{"self":[{"href":"https:\/\/www.arigamix.com\/sl\/wp-json\/wp\/v2\/pages\/439"}],"collection":[{"href":"https:\/\/www.arigamix.com\/sl\/wp-json\/wp\/v2\/pages"}],"about":[{"href":"https:\/\/www.arigamix.com\/sl\/wp-json\/wp\/v2\/types\/page"}],"author":[{"embeddable":true,"href":"https:\/\/www.arigamix.com\/sl\/wp-json\/wp\/v2\/users\/4"}],"replies":[{"embeddable":true,"href":"https:\/\/www.arigamix.com\/sl\/wp-json\/wp\/v2\/comments?post=439"}],"version-history":[{"count":2,"href":"https:\/\/www.arigamix.com\/sl\/wp-json\/wp\/v2\/pages\/439\/revisions"}],"predecessor-version":[{"id":442,"href":"https:\/\/www.arigamix.com\/sl\/wp-json\/wp\/v2\/pages\/439\/revisions\/442"}],"up":[{"embeddable":true,"href":"https:\/\/www.arigamix.com\/sl\/wp-json\/wp\/v2\/pages\/353"}],"wp:featuredmedia":[{"embeddable":true,"href":"https:\/\/www.arigamix.com\/sl\/wp-json\/wp\/v2\/media\/440"}],"wp:attachment":[{"href":"https:\/\/www.arigamix.com\/sl\/wp-json\/wp\/v2\/media?parent=439"}],"curies":[{"name":"wp","href":"https:\/\/api.w.org\/{rel}","templated":true}]}}