{"id":434,"date":"2023-07-06T14:18:24","date_gmt":"2023-07-06T11:18:24","guid":{"rendered":"https:\/\/www.arigamix.com\/sl\/?page_id=434"},"modified":"2023-10-20T14:19:21","modified_gmt":"2023-10-20T11:19:21","slug":"integracija-arigamixa-z-drugimi-sistemi","status":"publish","type":"page","link":"https:\/\/www.arigamix.com\/sl\/novice\/integracija-arigamixa-z-drugimi-sistemi\/","title":{"rendered":"Integracija Arigamixa z drugimi sistemi: Ustvarjanje enotnega informacijskega okolja za va\u0161e podjetje"},"content":{"rendered":"<p><img loading=\"lazy\" class=\"alignnone size-medium wp-image-435\" src=\"https:\/\/www.arigamix.com\/sl\/wp-content\/uploads\/2023\/10\/Arigamix-integrations-300x185.jpg\" alt=\"\" width=\"300\" height=\"185\" srcset=\"https:\/\/www.arigamix.com\/sl\/wp-content\/uploads\/2023\/10\/Arigamix-integrations-300x185.jpg 300w, https:\/\/www.arigamix.com\/sl\/wp-content\/uploads\/2023\/10\/Arigamix-integrations-768x474.jpg 768w, https:\/\/www.arigamix.com\/sl\/wp-content\/uploads\/2023\/10\/Arigamix-integrations-825x510.jpg 825w, https:\/\/www.arigamix.com\/sl\/wp-content\/uploads\/2023\/10\/Arigamix-integrations.jpg 999w\" sizes=\"(max-width: 300px) 100vw, 300px\" \/><\/p>\n<p>&nbsp;<\/p>\n<p><span style=\"font-weight: 400;\">\ud83d\udce2 Novica: Integracija Arigamixa z drugimi sistemi: Ustvarjanje enotnega informacijskega okolja za va\u0161e podjetje<\/span><\/p>\n<p><span style=\"font-weight: 400;\">Integracija razli\u010dnih sistemov je klju\u010dnega pomena za optimizacijo poslovnih procesov in pove\u010danje u\u010dinkovitosti. Z Arigamixom lahko enostavno integrirate obstoje\u010de sisteme, ustvarjate enotno informacijsko okolje za va\u0161e podjetje.<\/span><\/p>\n<p><span style=\"font-weight: 400;\">Arigamix ponuja re\u0161itve za integracijo, ki omogo\u010dajo povezovanje vseh va\u0161ih sistemov, omogo\u010dajo interakcijo s tokom podatkov in odpravljajo potrebo po ro\u010dnem usklajevanju. Nekatere klju\u010dne zna\u010dilnosti integracije vklju\u010dujejo:<\/span><\/p>\n<ul>\n<li><span style=\"font-weight: 400;\"> Uporaba imenikov iz drugih sistemov kot lastnih, brez potrebe po usklajevanju podatkov.<\/span><\/li>\n<li><span style=\"font-weight: 400;\"> Dostop in iskanje informacij v drugih sistemih neposredno iz Arigamixa.<\/span><\/li>\n<li><span style=\"font-weight: 400;\"> Ustvarjanje povezav do objektov iz drugih sistemov in virtualnih kartic za celovit prikaz podatkov.<\/span><\/li>\n<li><span style=\"font-weight: 400;\"> Prikazovanje informacij iz drugih sistemov na obrazcih kartic v Arigamixu.<\/span><\/li>\n<li><span style=\"font-weight: 400;\"> Predstavitev informacij kot virtualnih datotek, prilo\u017eenih karticam, za dosleden prikaz podatkov.<\/span><\/li>\n<li><span style=\"font-weight: 400;\"> Izmenjava podatkov z drugimi sistemi med poslovnimi procesi.<\/span><\/li>\n<li><span style=\"font-weight: 400;\"> Generiranje spletnih povezav do objektov Arigamix iz drugih sistemov.<\/span><\/li>\n<li><span style=\"font-weight: 400;\"> Dostop do objektov Arigamix prek spletnih storitev.<\/span><\/li>\n<\/ul>\n<p><span style=\"font-weight: 400;\">\ud83d\udd0c Pripravljene integracije z nekaterimi storitvami<\/span><\/p>\n<p><span style=\"font-weight: 400;\">Arigamix nudi pripravljene integracije s pomembnimi storitvami, kar omogo\u010da nemoteno interakcijo in \u0161iri funkcionalnost sistema. Nekatere znane integracije vklju\u010dujejo:<\/span><\/p>\n<ul>\n<li><span style=\"font-weight: 400;\"> Integracija s storitvijo DocuSign, ki poenostavlja postopke podpisovanja in odobritve dokumentov.<\/span><\/li>\n<li><span style=\"font-weight: 400;\"> Samodejno posodabljanje podatkov strank iz poslovnega registra Ajpes, kar zagotavlja a\u017eurnost informacij.<\/span><\/li>\n<li><span style=\"font-weight: 400;\"> Integracija z OCR-re\u0161itvami podjetja ABBYY, ki omogo\u010dajo samodejno vle\u010denje podatkov iz opti\u010dno prebranih dokumentov.<\/span><\/li>\n<li><span style=\"font-weight: 400;\"> Podpora univerzalni storitvi integracij Albato, ki olaj\u0161a povezovanje z razli\u010dnimi sistemi.<\/span><\/li>\n<\/ul>\n<p><span style=\"font-weight: 400;\">Z Arigamixom boste enostavno integrirali svoje sisteme, uporabljali medsebojno povezane podatke in ustvarili enotno informacijsko okolje za va\u0161e podjetje. Pove\u010dajte u\u010dinkovitost, izbolj\u0161ajte sodelovanje in optimizirajte poslovne procese s pomo\u010djo integracij Arigamix.<\/span><\/p>\n<p><span style=\"font-weight: 400;\">Spremljajte novice in pridobite dodatne informacije o integraciji Arigamix!<\/span><\/p>\n<p><span style=\"font-weight: 400;\">#Arigamix #Re\u0161itveZaIntegracijo #EnotnoInformacijskoOkolje #U\u010dinkovitost #Sodelovanje<\/span><\/p>\n<p>&nbsp;<\/p>\n","protected":false},"excerpt":{"rendered":"<p>&nbsp; \ud83d\udce2 Novica: Integracija Arigamixa z drugimi sistemi: Ustvarjanje enotnega informacijskega okolja za va\u0161e podjetje Integracija razli\u010dnih sistemov je klju\u010dnega pomena za optimizacijo poslovnih procesov in pove\u010danje u\u010dinkovitosti. Z Arigamixom lahko enostavno integrirate obstoje\u010de sisteme, ustvarjate enotno informacijsko okolje za va\u0161e podjetje. Arigamix ponuja re\u0161itve za integracijo, ki omogo\u010dajo povezovanje vseh va\u0161ih sistemov, omogo\u010dajo interakcijo &hellip; <a href=\"https:\/\/www.arigamix.com\/sl\/novice\/integracija-arigamixa-z-drugimi-sistemi\/\" class=\"more-link\">Continue reading <span class=\"screen-reader-text\">Integracija Arigamixa z drugimi sistemi: Ustvarjanje enotnega informacijskega okolja za va\u0161e podjetje<\/span><\/a><\/p>\n","protected":false},"author":4,"featured_media":435,"parent":353,"menu_order":0,"comment_status":"closed","ping_status":"closed","template":"new.php","meta":{"inline_featured_image":false},"aioseo_notices":[],"_links":{"self":[{"href":"https:\/\/www.arigamix.com\/sl\/wp-json\/wp\/v2\/pages\/434"}],"collection":[{"href":"https:\/\/www.arigamix.com\/sl\/wp-json\/wp\/v2\/pages"}],"about":[{"href":"https:\/\/www.arigamix.com\/sl\/wp-json\/wp\/v2\/types\/page"}],"author":[{"embeddable":true,"href":"https:\/\/www.arigamix.com\/sl\/wp-json\/wp\/v2\/users\/4"}],"replies":[{"embeddable":true,"href":"https:\/\/www.arigamix.com\/sl\/wp-json\/wp\/v2\/comments?post=434"}],"version-history":[{"count":3,"href":"https:\/\/www.arigamix.com\/sl\/wp-json\/wp\/v2\/pages\/434\/revisions"}],"predecessor-version":[{"id":438,"href":"https:\/\/www.arigamix.com\/sl\/wp-json\/wp\/v2\/pages\/434\/revisions\/438"}],"up":[{"embeddable":true,"href":"https:\/\/www.arigamix.com\/sl\/wp-json\/wp\/v2\/pages\/353"}],"wp:featuredmedia":[{"embeddable":true,"href":"https:\/\/www.arigamix.com\/sl\/wp-json\/wp\/v2\/media\/435"}],"wp:attachment":[{"href":"https:\/\/www.arigamix.com\/sl\/wp-json\/wp\/v2\/media?parent=434"}],"curies":[{"name":"wp","href":"https:\/\/api.w.org\/{rel}","templated":true}]}}