{"id":430,"date":"2023-06-29T13:43:30","date_gmt":"2023-06-29T10:43:30","guid":{"rendered":"https:\/\/www.arigamix.com\/sl\/?page_id=430"},"modified":"2023-10-20T13:43:53","modified_gmt":"2023-10-20T10:43:53","slug":"5-razlogov-zakaj-izbrati-arigamix","status":"publish","type":"page","link":"https:\/\/www.arigamix.com\/sl\/novice\/5-razlogov-zakaj-izbrati-arigamix\/","title":{"rendered":"5 razlogov zakaj izbrati Arigamix"},"content":{"rendered":"<p><img loading=\"lazy\" class=\"alignnone size-medium wp-image-431\" src=\"https:\/\/www.arigamix.com\/sl\/wp-content\/uploads\/2023\/10\/5-reasons-300x184.png\" alt=\"\" width=\"300\" height=\"184\" srcset=\"https:\/\/www.arigamix.com\/sl\/wp-content\/uploads\/2023\/10\/5-reasons-300x184.png 300w, https:\/\/www.arigamix.com\/sl\/wp-content\/uploads\/2023\/10\/5-reasons-768x472.png 768w, https:\/\/www.arigamix.com\/sl\/wp-content\/uploads\/2023\/10\/5-reasons-825x510.png 825w, https:\/\/www.arigamix.com\/sl\/wp-content\/uploads\/2023\/10\/5-reasons.png 998w\" sizes=\"(max-width: 300px) 100vw, 300px\" \/><\/p>\n<p>&nbsp;<\/p>\n<p><span style=\"font-weight: 400;\">\ud83d\udce2 Novica: 5 razlogov, zakaj izbrati Arigamix!<\/span><\/p>\n<p><span style=\"font-weight: 400;\">Arigamix &#8211; univerzalna ECM\/BPM platforma za upravljanje z dokumenti, ki omogo\u010da ustvarjanje visoko u\u010dinkovitih re\u0161itev za avtomatizacijo dokumentnih procesov in poslovnih procesov podjetij v razli\u010dnih panogah in poslovnih sektorjih. Tukaj je 5 klju\u010dnih razlogov, zakaj bi morali izbrati Arigamix:<\/span><\/p>\n<p><span style=\"font-weight: 400;\">1\ufe0f\u20e3 Hitro delovanje: Arigamix zagotavlja visoko hitrost delovanja, kar vam omogo\u010da hitro iskanje, odpiranje in obdelavo dokumentov. Ne glede na obseg podatkov Arigamix vedno zagotavlja visoko zmogljivost.<\/span><\/p>\n<p><span style=\"font-weight: 400;\">2\ufe0f\u20e3 Moderen vmesnik: Z Arigamixom dobite sodoben in uporabniku prijazen vmesnik, ki olaj\u0161a delo s sistemom in izbolj\u0161uje uporabni\u0161ko izku\u0161njo.<\/span><\/p>\n<p><span style=\"font-weight: 400;\">3\ufe0f\u20e3 Popolnoma funkcionalen spletni odjemalec: Arigamix ponuja popolnoma funkcionalen spletni odjemalec s prilagodljivim vmesnikom, ki vam omogo\u010da upravljanje dokumentov s katero koli napravo &#8211; ra\u010dunalnikom, tabli\u010dnim ra\u010dunalnikom ali pametnim telefonom.<\/span><\/p>\n<p><span style=\"font-weight: 400;\">4\ufe0f\u20e3 Pripravljena re\u0161itev &#8220;out of the box&#8221;: Arigamix je pripravljena re\u0161itev, ki je takoj uporabna. Sistem lahko hitro prilagodite svojim potrebam in za\u010dnete delati brez nepotrebnega zapravljanja \u010dasa in virov.<\/span><\/p>\n<p><span style=\"font-weight: 400;\">5\ufe0f\u20e3 Podpora za vse vrste datotek: Arigamix vam omogo\u010da delo z dokumenti v katerem koli formatu datoteke, kar zagotavlja prilagodljivost in enostavnost pri delu z raznolikimi dokumenti.<\/span><\/p>\n<p><span style=\"font-weight: 400;\">Arigamix ponuja tudi \u0161tevilne druge funkcije, ki ga naredijo idealno izbiro za va\u0161e podjetje. Z Arigamixom lahko enostavno upravljate kompleksne poslovne procese, izvajate potrjevanje dokumentov prek elektronske po\u0161te, omogo\u010date forume in razprave, ustvarjate interaktivna poro\u010dila s pomo\u010djo infografik, prilagajate model vlog, integrirate sistem z drugimi priljubljenimi storitvami in sistemi ter razvijate raz\u0161iritve na vseh ravneh z uporabo tehnologij z nizko kodno pisavo.<\/span><\/p>\n<p><span style=\"font-weight: 400;\">Arigamix je optimiziran za delo z velikimi koli\u010dinami podatkov, zagotavlja hitro krmarjenje in iskanje tudi pri shranjevanju milijonov dokumentov z vgrajenimi slikami skenov. Poleg tega sistem zahteva malo strojne opreme, kar olaj\u0161uje njegovo uvedbo in delovanje.<\/span><\/p>\n<p><span style=\"font-weight: 400;\">Izberite Arigamix &#8211; zanesljivo in inovativno re\u0161itev za upravljanje va\u0161ih dokumentov. Za ve\u010d informacij in svetovanje obi\u0161\u010dite na\u0161o spletno stran ali nas kontaktirajte \u0161e danes!<\/span><\/p>\n<p><span style=\"font-weight: 400;\">#Arigamix #upravljanjedokumentov #u\u010dinkovitost #inovacije<\/span><\/p>\n","protected":false},"excerpt":{"rendered":"<p>&nbsp; \ud83d\udce2 Novica: 5 razlogov, zakaj izbrati Arigamix! Arigamix &#8211; univerzalna ECM\/BPM platforma za upravljanje z dokumenti, ki omogo\u010da ustvarjanje visoko u\u010dinkovitih re\u0161itev za avtomatizacijo dokumentnih procesov in poslovnih procesov podjetij v razli\u010dnih panogah in poslovnih sektorjih. Tukaj je 5 klju\u010dnih razlogov, zakaj bi morali izbrati Arigamix: 1\ufe0f\u20e3 Hitro delovanje: Arigamix zagotavlja visoko hitrost delovanja, &hellip; <a href=\"https:\/\/www.arigamix.com\/sl\/novice\/5-razlogov-zakaj-izbrati-arigamix\/\" class=\"more-link\">Continue reading <span class=\"screen-reader-text\">5 razlogov zakaj izbrati Arigamix<\/span><\/a><\/p>\n","protected":false},"author":4,"featured_media":431,"parent":353,"menu_order":0,"comment_status":"closed","ping_status":"closed","template":"new.php","meta":{"inline_featured_image":false},"aioseo_notices":[],"_links":{"self":[{"href":"https:\/\/www.arigamix.com\/sl\/wp-json\/wp\/v2\/pages\/430"}],"collection":[{"href":"https:\/\/www.arigamix.com\/sl\/wp-json\/wp\/v2\/pages"}],"about":[{"href":"https:\/\/www.arigamix.com\/sl\/wp-json\/wp\/v2\/types\/page"}],"author":[{"embeddable":true,"href":"https:\/\/www.arigamix.com\/sl\/wp-json\/wp\/v2\/users\/4"}],"replies":[{"embeddable":true,"href":"https:\/\/www.arigamix.com\/sl\/wp-json\/wp\/v2\/comments?post=430"}],"version-history":[{"count":2,"href":"https:\/\/www.arigamix.com\/sl\/wp-json\/wp\/v2\/pages\/430\/revisions"}],"predecessor-version":[{"id":433,"href":"https:\/\/www.arigamix.com\/sl\/wp-json\/wp\/v2\/pages\/430\/revisions\/433"}],"up":[{"embeddable":true,"href":"https:\/\/www.arigamix.com\/sl\/wp-json\/wp\/v2\/pages\/353"}],"wp:featuredmedia":[{"embeddable":true,"href":"https:\/\/www.arigamix.com\/sl\/wp-json\/wp\/v2\/media\/431"}],"wp:attachment":[{"href":"https:\/\/www.arigamix.com\/sl\/wp-json\/wp\/v2\/media?parent=430"}],"curies":[{"name":"wp","href":"https:\/\/api.w.org\/{rel}","templated":true}]}}