{"id":418,"date":"2023-06-15T13:16:36","date_gmt":"2023-06-15T10:16:36","guid":{"rendered":"https:\/\/www.arigamix.com\/sl\/?page_id=418"},"modified":"2023-10-20T13:24:58","modified_gmt":"2023-10-20T10:24:58","slug":"postopek-odobritve-prek-e-poste","status":"publish","type":"page","link":"https:\/\/www.arigamix.com\/sl\/novice\/postopek-odobritve-prek-e-poste\/","title":{"rendered":"Postopek odobritve prek e-po\u0161te"},"content":{"rendered":"<p><img loading=\"lazy\" class=\"alignnone size-medium wp-image-419\" src=\"https:\/\/www.arigamix.com\/sl\/wp-content\/uploads\/2023\/10\/Email-Approval-Process-300x185.png\" alt=\"\" width=\"300\" height=\"185\" \/><\/p>\n<p>&nbsp;<\/p>\n<p><span style=\"font-weight: 400;\">\ud83d\udce2 Novica: &#8220;Odobritev preko elektronske po\u0161te v platformi ARIGAMIX&#8221;<\/span><\/p>\n<p><span style=\"font-weight: 400;\">Z veseljem predstavljamo uporabno funkcionalnost v na\u0161i platformi za upravljanje poslovnih procesov in upravljanje vsebin ARIGAMIX &#8211; odobritev preko elektronske po\u0161te! Sedaj lahko mo\u010dno poenostavite postopek odobravanja dokumentov, saj ga lahko izvajate neposredno preko va\u0161e elektronske po\u0161te.<\/span><\/p>\n<p><span style=\"font-weight: 400;\">\ud83d\udce7 Z ARIGAMIX-om dobite priro\u010den in intuitiven na\u010din za izvajanje odobritev. Ne boste ve\u010d zapravljali \u010dasa za prenos in obdelavo papirnih dokumentov ali za osebne sestanke. Postopek odobritve postane bolj u\u010dinkovit in hiter z uporabo elektronske po\u0161te.<\/span><\/p>\n<p><span style=\"font-weight: 400;\">\ud83d\udcbc Platforma ARIGAMIX za upravljanje poslovnih procesov in upravljanje vsebin vam omogo\u010da enostavno ustvarjanje in upravljanje delovnih tokov. S funkcijo odobritve preko elektronske po\u0161te lahko bistveno izbolj\u0161ate komunikacijo in sodelovanje med udele\u017eenci procesa. Vsak udele\u017eenec lahko prejema obvestila o novih nalogah, po\u0161ilja zahteve za odobritev in prejema povratne informacije, vse to neposredno preko svojega elektronskega predala.<\/span><\/p>\n<p><span style=\"font-weight: 400;\">\u23f0 Elektronska po\u0161ta omogo\u010da prilagodljivo upravljanje \u010dasovnih okvirov in rokov za odobritev. Enostavno lahko spremljate stanje nalog in prejemate obvestila o prekora\u010denih rokih, kar vam pomaga <span class=\"jCAhz ChMk0b\"><span class=\"ryNqvb\">skraj\u0161ati \u010das izvajanja procesa in prepre\u010diti zamude.<\/span><\/span> <\/span><\/p>\n<p><span style=\"font-weight: 400;\"><span class=\"jCAhz ChMk0b\"><span class=\"ryNqvb\">\ud83d\udd12 Varnost podatkov je za nas glavna prednostna naloga.<\/span><\/span> <span class=\"jCAhz ChMk0b\"><span class=\"ryNqvb\">ARIGAMIX zagotavlja za\u0161\u010dito in zaupnost podatkov med odobritvami po elektronski po\u0161ti, kar vam omogo\u010da varno in zanesljivo delo.<\/span><\/span> <\/span><\/p>\n<p><span style=\"font-weight: 400;\"><span class=\"jCAhz ChMk0b\"><span class=\"ryNqvb\">\ud83d\udcf2 Ne zamudite prilo\u017enosti, da optimizirate svoje poslovne procese z ARIGAMIX in izkoristite udobje odobritve po e-po\u0161ti.<\/span><\/span> <span class=\"jCAhz ChMk0b\"><span class=\"ryNqvb\">Pi\u0161ite nam \u0161e danes, \u010de \u017eelite izvedeti ve\u010d o na\u0161ih zmogljivostih!<\/span><\/span> <\/span><\/p>\n<p><span style=\"font-weight: 400;\"><span class=\"jCAhz ChMk0b\"><span class=\"ryNqvb\">#ARIGAMIX #emailodobritve #poslovniprocesi #upravljanjevsebin #upravljanjeprocesov<\/span><\/span><\/span><\/p>\n","protected":false},"excerpt":{"rendered":"<p>&nbsp; \ud83d\udce2 Novica: &#8220;Odobritev preko elektronske po\u0161te v platformi ARIGAMIX&#8221; Z veseljem predstavljamo uporabno funkcionalnost v na\u0161i platformi za upravljanje poslovnih procesov in upravljanje vsebin ARIGAMIX &#8211; odobritev preko elektronske po\u0161te! Sedaj lahko mo\u010dno poenostavite postopek odobravanja dokumentov, saj ga lahko izvajate neposredno preko va\u0161e elektronske po\u0161te. \ud83d\udce7 Z ARIGAMIX-om dobite priro\u010den in intuitiven na\u010din &hellip; <a href=\"https:\/\/www.arigamix.com\/sl\/novice\/postopek-odobritve-prek-e-poste\/\" class=\"more-link\">Continue reading <span class=\"screen-reader-text\">Postopek odobritve prek e-po\u0161te<\/span><\/a><\/p>\n","protected":false},"author":4,"featured_media":419,"parent":353,"menu_order":0,"comment_status":"closed","ping_status":"closed","template":"new.php","meta":{"inline_featured_image":false},"aioseo_notices":[],"_links":{"self":[{"href":"https:\/\/www.arigamix.com\/sl\/wp-json\/wp\/v2\/pages\/418"}],"collection":[{"href":"https:\/\/www.arigamix.com\/sl\/wp-json\/wp\/v2\/pages"}],"about":[{"href":"https:\/\/www.arigamix.com\/sl\/wp-json\/wp\/v2\/types\/page"}],"author":[{"embeddable":true,"href":"https:\/\/www.arigamix.com\/sl\/wp-json\/wp\/v2\/users\/4"}],"replies":[{"embeddable":true,"href":"https:\/\/www.arigamix.com\/sl\/wp-json\/wp\/v2\/comments?post=418"}],"version-history":[{"count":5,"href":"https:\/\/www.arigamix.com\/sl\/wp-json\/wp\/v2\/pages\/418\/revisions"}],"predecessor-version":[{"id":425,"href":"https:\/\/www.arigamix.com\/sl\/wp-json\/wp\/v2\/pages\/418\/revisions\/425"}],"up":[{"embeddable":true,"href":"https:\/\/www.arigamix.com\/sl\/wp-json\/wp\/v2\/pages\/353"}],"wp:featuredmedia":[{"embeddable":true,"href":"https:\/\/www.arigamix.com\/sl\/wp-json\/wp\/v2\/media\/419"}],"wp:attachment":[{"href":"https:\/\/www.arigamix.com\/sl\/wp-json\/wp\/v2\/media?parent=418"}],"curies":[{"name":"wp","href":"https:\/\/api.w.org\/{rel}","templated":true}]}}