{"id":412,"date":"2023-06-08T13:09:19","date_gmt":"2023-06-08T10:09:19","guid":{"rendered":"https:\/\/www.arigamix.com\/sl\/?page_id=412"},"modified":"2023-10-20T13:25:59","modified_gmt":"2023-10-20T10:25:59","slug":"steklarna-hrastnik-digitalna-transformacija","status":"publish","type":"page","link":"https:\/\/www.arigamix.com\/sl\/novice\/steklarna-hrastnik-digitalna-transformacija\/","title":{"rendered":"Obisk Steklarne Hrastnik za vpogled v digitalno transformacijo"},"content":{"rendered":"<p><img loading=\"lazy\" class=\"alignnone size-medium wp-image-413\" src=\"https:\/\/www.arigamix.com\/sl\/wp-content\/uploads\/2023\/10\/steklarna-hrastnik-300x199.jpg\" alt=\"\" width=\"300\" height=\"199\" \/><\/p>\n<p><span class=\"jCAhz ChMk0b\"><span class=\"ryNqvb\"><br \/>\nV torek smo imeli s sodelavci prilo\u017enost obiskati Steklarno Hrastnik d.o.o.<\/span><\/span><\/p>\n<p><span class=\"jCAhz ChMk0b\"><span class=\"ryNqvb\">Ob tem obisku smo pridobili dragocen vpogled v dose\u017eke Steklarne Hrastnik pri posodabljanju njihovih temeljnih informacijskih sistemov.<\/span><\/span> <span class=\"jCAhz ChMk0b\"><span class=\"ryNqvb\">Z uporabo poslovno analiti\u010dnih pristopov, natan\u010dneje IIBA, je Steklarna Hrastnik uspe\u0161no nadgradila svoje sisteme, premagala izzive in oblikovala bistveno dokumentacijo.<\/span><\/span> <span class=\"jCAhz ChMk0b\"><span class=\"ryNqvb\">Poseben poudarek je bil na fazi nadgradnje SAP BBP.<\/span><\/span><\/p>\n<p><span class=\"jCAhz ChMk0b\"><span class=\"ryNqvb\">Poleg tega so na\u0161i kolegi delili informacije o poteku projekta CEDIT.SI, ki ima osrednjo vlogo pri digitalni preobrazbi Steklarne Hrastnik.<\/span><\/span> <span class=\"jCAhz ChMk0b\"><span class=\"ryNqvb\">Projekt, razvit v sodelovanju z devetimi partnerji, zajema program 14 projektov v \u0161tirih klju\u010dnih ciklih: proizvodnja, podjetje, izdelek in trajnostni razvoj.<\/span><\/span><\/p>\n<p><span class=\"jCAhz ChMk0b\"><span class=\"ryNqvb\">Obisk je bil tudi prilo\u017enost za raziskovanje proizvodnih zmogljivosti Steklarne Hrastnik.<\/span><\/span> <span class=\"jCAhz ChMk0b\"><span class=\"ryNqvb\">Ob opazovanju proizvodnega procesa z velikim zanimanjem so na\u0161i sodelavci pridobili dragocen vpogled v tehnologije, ki jih podjetje uporablja za zagotavljanje ustvarjanja visokokakovostnih izdelkov.<\/span><\/span><\/p>\n<p><span class=\"jCAhz ChMk0b\"><span class=\"ryNqvb\">Zahvaljujemo se sodelavcem v Steklarni Hrastnik d.o.o.<\/span><\/span> <span class=\"jCAhz ChMk0b\"><span class=\"ryNqvb\">in PALSIT d.o.o.<\/span><\/span> <span class=\"jCAhz ChMk0b\"><span class=\"ryNqvb\">za njihovo gostoljubje in prilo\u017enost, da smo pri\u010da njihovim impresivnim dose\u017ekom.<\/span><\/span> <span class=\"jCAhz ChMk0b\"><span class=\"ryNqvb\">To je bila bogata izku\u0161nja.<\/span><\/span><\/p>\n<p><span class=\"jCAhz ChMk0b\"><span class=\"ryNqvb\">#ITClubSlovenia #SteklarnaHrastnik #DigitalnaTransformacija #Tehnologija #Inovacije<\/span><\/span><\/p>\n","protected":false},"excerpt":{"rendered":"<p>V torek smo imeli s sodelavci prilo\u017enost obiskati Steklarno Hrastnik d.o.o. Ob tem obisku smo pridobili dragocen vpogled v dose\u017eke Steklarne Hrastnik pri posodabljanju njihovih temeljnih informacijskih sistemov. Z uporabo poslovno analiti\u010dnih pristopov, natan\u010dneje IIBA, je Steklarna Hrastnik uspe\u0161no nadgradila svoje sisteme, premagala izzive in oblikovala bistveno dokumentacijo. Poseben poudarek je bil na fazi nadgradnje &hellip; <a href=\"https:\/\/www.arigamix.com\/sl\/novice\/steklarna-hrastnik-digitalna-transformacija\/\" class=\"more-link\">Continue reading <span class=\"screen-reader-text\">Obisk Steklarne Hrastnik za vpogled v digitalno transformacijo<\/span><\/a><\/p>\n","protected":false},"author":4,"featured_media":413,"parent":353,"menu_order":0,"comment_status":"closed","ping_status":"closed","template":"new.php","meta":{"inline_featured_image":false},"aioseo_notices":[],"_links":{"self":[{"href":"https:\/\/www.arigamix.com\/sl\/wp-json\/wp\/v2\/pages\/412"}],"collection":[{"href":"https:\/\/www.arigamix.com\/sl\/wp-json\/wp\/v2\/pages"}],"about":[{"href":"https:\/\/www.arigamix.com\/sl\/wp-json\/wp\/v2\/types\/page"}],"author":[{"embeddable":true,"href":"https:\/\/www.arigamix.com\/sl\/wp-json\/wp\/v2\/users\/4"}],"replies":[{"embeddable":true,"href":"https:\/\/www.arigamix.com\/sl\/wp-json\/wp\/v2\/comments?post=412"}],"version-history":[{"count":4,"href":"https:\/\/www.arigamix.com\/sl\/wp-json\/wp\/v2\/pages\/412\/revisions"}],"predecessor-version":[{"id":426,"href":"https:\/\/www.arigamix.com\/sl\/wp-json\/wp\/v2\/pages\/412\/revisions\/426"}],"up":[{"embeddable":true,"href":"https:\/\/www.arigamix.com\/sl\/wp-json\/wp\/v2\/pages\/353"}],"wp:featuredmedia":[{"embeddable":true,"href":"https:\/\/www.arigamix.com\/sl\/wp-json\/wp\/v2\/media\/413"}],"wp:attachment":[{"href":"https:\/\/www.arigamix.com\/sl\/wp-json\/wp\/v2\/media?parent=412"}],"curies":[{"name":"wp","href":"https:\/\/api.w.org\/{rel}","templated":true}]}}