{"id":407,"date":"2023-06-01T12:58:50","date_gmt":"2023-06-01T09:58:50","guid":{"rendered":"https:\/\/www.arigamix.com\/sl\/?page_id=407"},"modified":"2023-10-20T15:01:31","modified_gmt":"2023-10-20T12:01:31","slug":"ucinkovita-avtomatizacija-poslovnih-procesov-arigamix-od-ideje-do-uresnicitve","status":"publish","type":"page","link":"https:\/\/www.arigamix.com\/sl\/novice\/ucinkovita-avtomatizacija-poslovnih-procesov-arigamix-od-ideje-do-uresnicitve\/","title":{"rendered":"U\u010dinkovita avtomatizacija poslovnih procesov z Arigamixom od ideje do uresni\u010ditve"},"content":{"rendered":"<p><img loading=\"lazy\" class=\"alignnone size-medium wp-image-453\" src=\"https:\/\/www.arigamix.com\/sl\/wp-content\/uploads\/2023\/10\/process-automation-300x200.jpg\" alt=\"\" width=\"300\" height=\"200\" srcset=\"https:\/\/www.arigamix.com\/sl\/wp-content\/uploads\/2023\/10\/process-automation-300x200.jpg 300w, https:\/\/www.arigamix.com\/sl\/wp-content\/uploads\/2023\/10\/process-automation-768x512.jpg 768w, https:\/\/www.arigamix.com\/sl\/wp-content\/uploads\/2023\/10\/process-automation.jpg 997w\" sizes=\"(max-width: 300px) 100vw, 300px\" \/><\/p>\n<p>&nbsp;<\/p>\n<p><span style=\"font-weight: 400;\">\ud83d\udce2 Novica: &#8220;U\u010dinkovito avtomatiziranje poslovnih procesov z Arigamix: Od ideje do izvedbe!&#8221;<\/span><\/p>\n<p><span style=\"font-weight: 400;\">Z veseljem predstavljamo na\u0161 modul za avtomatizacijo poslovnih procesov &#8211; Arigamix Workflow Engine! Sedaj lahko mo\u010dno poenostavite in optimizirate svoje delo z ustvarjanjem in upravljanjem procesov poljubne kompleksnosti.<\/span><\/p>\n<p><span style=\"font-weight: 400;\">\ud83d\udcca Upravljanje poslovnih procesov je postalo veliko la\u017eje z modernim in uporabniku prijaznim grafi\u010dnim oblikovalnikom delovnih tokov Arigamix Workflow Engine. Ni vam treba biti strokovnjak za programiranje ali razvoj, da ustvarite u\u010dinkovite in prilagodljive procese.<\/span><\/p>\n<p><span style=\"font-weight: 400;\">\ud83d\udca1 Arigamix Workflow Engine vam omogo\u010da ustvarjanje procesov poljubne kompleksnosti, pa tudi strukturiranih procesov z uporabo podprocesov, kar jih naredi bolj pregledne in razumljive. Sedaj je mogo\u010de optimizirati in avtomatizirati vsako fazo va\u0161ih poslovnih operacij.<\/span><\/p>\n<p><span style=\"font-weight: 400;\">\u26a1\ufe0f Na\u0161 sistem deluje hitro in zanesljivo! Hitrost izvajanja procesov ni odvisna od \u0161tevila aktivnih primerov ali kompleksnosti procesa. Spremljali boste lahko izvajanje vsake stopnje procesa in enostavno odpravili napake s pomo\u010djo priro\u010dnega grafi\u010dnega vmesnika.<\/span><\/p>\n<p><span style=\"font-weight: 400;\">\ud83d\udd0c Arigamix podpira integracijo z drugimi sistemi. Zlahka lahko kli\u010dete zunanje sisteme in uporabljate C# skripte za prilagajanje poslovnih procesov. Na\u0161a re\u0161itev vam omogo\u010da interakcijo z drugimi programi in izbolj\u0161anje u\u010dinkovitosti va\u0161ega poslovanja.<\/span><\/p>\n<p><span style=\"font-weight: 400;\">\ud83d\udcf2 Ne zamudite prilo\u017enosti za optimizacijo va\u0161ega poslovanja in pove\u010danje njegove u\u010dinkovitosti! Za ve\u010d informacij o zmogljivostih Arigamix-a in za\u010detek uporabe na\u0161e re\u0161itve se obrnite na na\u0161o podporno ekipo.<\/span><\/p>\n<p><span style=\"font-weight: 400;\">#Arigamix #avtomatizacija #poslovni_proces<\/span><\/p>\n","protected":false},"excerpt":{"rendered":"<p>&nbsp; \ud83d\udce2 Novica: &#8220;U\u010dinkovito avtomatiziranje poslovnih procesov z Arigamix: Od ideje do izvedbe!&#8221; Z veseljem predstavljamo na\u0161 modul za avtomatizacijo poslovnih procesov &#8211; Arigamix Workflow Engine! Sedaj lahko mo\u010dno poenostavite in optimizirate svoje delo z ustvarjanjem in upravljanjem procesov poljubne kompleksnosti. \ud83d\udcca Upravljanje poslovnih procesov je postalo veliko la\u017eje z modernim in uporabniku prijaznim grafi\u010dnim &hellip; <a href=\"https:\/\/www.arigamix.com\/sl\/novice\/ucinkovita-avtomatizacija-poslovnih-procesov-arigamix-od-ideje-do-uresnicitve\/\" class=\"more-link\">Continue reading <span class=\"screen-reader-text\">U\u010dinkovita avtomatizacija poslovnih procesov z Arigamixom od ideje do uresni\u010ditve<\/span><\/a><\/p>\n","protected":false},"author":4,"featured_media":453,"parent":353,"menu_order":0,"comment_status":"closed","ping_status":"closed","template":"new.php","meta":{"inline_featured_image":false},"aioseo_notices":[],"_links":{"self":[{"href":"https:\/\/www.arigamix.com\/sl\/wp-json\/wp\/v2\/pages\/407"}],"collection":[{"href":"https:\/\/www.arigamix.com\/sl\/wp-json\/wp\/v2\/pages"}],"about":[{"href":"https:\/\/www.arigamix.com\/sl\/wp-json\/wp\/v2\/types\/page"}],"author":[{"embeddable":true,"href":"https:\/\/www.arigamix.com\/sl\/wp-json\/wp\/v2\/users\/4"}],"replies":[{"embeddable":true,"href":"https:\/\/www.arigamix.com\/sl\/wp-json\/wp\/v2\/comments?post=407"}],"version-history":[{"count":4,"href":"https:\/\/www.arigamix.com\/sl\/wp-json\/wp\/v2\/pages\/407\/revisions"}],"predecessor-version":[{"id":454,"href":"https:\/\/www.arigamix.com\/sl\/wp-json\/wp\/v2\/pages\/407\/revisions\/454"}],"up":[{"embeddable":true,"href":"https:\/\/www.arigamix.com\/sl\/wp-json\/wp\/v2\/pages\/353"}],"wp:featuredmedia":[{"embeddable":true,"href":"https:\/\/www.arigamix.com\/sl\/wp-json\/wp\/v2\/media\/453"}],"wp:attachment":[{"href":"https:\/\/www.arigamix.com\/sl\/wp-json\/wp\/v2\/media?parent=407"}],"curies":[{"name":"wp","href":"https:\/\/api.w.org\/{rel}","templated":true}]}}