{"id":400,"date":"2023-05-23T12:49:17","date_gmt":"2023-05-23T09:49:17","guid":{"rendered":"https:\/\/www.arigamix.com\/sl\/?page_id=400"},"modified":"2023-10-20T15:16:44","modified_gmt":"2023-10-20T12:16:44","slug":"infosek-networking-dogodek","status":"publish","type":"page","link":"https:\/\/www.arigamix.com\/sl\/novice\/infosek-networking-dogodek\/","title":{"rendered":"Infosek Networking dogodek"},"content":{"rendered":"<p><img loading=\"lazy\" class=\"alignnone size-medium wp-image-455\" src=\"https:\/\/www.arigamix.com\/sl\/wp-content\/uploads\/2023\/10\/Infosek-Networking-1-300x149.jpg\" alt=\"\" width=\"300\" height=\"149\" \/><\/p>\n<p>&nbsp;<\/p>\n<p><span style=\"font-weight: 400;\">\ud83d\udce2 Pridru\u017eite se nam na dogodku Infosek Networking 26. maja, na katerem bomo sodelovali! Na\u0161a sodelavka Tanja \u010cavlovi\u010d bo delila nekaj najaktualnej\u0161ih novic o funkcionalnosti platforme ARIGAMIX ECM|BPM, ki jo bomo prav tako predstavili na na\u0161em razstavnem prostoru na glavni konferenci oktobra!<\/span><\/p>\n<p><span style=\"font-weight: 400;\">\ud83d\udd0d Osredoto\u010dili se bomo na klju\u010dne posodobitve, vklju\u010dno z modulom OCR, integracijo z WhatsApp botom, novim oblikovanjem in podsistemom CRM.<\/span><\/p>\n<p><span style=\"font-weight: 400;\">\ud83d\udd0e Modul za prepoznavanje OCR v ARIGAMIX-u je mo\u010dna re\u0161itev, ki omogo\u010da izvle\u010denje besedila iz slik in opti\u010dno prebranih dokumentov, s \u010dimer prihranite \u010das in izbolj\u0161ate natan\u010dnost obdelave podatkov.<\/span><\/p>\n<p><span style=\"font-weight: 400;\">\ud83e\udd16 Integracija WhatsApp bota v ARIGAMIX zagotavlja nemoteno podporo strankam in zagotavlja personalizirane informacije v uporabniku prijaznem vmesniku WhatsApp.<\/span><\/p>\n<p><span style=\"font-weight: 400;\">\ud83d\udcbb Novo oblikovanje ARIGAMIX-a je sodobno, intuitivno razumljivo in vizualno privla\u010dno, kar olaj\u0161uje izvajanje nalog in izbolj\u0161uje va\u0161e celotno delovno izku\u0161njo.<\/span><\/p>\n<p><span style=\"font-weight: 400;\">\ud83d\udcca Podsistem CRM v ARIGAMIX-u ponuja celovit nabor orodij za upravljanje interakcij s strankami, sledenje prodaji in izbolj\u0161anje zadovoljstva strank.<\/span><\/p>\n<p><span style=\"font-weight: 400;\">\ud83c\udf89 To so le nekatere od mnogih funkcij, ki jih ARIGAMIX ponuja za izbolj\u0161anje u\u010dinkovitosti poslovnih procesov va\u0161e organizacije! \u010ce \u017eelite izvedeti ve\u010d, nas obi\u0161\u010dite na dogodku Infosek Networking 26. maja ali spremljajte novice na na\u0161i spletni strani.<\/span><\/p>\n<p><span style=\"font-weight: 400;\">#InfosekNetworking #ARIGAMIX #ECMBPM #novefunkcije<\/span><\/p>\n","protected":false},"excerpt":{"rendered":"<p>&nbsp; \ud83d\udce2 Pridru\u017eite se nam na dogodku Infosek Networking 26. maja, na katerem bomo sodelovali! Na\u0161a sodelavka Tanja \u010cavlovi\u010d bo delila nekaj najaktualnej\u0161ih novic o funkcionalnosti platforme ARIGAMIX ECM|BPM, ki jo bomo prav tako predstavili na na\u0161em razstavnem prostoru na glavni konferenci oktobra! \ud83d\udd0d Osredoto\u010dili se bomo na klju\u010dne posodobitve, vklju\u010dno z modulom OCR, integracijo &hellip; <a href=\"https:\/\/www.arigamix.com\/sl\/novice\/infosek-networking-dogodek\/\" class=\"more-link\">Continue reading <span class=\"screen-reader-text\">Infosek Networking dogodek<\/span><\/a><\/p>\n","protected":false},"author":4,"featured_media":455,"parent":353,"menu_order":0,"comment_status":"closed","ping_status":"closed","template":"new.php","meta":{"inline_featured_image":false},"aioseo_notices":[],"_links":{"self":[{"href":"https:\/\/www.arigamix.com\/sl\/wp-json\/wp\/v2\/pages\/400"}],"collection":[{"href":"https:\/\/www.arigamix.com\/sl\/wp-json\/wp\/v2\/pages"}],"about":[{"href":"https:\/\/www.arigamix.com\/sl\/wp-json\/wp\/v2\/types\/page"}],"author":[{"embeddable":true,"href":"https:\/\/www.arigamix.com\/sl\/wp-json\/wp\/v2\/users\/4"}],"replies":[{"embeddable":true,"href":"https:\/\/www.arigamix.com\/sl\/wp-json\/wp\/v2\/comments?post=400"}],"version-history":[{"count":8,"href":"https:\/\/www.arigamix.com\/sl\/wp-json\/wp\/v2\/pages\/400\/revisions"}],"predecessor-version":[{"id":462,"href":"https:\/\/www.arigamix.com\/sl\/wp-json\/wp\/v2\/pages\/400\/revisions\/462"}],"up":[{"embeddable":true,"href":"https:\/\/www.arigamix.com\/sl\/wp-json\/wp\/v2\/pages\/353"}],"wp:featuredmedia":[{"embeddable":true,"href":"https:\/\/www.arigamix.com\/sl\/wp-json\/wp\/v2\/media\/455"}],"wp:attachment":[{"href":"https:\/\/www.arigamix.com\/sl\/wp-json\/wp\/v2\/media?parent=400"}],"curies":[{"name":"wp","href":"https:\/\/api.w.org\/{rel}","templated":true}]}}