{"id":395,"date":"2023-10-18T11:46:48","date_gmt":"2023-10-18T08:46:48","guid":{"rendered":"https:\/\/www.arigamix.com\/sl\/?page_id=395"},"modified":"2024-01-15T10:24:41","modified_gmt":"2024-01-15T09:24:41","slug":"pridruzite-se-nam-na-ass","status":"publish","type":"page","link":"https:\/\/www.arigamix.com\/sl\/novice\/pridruzite-se-nam-na-ass\/","title":{"rendered":"Pridru\u017eite se nam na Adria Security Summitu 25. in 26. oktobra na Gospodarskem razstavi\u0161\u010du v Ljubljani"},"content":{"rendered":"<p><img loading=\"lazy\" class=\"alignnone wp-image-396 size-full\" src=\"https:\/\/www.arigamix.com\/sl\/wp-content\/uploads\/2023\/10\/2023-summit-800x400px-welcome.jpg\" alt=\"\" width=\"800\" height=\"400\" srcset=\"https:\/\/www.arigamix.com\/sl\/wp-content\/uploads\/2023\/10\/2023-summit-800x400px-welcome.jpg 800w, https:\/\/www.arigamix.com\/sl\/wp-content\/uploads\/2023\/10\/2023-summit-800x400px-welcome-300x150.jpg 300w, https:\/\/www.arigamix.com\/sl\/wp-content\/uploads\/2023\/10\/2023-summit-800x400px-welcome-768x384.jpg 768w\" sizes=\"(max-width: 800px) 100vw, 800px\" \/><\/p>\n<p>Tudi letos smo srebrni sponzor edinstvene letne konference jadranske regije, ki predstavlja najnovej\u0161e na podro\u010dju fizi\u010dne varnosti, kibernetske varnosti, IoT re\u0161itev, ICT re\u0161itve, <strong>pametnih re\u0161itev<\/strong>, automatizacije in mobilnosti. Vabljeni, da se nam pridru\u017eite 25. in 26. oktobra na Gospodarskem razstavi\u0161\u010du v Ljubljani.<\/p>\n<p>Predstavili se bomo z novostmi, kot je pravkar razviti Arigamix CRM sistem, na\u0161 automatiziran Arigamix Service Desk sistem, ki se lahko integrira z WhatsApp in Telegram botom, na voljo bomo tudi za informacije o vseh ostalih re\u0161itvah.<\/p>\n<p>Z nami bo tudi produktni vodja Aleksej, ki ima dolgoletne izku\u0161nje automatiziranja dokumentacije in procesov pri najve\u010djih podjetjih iz tujine. Vpra\u0161ali ga boste lahko karkoli.<\/p>\n<p>Registrirajte se \u010dimprej: <a href=\"https:\/\/www.adriasecuritysummit.com\/\">Adria Security Summit 2023 &#8211; Adria Security Summit 2023<\/a><\/p>\n<p>Kmalu nasvidenje!<\/p>\n","protected":false},"excerpt":{"rendered":"<p>Tudi letos smo srebrni sponzor edinstvene letne konference jadranske regije, ki predstavlja najnovej\u0161e na podro\u010dju fizi\u010dne varnosti, kibernetske varnosti, IoT re\u0161itev, ICT re\u0161itve, pametnih re\u0161itev, automatizacije in mobilnosti. Vabljeni, da se nam pridru\u017eite 25. in 26. oktobra na Gospodarskem razstavi\u0161\u010du v Ljubljani. Predstavili se bomo z novostmi, kot je pravkar razviti Arigamix CRM sistem, na\u0161 &hellip; <a href=\"https:\/\/www.arigamix.com\/sl\/novice\/pridruzite-se-nam-na-ass\/\" class=\"more-link\">Continue reading <span class=\"screen-reader-text\">Pridru\u017eite se nam na Adria Security Summitu 25. in 26. oktobra na Gospodarskem razstavi\u0161\u010du v Ljubljani<\/span><\/a><\/p>\n","protected":false},"author":4,"featured_media":396,"parent":353,"menu_order":0,"comment_status":"closed","ping_status":"closed","template":"new.php","meta":{"inline_featured_image":false},"aioseo_notices":[],"_links":{"self":[{"href":"https:\/\/www.arigamix.com\/sl\/wp-json\/wp\/v2\/pages\/395"}],"collection":[{"href":"https:\/\/www.arigamix.com\/sl\/wp-json\/wp\/v2\/pages"}],"about":[{"href":"https:\/\/www.arigamix.com\/sl\/wp-json\/wp\/v2\/types\/page"}],"author":[{"embeddable":true,"href":"https:\/\/www.arigamix.com\/sl\/wp-json\/wp\/v2\/users\/4"}],"replies":[{"embeddable":true,"href":"https:\/\/www.arigamix.com\/sl\/wp-json\/wp\/v2\/comments?post=395"}],"version-history":[{"count":4,"href":"https:\/\/www.arigamix.com\/sl\/wp-json\/wp\/v2\/pages\/395\/revisions"}],"predecessor-version":[{"id":512,"href":"https:\/\/www.arigamix.com\/sl\/wp-json\/wp\/v2\/pages\/395\/revisions\/512"}],"up":[{"embeddable":true,"href":"https:\/\/www.arigamix.com\/sl\/wp-json\/wp\/v2\/pages\/353"}],"wp:featuredmedia":[{"embeddable":true,"href":"https:\/\/www.arigamix.com\/sl\/wp-json\/wp\/v2\/media\/396"}],"wp:attachment":[{"href":"https:\/\/www.arigamix.com\/sl\/wp-json\/wp\/v2\/media?parent=395"}],"curies":[{"name":"wp","href":"https:\/\/api.w.org\/{rel}","templated":true}]}}