{"id":390,"date":"2023-09-15T10:13:30","date_gmt":"2023-09-15T07:13:30","guid":{"rendered":"https:\/\/www.arigamix.com\/sl\/?page_id=390"},"modified":"2024-01-15T10:27:43","modified_gmt":"2024-01-15T09:27:43","slug":"arigamix-sponzor-na-infosek-2023-konferenci","status":"publish","type":"page","link":"https:\/\/www.arigamix.com\/sl\/novice\/arigamix-sponzor-na-infosek-2023-konferenci\/","title":{"rendered":"Arigamix sponzor na Infosek 2023 konferenci"},"content":{"rendered":"<p><img loading=\"lazy\" class=\"alignnone wp-image-380 size-full\" src=\"https:\/\/www.arigamix.com\/sl\/wp-content\/uploads\/2023\/10\/Arigamix-Infosek-2023.jpg\" alt=\"\" width=\"1024\" height=\"632\" srcset=\"https:\/\/www.arigamix.com\/sl\/wp-content\/uploads\/2023\/10\/Arigamix-Infosek-2023.jpg 1024w, https:\/\/www.arigamix.com\/sl\/wp-content\/uploads\/2023\/10\/Arigamix-Infosek-2023-300x185.jpg 300w, https:\/\/www.arigamix.com\/sl\/wp-content\/uploads\/2023\/10\/Arigamix-Infosek-2023-768x474.jpg 768w, https:\/\/www.arigamix.com\/sl\/wp-content\/uploads\/2023\/10\/Arigamix-Infosek-2023-825x510.jpg 825w\" sizes=\"(max-width: 1024px) 100vw, 1024px\" \/><\/p>\n<p><span class=\"jCAhz ChMk0b\"><span class=\"ryNqvb\">Arigamix se je udele\u017eil 21. konference Infosek v Novi Gorici.<\/span><\/span> <span class=\"jCAhz ChMk0b\"><span class=\"ryNqvb\">To je bila odli\u010dna prilo\u017enost za predstavitev modula Arigamix CRM.<\/span><\/span> <span class=\"jCAhz ChMk0b\"><span class=\"ryNqvb\">Uradna izdaja je predvidena v oktobru 2023. Je najnovej\u0161i dodatek v dru\u017eini platforme Arigamix, poleg modulov za ECM, BPM in ServiceDesk.<\/span><\/span><\/p>\n<ul>\n<li><span class=\"jCAhz ChMk0b\"><span class=\"ryNqvb\">Prilagodljiv uporabni\u0161ki vmesnik<\/span><\/span><\/li>\n<li><span class=\"jCAhz ChMk0b\"><span class=\"ryNqvb\">E-po\u0161tni odjemalec<\/span><\/span><\/li>\n<li><span class=\"jCAhz ChMk0b\"><span class=\"ryNqvb\">Upravljanje lead-ov<\/span><\/span><\/li>\n<li><span class=\"jCAhz ChMk0b\"><span class=\"ryNqvb\">Upravljanje prodajnih prilo\u017enosti<\/span><\/span><\/li>\n<li><span class=\"jCAhz ChMk0b\"><span class=\"ryNqvb\">Na\u010drtovanje dogodkov (sestanki, klici, korespondenca itd.) za vsako stranko in dogovori<\/span><\/span><\/li>\n<li><span class=\"jCAhz ChMk0b\"><span class=\"ryNqvb\">Oznake, \u010dasovnice, iskanje po celotnem besedilu in \u0161e veliko ve\u010d<\/span><\/span><\/li>\n<li><span class=\"jCAhz ChMk0b\"><span class=\"ryNqvb\">Kanban tabla in avtomatizacija stanja poteka dela<\/span><\/span><\/li>\n<li><span class=\"jCAhz ChMk0b\"><span class=\"ryNqvb\">Koledar za na\u010drtovanje dogodkov<\/span><\/span><\/li>\n<li><span class=\"jCAhz ChMk0b\"><span class=\"ryNqvb\">Avtomatizirano delo s predlogami dokumentov<\/span><\/span><\/li>\n<li><span class=\"jCAhz ChMk0b\"><span class=\"ryNqvb\">Prodajni lijak<\/span><\/span><\/li>\n<\/ul>\n<p><span class=\"jCAhz ChMk0b\"><span class=\"ryNqvb\">Si ga \u017eelite ogledati?<\/span><\/span> <span class=\"jCAhz ChMk0b\"><span class=\"ryNqvb\">Z veseljem vam ga poka\u017eemo!<\/span><\/span> <span class=\"jCAhz ChMk0b\"><span class=\"ryNqvb\">Pi\u0161ite nam na info@arigamix.com ali pokli\u010dite na 040 711 766.<\/span><\/span><\/p>\n","protected":false},"excerpt":{"rendered":"<p>Arigamix se je udele\u017eil 21. konference Infosek v Novi Gorici. To je bila odli\u010dna prilo\u017enost za predstavitev modula Arigamix CRM. Uradna izdaja je predvidena v oktobru 2023. Je najnovej\u0161i dodatek v dru\u017eini platforme Arigamix, poleg modulov za ECM, BPM in ServiceDesk. Prilagodljiv uporabni\u0161ki vmesnik E-po\u0161tni odjemalec Upravljanje lead-ov Upravljanje prodajnih prilo\u017enosti Na\u010drtovanje dogodkov (sestanki, klici, &hellip; <a href=\"https:\/\/www.arigamix.com\/sl\/novice\/arigamix-sponzor-na-infosek-2023-konferenci\/\" class=\"more-link\">Continue reading <span class=\"screen-reader-text\">Arigamix sponzor na Infosek 2023 konferenci<\/span><\/a><\/p>\n","protected":false},"author":4,"featured_media":380,"parent":353,"menu_order":0,"comment_status":"closed","ping_status":"closed","template":"new.php","meta":{"inline_featured_image":false},"aioseo_notices":[],"_links":{"self":[{"href":"https:\/\/www.arigamix.com\/sl\/wp-json\/wp\/v2\/pages\/390"}],"collection":[{"href":"https:\/\/www.arigamix.com\/sl\/wp-json\/wp\/v2\/pages"}],"about":[{"href":"https:\/\/www.arigamix.com\/sl\/wp-json\/wp\/v2\/types\/page"}],"author":[{"embeddable":true,"href":"https:\/\/www.arigamix.com\/sl\/wp-json\/wp\/v2\/users\/4"}],"replies":[{"embeddable":true,"href":"https:\/\/www.arigamix.com\/sl\/wp-json\/wp\/v2\/comments?post=390"}],"version-history":[{"count":5,"href":"https:\/\/www.arigamix.com\/sl\/wp-json\/wp\/v2\/pages\/390\/revisions"}],"predecessor-version":[{"id":515,"href":"https:\/\/www.arigamix.com\/sl\/wp-json\/wp\/v2\/pages\/390\/revisions\/515"}],"up":[{"embeddable":true,"href":"https:\/\/www.arigamix.com\/sl\/wp-json\/wp\/v2\/pages\/353"}],"wp:featuredmedia":[{"embeddable":true,"href":"https:\/\/www.arigamix.com\/sl\/wp-json\/wp\/v2\/media\/380"}],"wp:attachment":[{"href":"https:\/\/www.arigamix.com\/sl\/wp-json\/wp\/v2\/media?parent=390"}],"curies":[{"name":"wp","href":"https:\/\/api.w.org\/{rel}","templated":true}]}}