{"id":384,"date":"2022-03-08T16:58:35","date_gmt":"2022-03-08T13:58:35","guid":{"rendered":"https:\/\/www.arigamix.com\/sl\/?page_id=384"},"modified":"2024-01-15T10:25:35","modified_gmt":"2024-01-15T09:25:35","slug":"sodelovali-smo-na-najvecji-spletni-konferenci-infosec2022","status":"publish","type":"page","link":"https:\/\/www.arigamix.com\/sl\/novice\/sodelovali-smo-na-najvecji-spletni-konferenci-infosec2022\/","title":{"rendered":"Sodelovali smo na najve\u010dji spletni konferenci #INFOSEK2022"},"content":{"rendered":"<p>&nbsp;<\/p>\n<p><img loading=\"lazy\" class=\"alignnone wp-image-235\" src=\"https:\/\/www.arigamix.com\/sl\/wp-content\/uploads\/2022\/04\/arigamix-hd2-300x199.jpg\" alt=\"\" width=\"288\" height=\"191\" srcset=\"https:\/\/www.arigamix.com\/sl\/wp-content\/uploads\/2022\/04\/arigamix-hd2-300x199.jpg 300w, https:\/\/www.arigamix.com\/sl\/wp-content\/uploads\/2022\/04\/arigamix-hd2-768x510.jpg 768w, https:\/\/www.arigamix.com\/sl\/wp-content\/uploads\/2022\/04\/arigamix-hd2.jpg 791w\" sizes=\"(max-width: 288px) 100vw, 288px\" \/><\/p>\n<p>Sodelovali smo na najve\u010dji spletni konferenci #INFOSEC2022, ki je posve\u010dena informacijskim tehnologijam in varnosti. Na\u0161 kolega Sergej Voroncov je v svoji <a href=\"https:\/\/www.arigamix.com\/sl\/wp-content\/uploads\/2022\/04\/Presentation-Arigamix-breaf.-ver-1.5-eng-proof-shanin.pdf\">predstavitvi<\/a> v \u017eivo \u00abNaslednja generacija ECM | BPM platform za varno digitalno preobrazbo va\u0161ega podjetja\u00bb pokazal, kako izgleda na\u0161a aplikacija ter kako lahko z njeno pomo\u010djo hitro in enostavno organizirate upravljanje z dokumenti in avtomatizacijo delovnega toka poslovnih procesov.<\/p>\n<p>Dobite ve\u010d informacij in si ogledate predstavitve lahko s klikom na spodnji gumb: <a href=\"https:\/\/lnkd.in\/eA2bv4gg\">https:\/\/lnkd.in\/eA2bv4gg<\/a><\/p>\n<p>ARIGAMIX took part in the largest #INFOSEC2022 online conference dedicated to information technology and security. Our colleague Sergey Vorontsov in his live demo \u00abThe next generation ECM | BPM platform for the secure digital transformation of your business\u00bb showed what an our app looks like, and how to quickly and easily build document management and workflow automation of business processes.<br \/>\nYou can get more info and watch our\u00a0<a href=\"https:\/\/lnkd.in\/eA2bv4gg\">presentation video.<\/a><\/p>\n","protected":false},"excerpt":{"rendered":"<p>&nbsp; Sodelovali smo na najve\u010dji spletni konferenci #INFOSEC2022, ki je posve\u010dena informacijskim tehnologijam in varnosti. Na\u0161 kolega Sergej Voroncov je v svoji predstavitvi v \u017eivo \u00abNaslednja generacija ECM | BPM platform za varno digitalno preobrazbo va\u0161ega podjetja\u00bb pokazal, kako izgleda na\u0161a aplikacija ter kako lahko z njeno pomo\u010djo hitro in enostavno organizirate upravljanje z dokumenti &hellip; <a href=\"https:\/\/www.arigamix.com\/sl\/novice\/sodelovali-smo-na-najvecji-spletni-konferenci-infosec2022\/\" class=\"more-link\">Continue reading <span class=\"screen-reader-text\">Sodelovali smo na najve\u010dji spletni konferenci #INFOSEK2022<\/span><\/a><\/p>\n","protected":false},"author":5,"featured_media":237,"parent":353,"menu_order":0,"comment_status":"closed","ping_status":"closed","template":"new.php","meta":{"inline_featured_image":false},"aioseo_notices":[],"_links":{"self":[{"href":"https:\/\/www.arigamix.com\/sl\/wp-json\/wp\/v2\/pages\/384"}],"collection":[{"href":"https:\/\/www.arigamix.com\/sl\/wp-json\/wp\/v2\/pages"}],"about":[{"href":"https:\/\/www.arigamix.com\/sl\/wp-json\/wp\/v2\/types\/page"}],"author":[{"embeddable":true,"href":"https:\/\/www.arigamix.com\/sl\/wp-json\/wp\/v2\/users\/5"}],"replies":[{"embeddable":true,"href":"https:\/\/www.arigamix.com\/sl\/wp-json\/wp\/v2\/comments?post=384"}],"version-history":[{"count":3,"href":"https:\/\/www.arigamix.com\/sl\/wp-json\/wp\/v2\/pages\/384\/revisions"}],"predecessor-version":[{"id":513,"href":"https:\/\/www.arigamix.com\/sl\/wp-json\/wp\/v2\/pages\/384\/revisions\/513"}],"up":[{"embeddable":true,"href":"https:\/\/www.arigamix.com\/sl\/wp-json\/wp\/v2\/pages\/353"}],"wp:featuredmedia":[{"embeddable":true,"href":"https:\/\/www.arigamix.com\/sl\/wp-json\/wp\/v2\/media\/237"}],"wp:attachment":[{"href":"https:\/\/www.arigamix.com\/sl\/wp-json\/wp\/v2\/media?parent=384"}],"curies":[{"name":"wp","href":"https:\/\/api.w.org\/{rel}","templated":true}]}}