{"id":381,"date":"2022-04-02T16:56:35","date_gmt":"2022-04-02T13:56:35","guid":{"rendered":"https:\/\/www.arigamix.com\/sl\/?page_id=381"},"modified":"2023-10-16T16:57:21","modified_gmt":"2023-10-16T13:57:21","slug":"integracija-s-sistemom-za-podpisovanje-na-daljavo-docusign-esignature","status":"publish","type":"page","link":"https:\/\/www.arigamix.com\/sl\/novice\/integracija-s-sistemom-za-podpisovanje-na-daljavo-docusign-esignature\/","title":{"rendered":"Integracija s sistemom za podpisovanje na daljavo DocuSign eSignature."},"content":{"rendered":"<p>&nbsp;<\/p>\n<p><img loading=\"lazy\" class=\"alignnone wp-image-204 size-full\" src=\"https:\/\/www.arigamix.com\/sl\/wp-content\/uploads\/2022\/04\/5.png\" alt=\"\" width=\"1920\" height=\"1274\" srcset=\"https:\/\/www.arigamix.com\/sl\/wp-content\/uploads\/2022\/04\/5.png 1920w, https:\/\/www.arigamix.com\/sl\/wp-content\/uploads\/2022\/04\/5-300x199.png 300w, https:\/\/www.arigamix.com\/sl\/wp-content\/uploads\/2022\/04\/5-1024x679.png 1024w, https:\/\/www.arigamix.com\/sl\/wp-content\/uploads\/2022\/04\/5-768x510.png 768w, https:\/\/www.arigamix.com\/sl\/wp-content\/uploads\/2022\/04\/5-1536x1019.png 1536w\" sizes=\"(max-width: 1920px) 100vw, 1920px\" \/><\/p>\n<p>Integracija ARIGAMIX in DocuSign eSignature uporabnikom omogo\u010da po\u0161iljanje in sprejem dokumentov na ve\u010dini sodobnih naprav. Lahko ste prepri\u010dani, da so vsi dokumenti strank varno shranjeni. Od pogodb o nerazkritju informacij in kupoprodajnih pogodb do dokumentov za upravljanje z dobavno verigo in projektne dokumentacije. \u010ce je treba nekaj podpisati, lahko pro\u0161njo vlo\u017eite neposredno v sistemu ARIGAMIX, za vse ostalo pa bo poskrbel integracija z DocuSign.<\/p>\n<p>Popolna integracija z re\u0161itvijo <a href=\"https:\/\/www.docusign.com\">DocuSign<\/a> eSignature, ki ji zaupa na stotine milijonov uporabnikov, pove\u010da u\u010dinkovitost dela in vam prihrani \u010das. Preko zdru\u017eevanja prednosti ECM | BPM platforme ARIGAMIX in sistema DocuSign integracija omogo\u010da izpolnjevanje podizvajalskih pogodb, ra\u010dunov, soglasij, najemnih in drugih pogodb ter podpisovanje delovnih izjav in zavarovanj v istem programskem okolju. Ni vam treba preklapljati med aplikacijami.<\/p>\n<p>Integracija DocuSign in ARIGAMIX ponuja zelo visok nivo skladnosti z varnostnimi standardi in predpisi o elektronskih podpisih.<\/p>\n<p>Prijavite se v DocuSign preko sistema ARIGAMIX in uporabite spustna polja DocuSign, da va\u0161 dokument ali obrazec podpi\u0161ete tako, kakor potrebujete. Po\u0161ljite ga va\u0161i stranki in v nekaj sekundah prejmite podpisani dokument iz va\u0161ega dnevnika stikov, s \u010dimer prihranite dragoceni \u010das in trud.<\/p>\n<p>Obrnite se na ekipo sistema ARIGAMIX, da izveste, kako lahko DocuSign in ARIGAMIX spremenita upravljanje va\u0161ih poslovnih procesov in ustvarita preprost postopek podpisovanja dokumentov.<\/p>\n","protected":false},"excerpt":{"rendered":"<p>&nbsp; Integracija ARIGAMIX in DocuSign eSignature uporabnikom omogo\u010da po\u0161iljanje in sprejem dokumentov na ve\u010dini sodobnih naprav. Lahko ste prepri\u010dani, da so vsi dokumenti strank varno shranjeni. Od pogodb o nerazkritju informacij in kupoprodajnih pogodb do dokumentov za upravljanje z dobavno verigo in projektne dokumentacije. \u010ce je treba nekaj podpisati, lahko pro\u0161njo vlo\u017eite neposredno v sistemu &hellip; <a href=\"https:\/\/www.arigamix.com\/sl\/novice\/integracija-s-sistemom-za-podpisovanje-na-daljavo-docusign-esignature\/\" class=\"more-link\">Continue reading <span class=\"screen-reader-text\">Integracija s sistemom za podpisovanje na daljavo DocuSign eSignature.<\/span><\/a><\/p>\n","protected":false},"author":5,"featured_media":239,"parent":353,"menu_order":0,"comment_status":"closed","ping_status":"closed","template":"new.php","meta":{"inline_featured_image":false},"aioseo_notices":[],"_links":{"self":[{"href":"https:\/\/www.arigamix.com\/sl\/wp-json\/wp\/v2\/pages\/381"}],"collection":[{"href":"https:\/\/www.arigamix.com\/sl\/wp-json\/wp\/v2\/pages"}],"about":[{"href":"https:\/\/www.arigamix.com\/sl\/wp-json\/wp\/v2\/types\/page"}],"author":[{"embeddable":true,"href":"https:\/\/www.arigamix.com\/sl\/wp-json\/wp\/v2\/users\/5"}],"replies":[{"embeddable":true,"href":"https:\/\/www.arigamix.com\/sl\/wp-json\/wp\/v2\/comments?post=381"}],"version-history":[{"count":1,"href":"https:\/\/www.arigamix.com\/sl\/wp-json\/wp\/v2\/pages\/381\/revisions"}],"predecessor-version":[{"id":382,"href":"https:\/\/www.arigamix.com\/sl\/wp-json\/wp\/v2\/pages\/381\/revisions\/382"}],"up":[{"embeddable":true,"href":"https:\/\/www.arigamix.com\/sl\/wp-json\/wp\/v2\/pages\/353"}],"wp:featuredmedia":[{"embeddable":true,"href":"https:\/\/www.arigamix.com\/sl\/wp-json\/wp\/v2\/media\/239"}],"wp:attachment":[{"href":"https:\/\/www.arigamix.com\/sl\/wp-json\/wp\/v2\/media?parent=381"}],"curies":[{"name":"wp","href":"https:\/\/api.w.org\/{rel}","templated":true}]}}