{"id":378,"date":"2022-10-06T16:53:52","date_gmt":"2022-10-06T13:53:52","guid":{"rendered":"https:\/\/www.arigamix.com\/sl\/?page_id=378"},"modified":"2023-10-16T16:54:26","modified_gmt":"2023-10-16T13:54:26","slug":"ponosni-smo-da-je-bil-arigamix-tudi-letos-udelezenec-konference-in-razstave-adria-security-summit-v-zagrebu-od-5-do-6-oktobra","status":"publish","type":"page","link":"https:\/\/www.arigamix.com\/sl\/novice\/ponosni-smo-da-je-bil-arigamix-tudi-letos-udelezenec-konference-in-razstave-adria-security-summit-v-zagrebu-od-5-do-6-oktobra\/","title":{"rendered":"Ponosni smo, da je bil ARIGAMIX tudi letos udele\u017eenec konference in razstave &#8211; Adria Security Summit v Zagrebu od 5. do 6. oktobra"},"content":{"rendered":"<p><img loading=\"lazy\" class=\"aligncenter wp-image-339 size-large\" src=\"https:\/\/www.arigamix.com\/sl\/wp-content\/uploads\/2023\/05\/850_4413-1024x683.jpg\" alt=\"\" width=\"660\" height=\"440\" srcset=\"https:\/\/www.arigamix.com\/sl\/wp-content\/uploads\/2023\/05\/850_4413-1024x683.jpg 1024w, https:\/\/www.arigamix.com\/sl\/wp-content\/uploads\/2023\/05\/850_4413-300x200.jpg 300w, https:\/\/www.arigamix.com\/sl\/wp-content\/uploads\/2023\/05\/850_4413-768x512.jpg 768w, https:\/\/www.arigamix.com\/sl\/wp-content\/uploads\/2023\/05\/850_4413-1536x1024.jpg 1536w, https:\/\/www.arigamix.com\/sl\/wp-content\/uploads\/2023\/05\/850_4413-2048x1365.jpg 2048w\" sizes=\"(max-width: 660px) 100vw, 660px\" \/><\/p>\n<p>Ponosni smo, da je bil ARIGAMIX tudi letos udele\u017eenec konference in razstave &#8211; Adria Security Summit v Zagrebu od 5. do 6. oktobra.<br \/>\nS \u0161tevilnimi predstavniki razli\u010dnih podjetij smo imeli prilo\u017enost izmenjati izku\u0161nje in znanja na podro\u010dju upravljanja elektronskih dokumentov in upravljanja poslovnih procesov ter se pogovoriti o mo\u017enostih novih partnerstev in sodelovanja.<br \/>\nSe vidimo naslednje leto v Ljubljani!<\/p>\n","protected":false},"excerpt":{"rendered":"<p>Ponosni smo, da je bil ARIGAMIX tudi letos udele\u017eenec konference in razstave &#8211; Adria Security Summit v Zagrebu od 5. do 6. oktobra. S \u0161tevilnimi predstavniki razli\u010dnih podjetij smo imeli prilo\u017enost izmenjati izku\u0161nje in znanja na podro\u010dju upravljanja elektronskih dokumentov in upravljanja poslovnih procesov ter se pogovoriti o mo\u017enostih novih partnerstev in sodelovanja. Se vidimo &hellip; <a href=\"https:\/\/www.arigamix.com\/sl\/novice\/ponosni-smo-da-je-bil-arigamix-tudi-letos-udelezenec-konference-in-razstave-adria-security-summit-v-zagrebu-od-5-do-6-oktobra\/\" class=\"more-link\">Continue reading <span class=\"screen-reader-text\">Ponosni smo, da je bil ARIGAMIX tudi letos udele\u017eenec konference in razstave &#8211; Adria Security Summit v Zagrebu od 5. do 6. oktobra<\/span><\/a><\/p>\n","protected":false},"author":5,"featured_media":339,"parent":353,"menu_order":0,"comment_status":"closed","ping_status":"closed","template":"new.php","meta":{"inline_featured_image":false},"aioseo_notices":[],"_links":{"self":[{"href":"https:\/\/www.arigamix.com\/sl\/wp-json\/wp\/v2\/pages\/378"}],"collection":[{"href":"https:\/\/www.arigamix.com\/sl\/wp-json\/wp\/v2\/pages"}],"about":[{"href":"https:\/\/www.arigamix.com\/sl\/wp-json\/wp\/v2\/types\/page"}],"author":[{"embeddable":true,"href":"https:\/\/www.arigamix.com\/sl\/wp-json\/wp\/v2\/users\/5"}],"replies":[{"embeddable":true,"href":"https:\/\/www.arigamix.com\/sl\/wp-json\/wp\/v2\/comments?post=378"}],"version-history":[{"count":1,"href":"https:\/\/www.arigamix.com\/sl\/wp-json\/wp\/v2\/pages\/378\/revisions"}],"predecessor-version":[{"id":379,"href":"https:\/\/www.arigamix.com\/sl\/wp-json\/wp\/v2\/pages\/378\/revisions\/379"}],"up":[{"embeddable":true,"href":"https:\/\/www.arigamix.com\/sl\/wp-json\/wp\/v2\/pages\/353"}],"wp:featuredmedia":[{"embeddable":true,"href":"https:\/\/www.arigamix.com\/sl\/wp-json\/wp\/v2\/media\/339"}],"wp:attachment":[{"href":"https:\/\/www.arigamix.com\/sl\/wp-json\/wp\/v2\/media?parent=378"}],"curies":[{"name":"wp","href":"https:\/\/api.w.org\/{rel}","templated":true}]}}