{"id":368,"date":"2023-03-03T16:36:09","date_gmt":"2023-03-03T13:36:09","guid":{"rendered":"https:\/\/www.arigamix.com\/sl\/?page_id=368"},"modified":"2023-10-16T16:52:59","modified_gmt":"2023-10-16T13:52:59","slug":"z-veseljem-oznanjamo-lansiranje-nasega-novega-modula-whatsapp-bot","status":"publish","type":"page","link":"https:\/\/www.arigamix.com\/sl\/novice\/z-veseljem-oznanjamo-lansiranje-nasega-novega-modula-whatsapp-bot\/","title":{"rendered":"Z veseljem oznanjamo lansiranje na\u0161ega novega modula WhatsApp Bot"},"content":{"rendered":"<p><img loading=\"lazy\" class=\"wp-image-333 size-large aligncenter\" src=\"https:\/\/www.arigamix.com\/sl\/wp-content\/uploads\/2023\/05\/1-1024x679.jpg\" alt=\"\" width=\"660\" height=\"438\" srcset=\"https:\/\/www.arigamix.com\/sl\/wp-content\/uploads\/2023\/05\/1-1024x679.jpg 1024w, https:\/\/www.arigamix.com\/sl\/wp-content\/uploads\/2023\/05\/1-300x199.jpg 300w, https:\/\/www.arigamix.com\/sl\/wp-content\/uploads\/2023\/05\/1-768x509.jpg 768w, https:\/\/www.arigamix.com\/sl\/wp-content\/uploads\/2023\/05\/1.jpg 1280w\" sizes=\"(max-width: 660px) 100vw, 660px\" \/><\/p>\n<p>Z veseljem objavljamo lansiranje na\u0161ega novega modula WhatsApp Bot, ki je zasnovan tako, da na\u0161im strankam zagotovi u\u010dinkovitej\u0161i in uspe\u0161nej\u0161i na\u010din za vzpostavitev stika s skupino za podporo.<\/p>\n<p>Ko stranka po\u0161lje \ud83d\udce9 sporo\u010dilo prek WhatsAppa, modul WhatsApp Bot samodejno ustvari odgovor na podlagi strankine poizvedbe. Temu odgovoru se nato sledi in upravlja prek platforme Arigamix Service Desk, kjer lahko agenti za podporo strankam spremljajo potek poizvedbe in izvajajo potrebne ukrepe.<br \/>\nVse na\u0161e stranke vabimo, da preizkusijo novi modul WhatsApp Bot in iz prve roke izkusijo prednosti na\u0161e izbolj\u0161ane podpore strankam.<\/p>\n","protected":false},"excerpt":{"rendered":"<p>Z veseljem objavljamo lansiranje na\u0161ega novega modula WhatsApp Bot, ki je zasnovan tako, da na\u0161im strankam zagotovi u\u010dinkovitej\u0161i in uspe\u0161nej\u0161i na\u010din za vzpostavitev stika s skupino za podporo. Ko stranka po\u0161lje \ud83d\udce9 sporo\u010dilo prek WhatsAppa, modul WhatsApp Bot samodejno ustvari odgovor na podlagi strankine poizvedbe. Temu odgovoru se nato sledi in upravlja prek platforme Arigamix &hellip; <a href=\"https:\/\/www.arigamix.com\/sl\/novice\/z-veseljem-oznanjamo-lansiranje-nasega-novega-modula-whatsapp-bot\/\" class=\"more-link\">Continue reading <span class=\"screen-reader-text\">Z veseljem oznanjamo lansiranje na\u0161ega novega modula WhatsApp Bot<\/span><\/a><\/p>\n","protected":false},"author":5,"featured_media":333,"parent":353,"menu_order":0,"comment_status":"closed","ping_status":"closed","template":"new.php","meta":{"inline_featured_image":false},"aioseo_notices":[],"_links":{"self":[{"href":"https:\/\/www.arigamix.com\/sl\/wp-json\/wp\/v2\/pages\/368"}],"collection":[{"href":"https:\/\/www.arigamix.com\/sl\/wp-json\/wp\/v2\/pages"}],"about":[{"href":"https:\/\/www.arigamix.com\/sl\/wp-json\/wp\/v2\/types\/page"}],"author":[{"embeddable":true,"href":"https:\/\/www.arigamix.com\/sl\/wp-json\/wp\/v2\/users\/5"}],"replies":[{"embeddable":true,"href":"https:\/\/www.arigamix.com\/sl\/wp-json\/wp\/v2\/comments?post=368"}],"version-history":[{"count":2,"href":"https:\/\/www.arigamix.com\/sl\/wp-json\/wp\/v2\/pages\/368\/revisions"}],"predecessor-version":[{"id":375,"href":"https:\/\/www.arigamix.com\/sl\/wp-json\/wp\/v2\/pages\/368\/revisions\/375"}],"up":[{"embeddable":true,"href":"https:\/\/www.arigamix.com\/sl\/wp-json\/wp\/v2\/pages\/353"}],"wp:featuredmedia":[{"embeddable":true,"href":"https:\/\/www.arigamix.com\/sl\/wp-json\/wp\/v2\/media\/333"}],"wp:attachment":[{"href":"https:\/\/www.arigamix.com\/sl\/wp-json\/wp\/v2\/media?parent=368"}],"curies":[{"name":"wp","href":"https:\/\/api.w.org\/{rel}","templated":true}]}}