{"id":361,"date":"2023-04-13T16:03:51","date_gmt":"2023-04-13T13:03:51","guid":{"rendered":"https:\/\/www.arigamix.com\/sl\/?page_id=361"},"modified":"2023-10-16T17:32:08","modified_gmt":"2023-10-16T14:32:08","slug":"sodelujemo-na-konferenci-zauh-2023","status":"publish","type":"page","link":"https:\/\/www.arigamix.com\/sl\/novice\/sodelujemo-na-konferenci-zauh-2023\/","title":{"rendered":"Sodelujemo na konferenci ZAUH 2023"},"content":{"rendered":"<p>Sodelujemo na konferenci <a href=\"https:\/\/zauh.palsit.com\/\">ZAUH 2023<\/a> . Na\u0161a sodelavka Tanja\u00a0 \u010cavlovi\u010d je imela predstavitev na temo &#8220;Od elektronskega arhiva do servisne slu\u017ebe: Arigamix uredi vse&#8221;\u00a0 kjer je spregovorila o na\u0161i novi re\u0161itvi service desk, Whatsapp botu in predstavila glavne funkcionalnosti in zna\u010dilnosti na\u0161e univerzalne platforme Arigamix<br \/>\nVe\u010d informacij in ogled na\u0161e predstavitve lahko dobite s klikom na spodnjo povezavo:<\/p>\n<p><iframe loading=\"lazy\" title=\"Konferenca ZAUH &amp; INFOSEK ONLINE, 13.4.2023\" width=\"660\" height=\"371\" src=\"https:\/\/www.youtube.com\/embed\/jnLtguPVxf4?feature=oembed\" frameborder=\"0\" allow=\"accelerometer; autoplay; clipboard-write; encrypted-media; gyroscope; picture-in-picture; web-share\" allowfullscreen><\/iframe><\/p>\n<p>&nbsp;<\/p>\n","protected":false},"excerpt":{"rendered":"<p>Sodelujemo na konferenci ZAUH 2023 . Na\u0161a sodelavka Tanja\u00a0 \u010cavlovi\u010d je imela predstavitev na temo &#8220;Od elektronskega arhiva do servisne slu\u017ebe: Arigamix uredi vse&#8221;\u00a0 kjer je spregovorila o na\u0161i novi re\u0161itvi service desk, Whatsapp botu in predstavila glavne funkcionalnosti in zna\u010dilnosti na\u0161e univerzalne platforme Arigamix Ve\u010d informacij in ogled na\u0161e predstavitve lahko dobite s klikom &hellip; <a href=\"https:\/\/www.arigamix.com\/sl\/novice\/sodelujemo-na-konferenci-zauh-2023\/\" class=\"more-link\">Continue reading <span class=\"screen-reader-text\">Sodelujemo na konferenci ZAUH 2023<\/span><\/a><\/p>\n","protected":false},"author":5,"featured_media":364,"parent":353,"menu_order":0,"comment_status":"closed","ping_status":"closed","template":"new.php","meta":{"inline_featured_image":false},"aioseo_notices":[],"_links":{"self":[{"href":"https:\/\/www.arigamix.com\/sl\/wp-json\/wp\/v2\/pages\/361"}],"collection":[{"href":"https:\/\/www.arigamix.com\/sl\/wp-json\/wp\/v2\/pages"}],"about":[{"href":"https:\/\/www.arigamix.com\/sl\/wp-json\/wp\/v2\/types\/page"}],"author":[{"embeddable":true,"href":"https:\/\/www.arigamix.com\/sl\/wp-json\/wp\/v2\/users\/5"}],"replies":[{"embeddable":true,"href":"https:\/\/www.arigamix.com\/sl\/wp-json\/wp\/v2\/comments?post=361"}],"version-history":[{"count":7,"href":"https:\/\/www.arigamix.com\/sl\/wp-json\/wp\/v2\/pages\/361\/revisions"}],"predecessor-version":[{"id":389,"href":"https:\/\/www.arigamix.com\/sl\/wp-json\/wp\/v2\/pages\/361\/revisions\/389"}],"up":[{"embeddable":true,"href":"https:\/\/www.arigamix.com\/sl\/wp-json\/wp\/v2\/pages\/353"}],"wp:featuredmedia":[{"embeddable":true,"href":"https:\/\/www.arigamix.com\/sl\/wp-json\/wp\/v2\/media\/364"}],"wp:attachment":[{"href":"https:\/\/www.arigamix.com\/sl\/wp-json\/wp\/v2\/media?parent=361"}],"curies":[{"name":"wp","href":"https:\/\/api.w.org\/{rel}","templated":true}]}}